{"id":777751,"date":"2025-10-23T12:04:21","date_gmt":"2025-10-23T09:04:21","guid":{"rendered":"https:\/\/roveyayinevi.com.tr\/index.php\/urun\/boslugun-guncesi\/"},"modified":"2026-04-15T03:42:28","modified_gmt":"2026-04-15T00:42:28","slug":"boslugun-guncesi","status":"publish","type":"product","link":"https:\/\/roveyayinevi.com.tr\/index.php\/urun\/boslugun-guncesi\/","title":{"rendered":"Bo\u015flu\u011fun G\u00fcncesi"},"content":{"rendered":"<p>Karton boru imal eden bir \u015firketin tek kad\u0131n \u00e7al\u0131\u015fan\u0131 olan Shibata i\u00e7in o g\u00fcn de di\u011fer g\u00fcnlerden farks\u0131zd\u0131r. \u0130\u015fyerindeki sorumluluklar\u0131 meslekta\u015flar\u0131n\u0131n aksine kahve ikram\u0131, mutfak temizli\u011fi, \u015firketi ziyaret eden m\u00fc\u015fterilerin getirdi\u011fi tatl\u0131lar\u0131n da\u011f\u0131t\u0131m\u0131 gibi ad\u0131 konmam\u0131\u015f farkl\u0131 kalemler de i\u00e7eren Shibata, kat\u0131ld\u0131\u011f\u0131 bir toplant\u0131 sonras\u0131 kirli kahve kupalar\u0131n\u0131 temizlemeyi reddeder, hamile oldu\u011funu ve bu kokulara art\u0131k katlanamad\u0131\u011f\u0131n\u0131 s\u00f6yler. \u00c7al\u0131\u015fma arkada\u015flar\u0131 \u015fa\u015f\u0131rsalar da durumu kabullenirler. Fakat bilmedikleri bir \u015fey vard\u0131r: Shibata hamile de\u011fildir. \u015eimdi ikna edici g\u00f6r\u00fcnmek i\u00e7in \u00f6n\u00fcnde dokuz ayl\u0131k bir s\u00fcre\u00e7 vard\u0131r ve gen\u00e7 kad\u0131n \u00e7ok ge\u00e7meden durumun gereklerine kendini kapt\u0131r\u0131verir: karn\u0131na doldurdu\u011fu havlular, bebe\u011fin ayl\u0131k geli\u015fimini takip etti\u011fi Anne Bebek Uygulamas\u0131, ald\u0131\u011f\u0131 kilolar\u0131 vermek i\u00e7in kaydoldu\u011fu hamile aerobi\u011fi s\u0131n\u0131f\u0131&#8230; \u00c7ok ge\u00e7meden ger\u00e7ek ile yalan aras\u0131ndaki \u00e7izgi incelmeye ba\u015flar. Shibata i\u00e7inde b\u00fcy\u00fcyen yaln\u0131zl\u0131\u011f\u0131yla bar\u0131\u015fmak ile onun dayatt\u0131\u011f\u0131 ger\u00e7ekli\u011fe teslim olmak aras\u0131nda bir se\u00e7im yapmal\u0131d\u0131r. Emi Yagi, ona Osamu Dazai \u00d6d\u00fcl\u00fc\u2019n\u00fc kazand\u0131ran ve yirmi iki dile \u00e7evrilen Bo\u015flu\u011fun G\u00fcncesi\u2019yle kad\u0131nlar\u0131n \u00f6zellikle i\u015fyerlerinde kar\u015f\u0131la\u015ft\u0131\u011f\u0131 ayr\u0131mc\u0131l\u0131\u011fa i\u015faret ederken g\u00fcn\u00fcm\u00fcz Japonya\u2019s\u0131n\u0131n en b\u00fcy\u00fck sorunlar\u0131ndan olan yaln\u0131zl\u0131\u011f\u0131n varabilece\u011fi boyutlar\u0131 da d\u00fc\u015fsel bir atmosfer ve s\u0131rad\u0131\u015f\u0131 bir \u00fcslupla ele al\u0131yor. \u201cKad\u0131nlar\u0131n canl\u0131, yarat\u0131c\u0131 ve zengin i\u00e7 d\u00fcnyas\u0131 \u00fczerine okudu\u011fum en tutkulu romanlardan biri.\u201d \u2013The New Yorker \u201cG\u00fcn\u00fcm\u00fczde kad\u0131n olman\u0131n ne anlama geldi\u011fi \u00fczerine cevaplar i\u00e7eren bir roman&#8230; Shibata\u2019n\u0131n ba\u015fvurdu\u011fu kand\u0131rmaca m\u00fckemmel bir ba\u015fkald\u0131r\u0131 niteli\u011finde.\u201d \u2013Electric Literature <\/p>\n","protected":false},"excerpt":{"rendered":"<p>Karton boru imal eden bir \u015firketin tek kad\u0131n \u00e7al\u0131\u015fan\u0131 olan Shibata i\u00e7in o g\u00fcn de di\u011fer g\u00fcnlerden farks\u0131zd\u0131r. \u0130\u015fyerindeki sorumluluklar\u0131 meslekta\u015flar\u0131n\u0131n aksine kahve ikram\u0131, mutfak temizli\u011fi,<span class=\"excerpt-hellip\"> [\u2026]<\/span><\/p>\n","protected":false},"featured_media":0,"template":"","meta":{"_monsterinsights_skip_tracking":false,"_monsterinsights_sitenote_active":false,"_monsterinsights_sitenote_note":"","_monsterinsights_sitenote_category":0},"product_brand":[],"product_cat":[12291],"product_tag":[],"class_list":{"0":"post-777751","1":"product","2":"type-product","3":"status-publish","5":"product_cat-edebiyat","6":"pa_cilt-ciltsiz","7":"pa_tur-kitap","8":"pa_yayinevi-is-bankasi-kultur-yayinlari","9":"pa_yazar-emi-yagi","11":"first","12":"instock","13":"sale","14":"shipping-taxable","15":"purchasable","16":"product-type-simple"},"_links":{"self":[{"href":"https:\/\/roveyayinevi.com.tr\/index.php\/wp-json\/wp\/v2\/product\/777751","targetHints":{"allow":["GET"]}}],"collection":[{"href":"https:\/\/roveyayinevi.com.tr\/index.php\/wp-json\/wp\/v2\/product"}],"about":[{"href":"https:\/\/roveyayinevi.com.tr\/index.php\/wp-json\/wp\/v2\/types\/product"}],"wp:attachment":[{"href":"https:\/\/roveyayinevi.com.tr\/index.php\/wp-json\/wp\/v2\/media?parent=777751"}],"wp:term":[{"taxonomy":"product_brand","embeddable":true,"href":"https:\/\/roveyayinevi.com.tr\/index.php\/wp-json\/wp\/v2\/product_brand?post=777751"},{"taxonomy":"product_cat","embeddable":true,"href":"https:\/\/roveyayinevi.com.tr\/index.php\/wp-json\/wp\/v2\/product_cat?post=777751"},{"taxonomy":"product_tag","embeddable":true,"href":"https:\/\/roveyayinevi.com.tr\/index.php\/wp-json\/wp\/v2\/product_tag?post=777751"}],"curies":[{"name":"wp","href":"https:\/\/api.w.org\/{rel}","templated":true}]}}