{"id":777750,"date":"2025-10-23T12:03:55","date_gmt":"2025-10-23T09:03:55","guid":{"rendered":"https:\/\/roveyayinevi.com.tr\/index.php\/urun\/baba-kiz-dogada-orman-yolu\/"},"modified":"2026-04-15T03:42:25","modified_gmt":"2026-04-15T00:42:25","slug":"baba-kiz-dogada-orman-yolu","status":"publish","type":"product","link":"https:\/\/roveyayinevi.com.tr\/index.php\/urun\/baba-kiz-dogada-orman-yolu\/","title":{"rendered":"Baba K\u0131z Do\u011fada \u2018&#8217;Orman Yolu\u2019\u2019"},"content":{"rendered":"<p>Tabiat\u0131 Ke\u015ffetmek \u0130steyen, Tabiatta E\u011flenerek ve  \u00d6\u011frenerek Vakit Ge\u00e7irmek \u0130steyen                                  Ebeveyn ve \u00c7ocuklar i\u00e7in Etkinlik Tavsiyeli Harika Bir Kitap !    Erva ve Z\u00fcmra bahar\u0131n gelmesiyle canlanan tabiat\u0131 yak\u0131ndan g\u00f6rmek i\u00e7in babalar\u0131yla ormana giderler. Orman t\u00fcm samimiyetiyle kar\u015f\u0131lar \u00e7ocuklar\u0131. B\u00fct\u00fcn a\u011fa\u00e7lar k\u0131yafetlerini giymi\u015f, b\u00fct\u00fcn ku\u015flar tatilden d\u00f6nm\u00fc\u015ft\u00fcr. Bahar t\u00fcm ne\u015fesiyle gelmi\u015ftir. \u015eehrin g\u00fcr\u00fclt\u00fcs\u00fc yerini r\u00fczg\u00e2r\u0131n u\u011fultusuna, yapraklar\u0131n h\u0131\u015f\u0131rt\u0131s\u0131na, ku\u015flar\u0131n c\u0131v\u0131lt\u0131s\u0131na b\u0131rakm\u0131\u015ft\u0131r. Ormandaki canl\u0131lar\u0131 yak\u0131ndan tan\u0131mak,  ke\u015ffetmek i\u00e7in heyecanlanan \u00e7ocuklar ve aileler i\u00e7in Baba-K\u0131z Do\u011fada \u2018\u2019Orman Yolu\u2019\u2019 maceralar\u0131 ba\u015fl\u0131yor.          Bu kitap, s\u0131radan bir \u00e7ocuk kitab\u0131 de\u011fil. Her sayfas\u0131 ger\u00e7ek bir ya\u015fam hik\u00e2yesinin izlerini ta\u015f\u0131yan bu macera; bilimsel tekniklerle, fizik kurallar\u0131yla ve hayat\u0131n i\u00e7inden derslerle harmanlan\u0131yor. Bilimsel form\u00fclleri hayat\u0131n i\u00e7inden tabii bir anlat\u0131mla \u00f6rnekleyerek \u00e7ocuklar\u0131n i\u00e7indeki merak\u0131 ve sevgiyi diri tutmay\u0131 hedefliyor. Kitab\u0131n kahramanlar\u0131 ger\u00e7ek hayattan al\u0131nm\u0131\u015ft\u0131r. Ya\u015fad\u0131klar\u0131 olaylar, \u00e7\u0131kt\u0131klar\u0131 yolculuk ve verdikleri m\u00fccadele tamamen tecr\u00fcbe edilmi\u015f olaylar\u0131 anlatmaktad\u0131r. \u00c7ocuklar\u0131n hayal g\u00fcc\u00fcn\u00fc harekete ge\u00e7irirken, onlara bilimi ve do\u011fay\u0131 sevdiren bu eser; t\u00fcr\u00fcn\u00fcn tek \u00f6rne\u011fi say\u0131labilecek bir kurguyla, gelece\u011fin merakl\u0131 zihinlerine yeni pencereler a\u00e7\u0131yor. Bu hik\u00e2ye, \u00e7ocuklara sadece e\u011flenceli bir okuma deneyimi de\u011fil; ayn\u0131 zamanda bilimin hayat\u0131n tam ortas\u0131nda oldu\u011funu anlat\u0131yor.E\u011fer \u00e7ocu\u011funuzun hem ger\u00e7ek hayattan hem de bilimden ilham almas\u0131n\u0131, do\u011fayla kurdu\u011fu ba\u011f\u0131 kuvvetlendirmesini istiyorsan\u0131z; do\u011fru yerdesiniz. Sayfalar\u0131 \u00e7evirdik\u00e7e, bu orman\u0131n ve ger\u00e7ek kahramanlar\u0131n\u0131n d\u00fcnyas\u0131ndan kopmak istemeyeceksiniz. Haz\u0131rsan\u0131z, bu e\u015fsiz maceraya birlikte ba\u015flayal\u0131m. <\/p>\n","protected":false},"excerpt":{"rendered":"<p>Tabiat\u0131 Ke\u015ffetmek \u0130steyen, Tabiatta E\u011flenerek ve \u00d6\u011frenerek Vakit Ge\u00e7irmek \u0130steyen Ebeveyn ve \u00c7ocuklar i\u00e7in Etkinlik Tavsiyeli Harika Bir Kitap ! Erva ve Z\u00fcmra bahar\u0131n gelmesiyle canlanan<span class=\"excerpt-hellip\"> [\u2026]<\/span><\/p>\n","protected":false},"featured_media":0,"template":"","meta":{"_monsterinsights_skip_tracking":false,"_monsterinsights_sitenote_active":false,"_monsterinsights_sitenote_note":"","_monsterinsights_sitenote_category":0},"product_brand":[],"product_cat":[12274,12284],"product_tag":[],"class_list":{"0":"post-777750","1":"product","2":"type-product","3":"status-publish","5":"product_cat-cocuk-ve-genclik-kitaplari","6":"product_cat-hikayeler","7":"pa_cilt-ciltsiz","8":"pa_tur-kitap","9":"pa_yayinevi-hayat-yayinlari","10":"pa_yazar-murat-kurtal","12":"first","13":"instock","14":"sale","15":"shipping-taxable","16":"purchasable","17":"product-type-simple"},"_links":{"self":[{"href":"https:\/\/roveyayinevi.com.tr\/index.php\/wp-json\/wp\/v2\/product\/777750","targetHints":{"allow":["GET"]}}],"collection":[{"href":"https:\/\/roveyayinevi.com.tr\/index.php\/wp-json\/wp\/v2\/product"}],"about":[{"href":"https:\/\/roveyayinevi.com.tr\/index.php\/wp-json\/wp\/v2\/types\/product"}],"wp:attachment":[{"href":"https:\/\/roveyayinevi.com.tr\/index.php\/wp-json\/wp\/v2\/media?parent=777750"}],"wp:term":[{"taxonomy":"product_brand","embeddable":true,"href":"https:\/\/roveyayinevi.com.tr\/index.php\/wp-json\/wp\/v2\/product_brand?post=777750"},{"taxonomy":"product_cat","embeddable":true,"href":"https:\/\/roveyayinevi.com.tr\/index.php\/wp-json\/wp\/v2\/product_cat?post=777750"},{"taxonomy":"product_tag","embeddable":true,"href":"https:\/\/roveyayinevi.com.tr\/index.php\/wp-json\/wp\/v2\/product_tag?post=777750"}],"curies":[{"name":"wp","href":"https:\/\/api.w.org\/{rel}","templated":true}]}}