{"id":777747,"date":"2025-10-23T09:43:08","date_gmt":"2025-10-23T06:43:08","guid":{"rendered":"https:\/\/roveyayinevi.com.tr\/index.php\/urun\/alman-lawrence-ile-musluman-iii\/"},"modified":"2026-04-16T03:07:51","modified_gmt":"2026-04-16T00:07:51","slug":"alman-lawrence-ile-musluman-iii","status":"publish","type":"product","link":"https:\/\/roveyayinevi.com.tr\/index.php\/urun\/alman-lawrence-ile-musluman-iii\/","title":{"rendered":"\u2018\u2018Alman Lawrence\u2019\u2019 \u0130le \u2018\u2018M\u00fcsl\u00fcman\u2019\u2019 -III"},"content":{"rendered":"<p>Alman D\u0131\u015fi\u015fleri Belgeleri&#8217;nde \u0130n\u00f6n\u00fc y\u00f6netiminin, \u00fclkeyi sava\u015fa sokmamak i\u00e7in b\u00fcy\u00fck \u00e7aba harcad\u0131\u011f\u0131n\u0131 g\u00f6r\u00fcyoruz. Elbette yurdun emperyalistlerce sava\u015fa itilmesi istenmez. Buna kar\u015f\u0131 her yoldan direnme, ak\u0131l mant\u0131kla, birtak\u0131m pazarl\u0131klar ve \u00f6d\u00fcnle sa\u011flanmas\u0131 da me\u015fru, zorunlu da olabilir. Ancak bu &#8220;esneklik&#8221; ve \u00f6d\u00fcnlerin s\u0131n\u0131r\u0131 nerededir? &#8220;Yeterince silah\u0131m\u0131z yok&#8221; bahanesi \u00f6ne s\u00fcr\u00fcl\u00fcrken en modern silahlar\u0131n a\u00e7\u0131kta pasland\u0131r\u0131l\u0131p \u00e7\u00fcr\u00fct\u00fclmesi, nazi sald\u0131rganlar\u0131na kar\u015f\u0131 \u00f6l\u00fcm kal\u0131m sava\u015f\u0131 veren &#8220;eski dost&#8221; Sovyetler Birli\u011fi&#8217;nin arkadan vurulmas\u0131, bitmi\u015f nazi rejimine neredeyse son g\u00fcnlerine dek el alt\u0131ndan malzeme verilmesi, nice nazi eskisinin T&#8217;de bar\u0131nak bulup tepedekilerle akrabal\u0131klar kurmas\u0131, &#8220;asimilasyonu&#8221;, bu &#8220;kara enternasyonalde teksoylula\u015fma&#8221;, \u0130svi\u00e7re kasalar\u0131na y\u0131\u011f\u0131lan kanl\u0131 nazi alt\u0131nlar\u0131yla k\u00f6\u015fe d\u00f6nmeler, \u00fclke i\u00e7inde gayrim\u00fcslimlere y\u00f6nelik gasp, k\u00fcrt ve kom\u00fcnistlere yok etmecesine ter\u00f6r, bu s\u0131n\u0131r\u0131n \u00e7ok \u00f6tesindedir. Bunlarda niyetin, ba\u011f\u0131ms\u0131zl\u0131k falan de\u011fil, \u00fclkeye h\u00fckmeden k\u00fc\u00e7\u00fck bir az\u0131nl\u0131\u011f\u0131n \u00e7\u00f6pl\u00fck derdi oldu\u011fu ve bu yolda her ahl\u00e2ks\u0131zl\u0131\u011f\u0131n yolunun a\u00e7\u0131ld\u0131\u011f\u0131 \u00e7ok bellidir. Bu &#8220;cing\u00f6z onursuzlu\u011fu&#8221; on y\u0131llar boyunca g\u00f6klere \u00e7\u0131kar\u0131lm\u0131\u015f, emek\u00e7i y\u0131\u011f\u0131nlar\u0131na &#8220;ahl\u00e2k&#8221; diye telkin edilmi\u015f, g\u00fcruhla\u015fman\u0131n yollar\u0131 a\u00e7\u0131lm\u0131\u015ft\u0131r. T\u00fcrkiye&#8217;mizin bug\u00fcnk\u00fc sorunlar\u0131n\u0131n temelleri alman fa\u015fizminin d\u00fcnya sava\u015f\u0131 ve bu sava\u015fta bunlarla kol kola yurdumuza kan kusturan t\u00fcrk\u00e7\u00fc-islamc\u0131 \u00e7evreler taraf\u0131ndan at\u0131lm\u0131\u015ft\u0131r. Bug\u00fcn\u00fcn ta\u015flar\u0131 o g\u00fcnlerde d\u00f6\u015fenmi\u015ftir. Serdar Din\u00e7er <\/p>\n","protected":false},"excerpt":{"rendered":"<p>Alman D\u0131\u015fi\u015fleri Belgeleri&#8217;nde \u0130n\u00f6n\u00fc y\u00f6netiminin, \u00fclkeyi sava\u015fa sokmamak i\u00e7in b\u00fcy\u00fck \u00e7aba harcad\u0131\u011f\u0131n\u0131 g\u00f6r\u00fcyoruz. Elbette yurdun emperyalistlerce sava\u015fa itilmesi istenmez. Buna kar\u015f\u0131 her yoldan direnme, ak\u0131l mant\u0131kla,<span class=\"excerpt-hellip\"> [\u2026]<\/span><\/p>\n","protected":false},"featured_media":0,"template":"","meta":{"_monsterinsights_skip_tracking":false,"_monsterinsights_sitenote_active":false,"_monsterinsights_sitenote_note":"","_monsterinsights_sitenote_category":0},"product_brand":[],"product_cat":[12370,12304],"product_tag":[],"class_list":{"0":"post-777747","1":"product","2":"type-product","3":"status-publish","5":"product_cat-arastirma-inceleme","6":"product_cat-tarih","7":"pa_cilt-ciltsiz","8":"pa_tur-kitap","9":"pa_yayinevi-favori-yayinlari","10":"pa_yazar-serdar-dincer","12":"first","13":"instock","14":"sale","15":"shipping-taxable","16":"purchasable","17":"product-type-simple"},"_links":{"self":[{"href":"https:\/\/roveyayinevi.com.tr\/index.php\/wp-json\/wp\/v2\/product\/777747","targetHints":{"allow":["GET"]}}],"collection":[{"href":"https:\/\/roveyayinevi.com.tr\/index.php\/wp-json\/wp\/v2\/product"}],"about":[{"href":"https:\/\/roveyayinevi.com.tr\/index.php\/wp-json\/wp\/v2\/types\/product"}],"wp:attachment":[{"href":"https:\/\/roveyayinevi.com.tr\/index.php\/wp-json\/wp\/v2\/media?parent=777747"}],"wp:term":[{"taxonomy":"product_brand","embeddable":true,"href":"https:\/\/roveyayinevi.com.tr\/index.php\/wp-json\/wp\/v2\/product_brand?post=777747"},{"taxonomy":"product_cat","embeddable":true,"href":"https:\/\/roveyayinevi.com.tr\/index.php\/wp-json\/wp\/v2\/product_cat?post=777747"},{"taxonomy":"product_tag","embeddable":true,"href":"https:\/\/roveyayinevi.com.tr\/index.php\/wp-json\/wp\/v2\/product_tag?post=777747"}],"curies":[{"name":"wp","href":"https:\/\/api.w.org\/{rel}","templated":true}]}}