{"id":777746,"date":"2025-10-23T09:40:47","date_gmt":"2025-10-23T06:40:47","guid":{"rendered":"https:\/\/roveyayinevi.com.tr\/index.php\/urun\/bana-oyle-bakma-3\/"},"modified":"2025-10-23T09:40:47","modified_gmt":"2025-10-23T06:40:47","slug":"bana-oyle-bakma-3","status":"publish","type":"product","link":"https:\/\/roveyayinevi.com.tr\/index.php\/urun\/bana-oyle-bakma-3\/","title":{"rendered":"Bana \u00d6yle Bakma"},"content":{"rendered":"<p>Bana \u00d6yle Bakma&#8217;n\u0131n yenilenmi\u015f bask\u0131s\u0131 okurlar\u0131yla bulu\u015fuyor.&#8221;Beni oldu\u011fum gibi sevecek, nas\u0131l g\u00f6r\u00fcn\u00fcyorsam \u00f6yle kabul edecek arkada\u015flara ihtiyac\u0131m var.Benimle dalga ge\u00e7me!Beni rahats\u0131z etme!Bana \u00f6yle bakma!\u2019\u2019Bugu\u0308ne kadar sadece Tu\u0308rkiye\u2019de deg\u0306il, I\u0307spanyolca, Katalanca, I\u0307ngilizce, Arapc\u0327a, Korece, C\u0327ince, I\u0307ngilizce gibi birc\u0327ok dile c\u0327evrilerek du\u0308nyada da binlerce c\u0327ocug\u0306un sesi olan Bana O\u0308yle Bakma, rahats\u0131z edici bak\u0131s\u0327lar\u0131n hedefi haline gelen herkesin elinden tutuyor.C\u0327ag\u0306das\u0327 c\u0327ocuk edebiyat\u0131n\u0131n sevilen yazar\u0131 Go\u0308kc\u0327e Go\u0308kc\u0327eer, duygu durumlar\u0131n\u0131 incelikle anlat\u0131rken her c\u0327ocug\u0306un biriciklig\u0306ine ve c\u0327es\u0327itlilig\u0306in o\u0308nemine dikkat c\u0327ekmek istiyor. Pelin Turgut\u2019un renga\u0302renk ve o\u0308zgu\u0308n desenleri, her yas\u0327tan okura kendini iyi hissettiriyor.<\/p>\n","protected":false},"excerpt":{"rendered":"<p>Bana \u00d6yle Bakma&#8217;n\u0131n yenilenmi\u015f bask\u0131s\u0131 okurlar\u0131yla bulu\u015fuyor.&#8221;Beni oldu\u011fum gibi sevecek, nas\u0131l g\u00f6r\u00fcn\u00fcyorsam \u00f6yle kabul edecek arkada\u015flara ihtiyac\u0131m var.Benimle dalga ge\u00e7me!Beni rahats\u0131z etme!Bana \u00f6yle bakma!\u2019\u2019Bugu\u0308ne kadar sadece<span class=\"excerpt-hellip\"> [\u2026]<\/span><\/p>\n","protected":false},"featured_media":0,"template":"","meta":{"_monsterinsights_skip_tracking":false,"_monsterinsights_sitenote_active":false,"_monsterinsights_sitenote_note":"","_monsterinsights_sitenote_category":0},"product_brand":[],"product_cat":[12274,12284],"product_tag":[],"class_list":{"0":"post-777746","1":"product","2":"type-product","3":"status-publish","5":"product_cat-cocuk-ve-genclik-kitaplari","6":"product_cat-hikayeler","7":"pa_cilt-ciltsiz","8":"pa_tur-kitap","9":"pa_yayinevi-meav-yayincilik","10":"pa_yazar-gokce-gokceer","12":"first","13":"instock","14":"sale","15":"shipping-taxable","16":"purchasable","17":"product-type-simple"},"_links":{"self":[{"href":"https:\/\/roveyayinevi.com.tr\/index.php\/wp-json\/wp\/v2\/product\/777746","targetHints":{"allow":["GET"]}}],"collection":[{"href":"https:\/\/roveyayinevi.com.tr\/index.php\/wp-json\/wp\/v2\/product"}],"about":[{"href":"https:\/\/roveyayinevi.com.tr\/index.php\/wp-json\/wp\/v2\/types\/product"}],"wp:attachment":[{"href":"https:\/\/roveyayinevi.com.tr\/index.php\/wp-json\/wp\/v2\/media?parent=777746"}],"wp:term":[{"taxonomy":"product_brand","embeddable":true,"href":"https:\/\/roveyayinevi.com.tr\/index.php\/wp-json\/wp\/v2\/product_brand?post=777746"},{"taxonomy":"product_cat","embeddable":true,"href":"https:\/\/roveyayinevi.com.tr\/index.php\/wp-json\/wp\/v2\/product_cat?post=777746"},{"taxonomy":"product_tag","embeddable":true,"href":"https:\/\/roveyayinevi.com.tr\/index.php\/wp-json\/wp\/v2\/product_tag?post=777746"}],"curies":[{"name":"wp","href":"https:\/\/api.w.org\/{rel}","templated":true}]}}