{"id":777743,"date":"2025-10-23T08:30:10","date_gmt":"2025-10-23T05:30:10","guid":{"rendered":"https:\/\/roveyayinevi.com.tr\/index.php\/urun\/yeni-baslayanlar-icin-piyano-ogreniyorum\/"},"modified":"2025-11-10T08:23:47","modified_gmt":"2025-11-10T05:23:47","slug":"yeni-baslayanlar-icin-piyano-ogreniyorum","status":"publish","type":"product","link":"https:\/\/roveyayinevi.com.tr\/index.php\/urun\/yeni-baslayanlar-icin-piyano-ogreniyorum\/","title":{"rendered":"Yeni Ba\u015flayanlar \u0130\u00e7in Piyano \u00d6\u011freniyorum"},"content":{"rendered":"<p>Bu kitap piyanoya yeni ba\u015flayan \u00e7ocuklar i\u00e7in haz\u0131rlanm\u0131\u015ft\u0131r. Kitapta 13 farkl\u0131 pozisyonda 88 adet ba\u015flang\u0131\u00e7 piyano seviyesine uygun ve her biri sekiz \u00f6l\u00e7\u00fcden olu\u015fan basit par\u00e7alar bulunmaktad\u0131r. Kitaptaki par\u00e7alar T\u00fcrkiye\u2019de yo\u011fun olarak \u00e7ocuklar i\u00e7in kullan\u0131lan ba\u015flang\u0131\u00e7 piyano metodlar\u0131 incelenerek, bu metodlarda i\u015flenen konulara destek amac\u0131yla haz\u0131rlanm\u0131\u015ft\u0131r. 13 farkl\u0131 pozisyonda ve farkl\u0131 t\u0131n\u0131larda (maj\u00f6r-min\u00f6r-makamsal) haz\u0131rlanm\u0131\u015f bu par\u00e7alar ba\u015flang\u0131\u00e7 d\u00fczeyindeki \u00f6\u011frencinin hem pozisyon bilgisini hem de farkl\u0131 t\u0131n\u0131larda par\u00e7alar \u00e7alarak piyano hakimiyetini geli\u015ftirecektir. Kitaptaki par\u00e7alar \u00f6zellikle diyez ve bemollerin (siyah tu\u015flar) kullan\u0131m\u0131 ve bu tu\u015flara y\u00f6nelik teknik hakimiyetin geli\u015ftirilmesi a\u00e7\u0131s\u0131ndan \u00f6zenle haz\u0131rlanm\u0131\u015ft\u0131r.Ayr\u0131ca bu kitaptaki 81 par\u00e7a s\u0131ras\u0131yla T\u00fcrkiye il plaka kodlar\u0131 ve isimleri ile adland\u0131r\u0131lm\u0131\u015ft\u0131r. Son 7 par\u00e7a ise T\u00fcrkiye\u2019deki co\u011frafi b\u00f6lge isimleri ile adland\u0131r\u0131lm\u0131\u015ft\u0131r. Kitab\u0131n \u00f6n ve arka kapaklar\u0131ndaki T\u00fcrkiye haritas\u0131 boyamalar\u0131 ile bu kitap hem e\u011fitici hem de k\u00fclt\u00fcrel kazan\u0131mlarla dolu bir \u00e7al\u0131\u015fma \u00f6zelli\u011fi ta\u015f\u0131maktad\u0131r. Piyanoda g\u00fczel melodilerle ho\u015f vakitler ge\u00e7irmenizi diliyorum.<\/p>\n","protected":false},"excerpt":{"rendered":"<p>Bu kitap piyanoya yeni ba\u015flayan \u00e7ocuklar i\u00e7in haz\u0131rlanm\u0131\u015ft\u0131r. Kitapta 13 farkl\u0131 pozisyonda 88 adet ba\u015flang\u0131\u00e7 piyano seviyesine uygun ve her biri sekiz \u00f6l\u00e7\u00fcden olu\u015fan basit par\u00e7alar<span class=\"excerpt-hellip\"> [\u2026]<\/span><\/p>\n","protected":false},"featured_media":0,"template":"","meta":{"_monsterinsights_skip_tracking":false,"_monsterinsights_sitenote_active":false,"_monsterinsights_sitenote_note":"","_monsterinsights_sitenote_category":0},"product_brand":[],"product_cat":[14556,20810],"product_tag":[],"class_list":{"0":"post-777743","1":"product","2":"type-product","3":"status-publish","5":"product_cat-muzik","6":"product_cat-ogrenim-kitaplari","7":"pa_cilt-ciltsiz","8":"pa_tur-kitap","9":"pa_yayinevi-kitapol-yayinlari","10":"pa_yazar-baris-toptas","12":"first","13":"instock","14":"sale","15":"shipping-taxable","16":"purchasable","17":"product-type-simple"},"_links":{"self":[{"href":"https:\/\/roveyayinevi.com.tr\/index.php\/wp-json\/wp\/v2\/product\/777743","targetHints":{"allow":["GET"]}}],"collection":[{"href":"https:\/\/roveyayinevi.com.tr\/index.php\/wp-json\/wp\/v2\/product"}],"about":[{"href":"https:\/\/roveyayinevi.com.tr\/index.php\/wp-json\/wp\/v2\/types\/product"}],"wp:attachment":[{"href":"https:\/\/roveyayinevi.com.tr\/index.php\/wp-json\/wp\/v2\/media?parent=777743"}],"wp:term":[{"taxonomy":"product_brand","embeddable":true,"href":"https:\/\/roveyayinevi.com.tr\/index.php\/wp-json\/wp\/v2\/product_brand?post=777743"},{"taxonomy":"product_cat","embeddable":true,"href":"https:\/\/roveyayinevi.com.tr\/index.php\/wp-json\/wp\/v2\/product_cat?post=777743"},{"taxonomy":"product_tag","embeddable":true,"href":"https:\/\/roveyayinevi.com.tr\/index.php\/wp-json\/wp\/v2\/product_tag?post=777743"}],"curies":[{"name":"wp","href":"https:\/\/api.w.org\/{rel}","templated":true}]}}