{"id":777740,"date":"2025-10-23T06:42:39","date_gmt":"2025-10-23T03:42:39","guid":{"rendered":"https:\/\/roveyayinevi.com.tr\/index.php\/urun\/mavi-sehir-sari-sehir-ciltli\/"},"modified":"2025-11-21T06:40:14","modified_gmt":"2025-11-21T03:40:14","slug":"mavi-sehir-sari-sehir-ciltli","status":"publish","type":"product","link":"https:\/\/roveyayinevi.com.tr\/index.php\/urun\/mavi-sehir-sari-sehir-ciltli\/","title":{"rendered":"Mavi \u015eehir &#8211; Sar\u0131 \u015eehir (Ciltli)"},"content":{"rendered":"<p>Bir nehrin iki yakas\u0131na kurulmu\u015f iki \u015fehir&#8230;\u0130ki \u015fehri birbirine ba\u011flayan eski bir k\u00f6pr\u00fc&#8230;Bir nehir ve bir k\u00f6pr\u00fc iki \u015fehri ay\u0131r\u0131r m\u0131, birle\u015ftirir mi?ABM Yay\u0131nevi\u2019nin yeni kitab\u0131 \u201cMavi \u015eehir Sar\u0131 \u015eehir\u201d k\u00fcresel bir konuyu yal\u0131n bir metin ve etkileyici resimlerle sunuyor.Aralar\u0131ndan bir nehir ge\u00e7en ve bir k\u00f6pr\u00fcyle birbirine ba\u011flanan iki \u015fehirden mavi olan\u0131 \u015femsiyeleriyle \u00fcnl\u00fcd\u00fcr; sar\u0131 olan\u0131 ise ayakkab\u0131lar\u0131yla&#8230; \u0130ki \u015fehri birbirine ba\u011flayan eski k\u00f6pr\u00fcn\u00fcn onar\u0131lmas\u0131na karar verilince i\u015fler kar\u0131\u015f\u0131r. O g\u00fcne dek uyum i\u00e7inde ya\u015fayan insanlar i\u00e7in art\u0131k kar\u015f\u0131 k\u0131y\u0131dakiler \u201c\u00f6teki\u201d olmu\u015ftur.Her ikisi de H\u0131rvat olan yazar Ljerka Rebrovic ve ill\u00fcstrat\u00f6r Ivana Pipal\u2019in i\u015fbirli\u011finin \u00fcr\u00fcn\u00fc olan \u201cMavi \u015eehir Sar\u0131 \u015eehir\u201d d\u00fcnyan\u0131n herhangi bir yerinde ya\u015fanabilecek bir olay\u0131 hikaye ediyor.\u201cMavi \u015eehir Sar\u0131 \u015eehir\u201d okura kar\u015f\u0131tl\u0131klar, anla\u015fmazl\u0131klar ve fikir ayr\u0131l\u0131klar\u0131n\u0131n hangi nokta lara varabilece\u011fini g\u00f6steriyor ve sonunda uyum ve uzla\u015fman\u0131n g\u00fczelli\u011fini y\u00fcceltiyor.<\/p>\n","protected":false},"excerpt":{"rendered":"<p>Bir nehrin iki yakas\u0131na kurulmu\u015f iki \u015fehir&#8230;\u0130ki \u015fehri birbirine ba\u011flayan eski bir k\u00f6pr\u00fc&#8230;Bir nehir ve bir k\u00f6pr\u00fc iki \u015fehri ay\u0131r\u0131r m\u0131, birle\u015ftirir mi?ABM Yay\u0131nevi\u2019nin yeni kitab\u0131<span class=\"excerpt-hellip\"> [\u2026]<\/span><\/p>\n","protected":false},"featured_media":0,"template":"","meta":{"_monsterinsights_skip_tracking":false,"_monsterinsights_sitenote_active":false,"_monsterinsights_sitenote_note":"","_monsterinsights_sitenote_category":0},"product_brand":[],"product_cat":[12275,12274],"product_tag":[],"class_list":{"0":"post-777740","1":"product","2":"type-product","3":"status-publish","5":"product_cat-6-12-yas-kitaplari","6":"product_cat-cocuk-ve-genclik-kitaplari","7":"pa_cilt-ciltli","8":"pa_tur-kitap","9":"pa_yayinevi-abm-yayinevi","10":"pa_yazar-ljerka-rebrovic","12":"first","13":"instock","14":"sale","15":"shipping-taxable","16":"purchasable","17":"product-type-simple"},"_links":{"self":[{"href":"https:\/\/roveyayinevi.com.tr\/index.php\/wp-json\/wp\/v2\/product\/777740","targetHints":{"allow":["GET"]}}],"collection":[{"href":"https:\/\/roveyayinevi.com.tr\/index.php\/wp-json\/wp\/v2\/product"}],"about":[{"href":"https:\/\/roveyayinevi.com.tr\/index.php\/wp-json\/wp\/v2\/types\/product"}],"wp:attachment":[{"href":"https:\/\/roveyayinevi.com.tr\/index.php\/wp-json\/wp\/v2\/media?parent=777740"}],"wp:term":[{"taxonomy":"product_brand","embeddable":true,"href":"https:\/\/roveyayinevi.com.tr\/index.php\/wp-json\/wp\/v2\/product_brand?post=777740"},{"taxonomy":"product_cat","embeddable":true,"href":"https:\/\/roveyayinevi.com.tr\/index.php\/wp-json\/wp\/v2\/product_cat?post=777740"},{"taxonomy":"product_tag","embeddable":true,"href":"https:\/\/roveyayinevi.com.tr\/index.php\/wp-json\/wp\/v2\/product_tag?post=777740"}],"curies":[{"name":"wp","href":"https:\/\/api.w.org\/{rel}","templated":true}]}}