{"id":777739,"date":"2025-10-23T06:31:01","date_gmt":"2025-10-23T03:31:01","guid":{"rendered":"https:\/\/roveyayinevi.com.tr\/index.php\/urun\/cehaletin-tahsili\/"},"modified":"2025-10-23T06:31:01","modified_gmt":"2025-10-23T03:31:01","slug":"cehaletin-tahsili","status":"publish","type":"product","link":"https:\/\/roveyayinevi.com.tr\/index.php\/urun\/cehaletin-tahsili\/","title":{"rendered":"Cehaletin Tahsili"},"content":{"rendered":"<p>\u0130nsan bilmeden bir i\u015f yapamaz. Bilginin ba\u015f\u0131 okumakt\u0131r. Bilgi iyidir, bilginin k\u00f6t\u00fcs\u00fc olmaz. \u0130nsan bilgiyi iyi veya k\u00f6t\u00fc kullanabilir. Bundan dolay\u0131 insan iyilik i\u00e7in yeti\u015fmelidir. &#8230;\u0130lim elde edilir, kazan\u0131l\u0131r, \u00e7\u00fcnk\u00fc varl\u0131ksal bir nesnelli\u011fi, a\u00e7\u0131klamas\u0131, kavram\u0131 ve anlam\u0131 vard\u0131r. Cehalet olumsuzluktur, yokluktur, nesnelli\u011fi ve ne&#8217;li\u011fi a\u00e7\u0131klanamaz ve kavram\u0131 da yoktur. \u00d6yle ise cehaleti tahsil etmenin anlam\u0131 nedir, bu sa\u00e7ma de\u011fil mi? <\/p>\n","protected":false},"excerpt":{"rendered":"<p>\u0130nsan bilmeden bir i\u015f yapamaz. Bilginin ba\u015f\u0131 okumakt\u0131r. Bilgi iyidir, bilginin k\u00f6t\u00fcs\u00fc olmaz. \u0130nsan bilgiyi iyi veya k\u00f6t\u00fc kullanabilir. Bundan dolay\u0131 insan iyilik i\u00e7in yeti\u015fmelidir. &#8230;\u0130lim<span class=\"excerpt-hellip\"> [\u2026]<\/span><\/p>\n","protected":false},"featured_media":0,"template":"","meta":{"_monsterinsights_skip_tracking":false,"_monsterinsights_sitenote_active":false,"_monsterinsights_sitenote_note":"","_monsterinsights_sitenote_category":0},"product_brand":[],"product_cat":[20351,12388],"product_tag":[],"class_list":{"0":"post-777739","1":"product","2":"type-product","3":"status-publish","5":"product_cat-dusunce","6":"product_cat-felsefe","7":"pa_cilt-ciltsiz","8":"pa_tur-kitap","9":"pa_yayinevi-destek-yayinlari","10":"pa_yazar-huseyin-atay","12":"first","13":"instock","14":"sale","15":"shipping-taxable","16":"purchasable","17":"product-type-simple"},"_links":{"self":[{"href":"https:\/\/roveyayinevi.com.tr\/index.php\/wp-json\/wp\/v2\/product\/777739","targetHints":{"allow":["GET"]}}],"collection":[{"href":"https:\/\/roveyayinevi.com.tr\/index.php\/wp-json\/wp\/v2\/product"}],"about":[{"href":"https:\/\/roveyayinevi.com.tr\/index.php\/wp-json\/wp\/v2\/types\/product"}],"wp:attachment":[{"href":"https:\/\/roveyayinevi.com.tr\/index.php\/wp-json\/wp\/v2\/media?parent=777739"}],"wp:term":[{"taxonomy":"product_brand","embeddable":true,"href":"https:\/\/roveyayinevi.com.tr\/index.php\/wp-json\/wp\/v2\/product_brand?post=777739"},{"taxonomy":"product_cat","embeddable":true,"href":"https:\/\/roveyayinevi.com.tr\/index.php\/wp-json\/wp\/v2\/product_cat?post=777739"},{"taxonomy":"product_tag","embeddable":true,"href":"https:\/\/roveyayinevi.com.tr\/index.php\/wp-json\/wp\/v2\/product_tag?post=777739"}],"curies":[{"name":"wp","href":"https:\/\/api.w.org\/{rel}","templated":true}]}}