{"id":777738,"date":"2025-10-23T06:10:09","date_gmt":"2025-10-23T03:10:09","guid":{"rendered":"https:\/\/roveyayinevi.com.tr\/index.php\/urun\/mor-g\/"},"modified":"2026-04-15T02:43:39","modified_gmt":"2026-04-14T23:43:39","slug":"mor-g","status":"publish","type":"product","link":"https:\/\/roveyayinevi.com.tr\/index.php\/urun\/mor-g\/","title":{"rendered":"Mor-G"},"content":{"rendered":"<p>\u201cArt\u0131k b\u00fct\u00fcn d\u00fcnya \u00e7\u0131\u011f\u0131r\u0131ndan \u00e7\u0131km\u0131\u015ft\u0131. \u00dcstelik kimse bunu zerre kadar \u00f6nemsemiyordu. Bir dolu uluslararas\u0131 kongreler d\u00fczenledi ama hi\u00e7biri bilimadamlar\u0131n\u0131n egolar\u0131n\u0131 tatmin etti\u011fi toplant\u0131lardan \u00f6teye ge\u00e7emedi.Devlet ba\u015fkanlar\u0131 bir araya gelip al\u0131nabilecek \u00f6nlemler konusunda g\u00f6r\u00fc\u015fmeler yapt\u0131 ama her birinde para \u00e7ok daha de\u011ferli bir g\u00fc\u00e7 olarak \u00e7\u0131kt\u0131 ortaya. K\u0131sa zaman sonra d\u00fcnyan\u0131n b\u00fcy\u00fck felaketler ya\u015fayaca\u011f\u0131n\u0131 bildikleri halde, kimse hi\u00e7bir \u015fey yapmad\u0131. Konuyla ilgili en duyarl\u0131 olanlar, d\u00fcnyaya yeni bir \u00e7ocuk getirmemeyi tercih ettiler en fazla.D\u00fc\u015f\u00fcnebiliyor musun?D\u00fcnya bitti&#8230;Bu kadar!Ne zaman ki bu son noktaya gelindi, i\u015fte o vakit MOR\u2019un s\u00f6yledi\u011fi oldu. \u0130nsan kendi t\u00fcr\u00fcn\u00fcn devam\u0131n\u0131 sa\u011flamak i\u00e7g\u00fcd\u00fcs\u00fcyle \u00e7\u0131lg\u0131nca bir \u00f6nlem ald\u0131. \u0130nsan\u0131 yok etmeden, d\u00fcnyay\u0131 insandan kurtarman\u0131n yolu bulundu.B\u00fcnyesi zay\u0131f olanlar\u0131 ve ya\u015fl\u0131lar\u0131 \u00f6ld\u00fcren bir vir\u00fcs\u00fcn h\u0131zla yay\u0131ld\u0131\u011f\u0131 korkusuyla insanlar\u0131 evlerine kapatt\u0131lar.Neyse ki \u00e7ok ge\u00e7meden T\u00fcrkiye\u2019de bir bilimadam\u0131 vir\u00fcs\u00fcn a\u015f\u0131s\u0131n\u0131 buldu\u011funu iddia ederek \u00e7\u0131kt\u0131 ortaya.Ad\u0131 Nuh Ulak&#8230; Senin b\u00fcy\u00fck b\u00fcy\u00fck b\u00fcy\u00fck b\u00fcy\u00fck amcan yani&#8230;\u201dKahraman Tazeo\u011flu ve M. H. Kan\u2019\u0131n kaleme ald\u0131\u011f\u0131 distopik romanlar serisinin ilk kitab\u0131 MOR, d\u00fcnyay\u0131 bekleyen salg\u0131n hastal\u0131klar\u0131n kap\u0131da oldu\u011funu \u00f6ng\u00f6rerek, nefes kesici kurgusuyla okura e\u015fsiz bir gelecek deneyimi ya\u015fatm\u0131\u015ft\u0131. Serinin ikinci kitab\u0131 MOR-G ise salg\u0131nlardan sonraki d\u00fcnyan\u0131n t\u00fcyler \u00fcrpertici yeni d\u00fczenini son derece ger\u00e7ek\u00e7i bir d\u00fc\u015f\u00fcnce yap\u0131s\u0131yla tahayy\u00fcl ediyor.<\/p>\n","protected":false},"excerpt":{"rendered":"<p>\u201cArt\u0131k b\u00fct\u00fcn d\u00fcnya \u00e7\u0131\u011f\u0131r\u0131ndan \u00e7\u0131km\u0131\u015ft\u0131. \u00dcstelik kimse bunu zerre kadar \u00f6nemsemiyordu. Bir dolu uluslararas\u0131 kongreler d\u00fczenledi ama hi\u00e7biri bilimadamlar\u0131n\u0131n egolar\u0131n\u0131 tatmin etti\u011fi toplant\u0131lardan \u00f6teye ge\u00e7emedi.Devlet ba\u015fkanlar\u0131<span class=\"excerpt-hellip\"> [\u2026]<\/span><\/p>\n","protected":false},"featured_media":0,"template":"","meta":{"_monsterinsights_skip_tracking":false,"_monsterinsights_sitenote_active":false,"_monsterinsights_sitenote_note":"","_monsterinsights_sitenote_category":0},"product_brand":[],"product_cat":[12291,12711],"product_tag":[],"class_list":{"0":"post-777738","1":"product","2":"type-product","3":"status-publish","5":"product_cat-edebiyat","6":"product_cat-roman-oyku","7":"pa_cilt-ciltsiz","8":"pa_tur-kitap","9":"pa_yayinevi-destek-yayinlari","10":"pa_yazar-kahraman-tazeoglu-m-h-kan","12":"first","13":"instock","14":"sale","15":"shipping-taxable","16":"purchasable","17":"product-type-simple"},"_links":{"self":[{"href":"https:\/\/roveyayinevi.com.tr\/index.php\/wp-json\/wp\/v2\/product\/777738","targetHints":{"allow":["GET"]}}],"collection":[{"href":"https:\/\/roveyayinevi.com.tr\/index.php\/wp-json\/wp\/v2\/product"}],"about":[{"href":"https:\/\/roveyayinevi.com.tr\/index.php\/wp-json\/wp\/v2\/types\/product"}],"wp:attachment":[{"href":"https:\/\/roveyayinevi.com.tr\/index.php\/wp-json\/wp\/v2\/media?parent=777738"}],"wp:term":[{"taxonomy":"product_brand","embeddable":true,"href":"https:\/\/roveyayinevi.com.tr\/index.php\/wp-json\/wp\/v2\/product_brand?post=777738"},{"taxonomy":"product_cat","embeddable":true,"href":"https:\/\/roveyayinevi.com.tr\/index.php\/wp-json\/wp\/v2\/product_cat?post=777738"},{"taxonomy":"product_tag","embeddable":true,"href":"https:\/\/roveyayinevi.com.tr\/index.php\/wp-json\/wp\/v2\/product_tag?post=777738"}],"curies":[{"name":"wp","href":"https:\/\/api.w.org\/{rel}","templated":true}]}}