{"id":777737,"date":"2025-10-23T06:09:11","date_gmt":"2025-10-23T03:09:11","guid":{"rendered":"https:\/\/roveyayinevi.com.tr\/index.php\/urun\/hava-uyaniyor-kutu-seti-ciltli\/"},"modified":"2026-01-20T02:58:47","modified_gmt":"2026-01-19T23:58:47","slug":"hava-uyaniyor-kutu-seti-ciltli","status":"publish","type":"product","link":"https:\/\/roveyayinevi.com.tr\/index.php\/urun\/hava-uyaniyor-kutu-seti-ciltli\/","title":{"rendered":"Hava Uyan\u0131yor Kutu Seti (Ciltli )"},"content":{"rendered":"<p>\u201cHava Uyan\u0131yor serisi i\u00e7imde f\u0131rt\u0131nalar kopard\u0131. Bu maceray\u0131 d\u00fcnyalara de\u011fi\u015fmem.\u201d \u2014Booknest\u201cHava Uyan\u0131yor serisi o kadar muhte\u015fem ki tekrar tekrar okuyaca\u011f\u0131mdan eminim.\u201d \u2014Jasmine PearlReads\u201cDuygusal bir yolculuk oldu ama her \u00e2n\u0131 paha bi\u00e7ilmezdi.\u201d \u2014BookCatPin<\/p>\n","protected":false},"excerpt":{"rendered":"<p>\u201cHava Uyan\u0131yor serisi i\u00e7imde f\u0131rt\u0131nalar kopard\u0131. Bu maceray\u0131 d\u00fcnyalara de\u011fi\u015fmem.\u201d \u2014Booknest\u201cHava Uyan\u0131yor serisi o kadar muhte\u015fem ki tekrar tekrar okuyaca\u011f\u0131mdan eminim.\u201d \u2014Jasmine PearlReads\u201cDuygusal bir yolculuk oldu<span class=\"excerpt-hellip\"> [\u2026]<\/span><\/p>\n","protected":false},"featured_media":0,"template":"","meta":{"_monsterinsights_skip_tracking":false,"_monsterinsights_sitenote_active":false,"_monsterinsights_sitenote_note":"","_monsterinsights_sitenote_category":0},"product_brand":[],"product_cat":[12291,14777],"product_tag":[],"class_list":{"0":"post-777737","1":"product","2":"type-product","3":"status-publish","5":"product_cat-edebiyat","6":"product_cat-fantastik","7":"pa_cilt-ciltli","8":"pa_tur-kitap","9":"pa_yayinevi-yabanci-yayinevi","10":"pa_yazar-elise-kova","12":"first","13":"instock","14":"sale","15":"shipping-taxable","16":"purchasable","17":"product-type-simple"},"_links":{"self":[{"href":"https:\/\/roveyayinevi.com.tr\/index.php\/wp-json\/wp\/v2\/product\/777737","targetHints":{"allow":["GET"]}}],"collection":[{"href":"https:\/\/roveyayinevi.com.tr\/index.php\/wp-json\/wp\/v2\/product"}],"about":[{"href":"https:\/\/roveyayinevi.com.tr\/index.php\/wp-json\/wp\/v2\/types\/product"}],"wp:attachment":[{"href":"https:\/\/roveyayinevi.com.tr\/index.php\/wp-json\/wp\/v2\/media?parent=777737"}],"wp:term":[{"taxonomy":"product_brand","embeddable":true,"href":"https:\/\/roveyayinevi.com.tr\/index.php\/wp-json\/wp\/v2\/product_brand?post=777737"},{"taxonomy":"product_cat","embeddable":true,"href":"https:\/\/roveyayinevi.com.tr\/index.php\/wp-json\/wp\/v2\/product_cat?post=777737"},{"taxonomy":"product_tag","embeddable":true,"href":"https:\/\/roveyayinevi.com.tr\/index.php\/wp-json\/wp\/v2\/product_tag?post=777737"}],"curies":[{"name":"wp","href":"https:\/\/api.w.org\/{rel}","templated":true}]}}