{"id":777736,"date":"2025-10-23T05:37:06","date_gmt":"2025-10-23T02:37:06","guid":{"rendered":"https:\/\/roveyayinevi.com.tr\/index.php\/urun\/bilinc-3\/"},"modified":"2026-01-26T02:46:11","modified_gmt":"2026-01-25T23:46:11","slug":"bilinc-3","status":"publish","type":"product","link":"https:\/\/roveyayinevi.com.tr\/index.php\/urun\/bilinc-3\/","title":{"rendered":"Bilin\u00e7"},"content":{"rendered":"<p>Bilin\u00e7 nedir? Benlik nedir? Bilin\u00e7 ne i\u015fe yarar? Bilin\u00e7li makineler olabilir mi? Hayvanlarda bilin\u00e7 var m\u0131d\u0131r? Koma ve bitkisel ya\u015fam nedir? Beyin ve bilin\u00e7 ili\u015fkisi nas\u0131ld\u0131r? Benlik alg\u0131s\u0131 bozulunca ne olur? Beynin bilgisayardan fark\u0131 nedir? \u015eizofrenide nas\u0131l bir bilin\u00e7 vard\u0131r? Bilin\u00e7 evrimsel de\u011fi\u015fime u\u011frar m\u0131? Bilinci \u015fekillendirmek m\u00fcmk\u00fcn m\u00fc? Zikir ve meditasyon beyne ne yapar? Haf\u0131za ve bilgiler beyinde mi bulunur? Sezgiler bilimsel olarak nas\u0131l tarif edilir? Y\u00fcksek bilince eri\u015fmenin yolu var m\u0131d\u0131r? Uykuda ve anestezi alt\u0131nda bilin\u00e7 nas\u0131ld\u0131r? Bilin\u00e7 hangi durumlarda de\u011fi\u015fkenlik g\u00f6sterir? Bilin\u00e7li varl\u0131klar olarak evrende neden sadece insanlar var? N\u00f6rolog Prof. Dr. Sultan Tarlac\u0131\u2019n\u0131n kaleme ald\u0131\u011f\u0131 bu kitap, bilimsel veriler \u0131\u015f\u0131\u011f\u0131nda tarih ve evrim sahnesindeki bilincin izini s\u00fcr\u00fcyor. <\/p>\n","protected":false},"excerpt":{"rendered":"<p>Bilin\u00e7 nedir? Benlik nedir? Bilin\u00e7 ne i\u015fe yarar? Bilin\u00e7li makineler olabilir mi? Hayvanlarda bilin\u00e7 var m\u0131d\u0131r? Koma ve bitkisel ya\u015fam nedir? Beyin ve bilin\u00e7 ili\u015fkisi nas\u0131ld\u0131r?<span class=\"excerpt-hellip\"> [\u2026]<\/span><\/p>\n","protected":false},"featured_media":0,"template":"","meta":{"_monsterinsights_skip_tracking":false,"_monsterinsights_sitenote_active":false,"_monsterinsights_sitenote_note":"","_monsterinsights_sitenote_category":0},"product_brand":[],"product_cat":[12365,12364],"product_tag":[],"class_list":{"0":"post-777736","1":"product","2":"type-product","3":"status-publish","5":"product_cat-diger-genel-konular","6":"product_cat-genel-konular","7":"pa_cilt-ciltsiz","8":"pa_tur-kitap","9":"pa_yayinevi-destek-yayinlari","10":"pa_yazar-sultan-tarlaci","12":"first","13":"instock","14":"sale","15":"shipping-taxable","16":"purchasable","17":"product-type-simple"},"_links":{"self":[{"href":"https:\/\/roveyayinevi.com.tr\/index.php\/wp-json\/wp\/v2\/product\/777736","targetHints":{"allow":["GET"]}}],"collection":[{"href":"https:\/\/roveyayinevi.com.tr\/index.php\/wp-json\/wp\/v2\/product"}],"about":[{"href":"https:\/\/roveyayinevi.com.tr\/index.php\/wp-json\/wp\/v2\/types\/product"}],"wp:attachment":[{"href":"https:\/\/roveyayinevi.com.tr\/index.php\/wp-json\/wp\/v2\/media?parent=777736"}],"wp:term":[{"taxonomy":"product_brand","embeddable":true,"href":"https:\/\/roveyayinevi.com.tr\/index.php\/wp-json\/wp\/v2\/product_brand?post=777736"},{"taxonomy":"product_cat","embeddable":true,"href":"https:\/\/roveyayinevi.com.tr\/index.php\/wp-json\/wp\/v2\/product_cat?post=777736"},{"taxonomy":"product_tag","embeddable":true,"href":"https:\/\/roveyayinevi.com.tr\/index.php\/wp-json\/wp\/v2\/product_tag?post=777736"}],"curies":[{"name":"wp","href":"https:\/\/api.w.org\/{rel}","templated":true}]}}