{"id":777734,"date":"2025-10-23T05:06:49","date_gmt":"2025-10-23T02:06:49","guid":{"rendered":"https:\/\/roveyayinevi.com.tr\/index.php\/urun\/buyuk-sorulara-kisa-yanitlar\/"},"modified":"2025-12-30T10:18:57","modified_gmt":"2025-12-30T07:18:57","slug":"buyuk-sorulara-kisa-yanitlar","status":"publish","type":"product","link":"https:\/\/roveyayinevi.com.tr\/index.php\/urun\/buyuk-sorulara-kisa-yanitlar\/","title":{"rendered":"B\u00fcy\u00fck Sorulara K\u0131sa Yan\u0131tlar"},"content":{"rendered":"<p>\u0130nsanlar her daim b\u00fcy\u00fck sorulara yan\u0131t bulmak istemi\u015ftir: Tanr\u0131 Var m\u0131? Nereden geldik? Her \u015eey Nas\u0131l Ba\u015flad\u0131? Evrende Bizden Ba\u015fka Ak\u0131ll\u0131 Ya\u015fam Var m\u0131? Zamanda Yolculuk M\u00fcmk\u00fcn m\u00fc? Yapay Zek\u00e2 Bize \u00dcst\u00fcn Gelecek mi? Her \u015feyin gerisinde duran anlam ve tasar\u0131 nedir? Ge\u00e7mi\u015fin yarat\u0131l\u0131\u015f \u00fczerinden a\u00e7\u0131klamalar\u0131 bug\u00fcn art\u0131k \u00e7ok daha az uygun ve g\u00fcvenilir g\u00f6r\u00fcn\u00fcyor. Bu a\u00e7\u0131klamalar\u0131n yerini New Age\u2019ten Star Trek\u2019e uzanan kendilerine yaln\u0131zca hurafe diyebilece\u011fimiz \u00e7e\u015fitli \u015feyler ald\u0131. Gelgelelim ger\u00e7ek bilim, bilimkurgudan \u00e7ok daha tuhaf ve tatmin edici olabilir. G\u00fcn\u00fcm\u00fczde bilim b\u00fct\u00fcn bu sorulara yan\u0131t bulmaya ba\u015flad\u0131. Hawking\u2019in \u00f6l\u00fcm\u00fcnden \u00f6nce yazd\u0131\u011f\u0131 son yaz\u0131lar\u0131n derlemesi olan bu kitap,tarihin en \u00f6nemli zihinlerinden birinin b\u00fcy\u00fck sorulara verdi\u011fi yan\u0131tlardan olu\u015fuyor. Her \u015eeyin Teorisi filmindeki performans\u0131yla Oscar kazanan Eddie Redmayne\u2019in \u00f6ns\u00f6z, Nobel \u00d6d\u00fcll\u00fc bilim insan\u0131 Kip Thorne\u2019un giri\u015f ve Hawking\u2019in k\u0131z\u0131 Lucy\u2019nin sons\u00f6z kaleme ald\u0131\u011f\u0131 B\u00fcy\u00fck Sorulara K\u0131sa Yan\u0131tlar bir dehan\u0131n d\u00fcnyaya b\u0131rakt\u0131\u011f\u0131 son mesaj niteli\u011finde.    \u201cHawking, insan zihninin artan g\u00fcc\u00fcn\u00fcn bir sembol\u00fc.\u201dThe Washington Post   \u201cHawking\u2019in okuyuculara son mesaj\u0131 insanl\u0131k i\u00e7in umut oldu\u011fu y\u00f6n\u00fcnde.\u201d CNN   \u201cB\u00fcy\u00fck Sorulara K\u0131sa Yan\u0131tlar bilimin ve insanl\u0131\u011f\u0131n gelece\u011fine son derece a\u00e7\u0131k ve anla\u015f\u0131l\u0131r bir bak\u0131\u015f sunuyor.\u201d The Wall Street Journal   \u201cBu ola\u011fan\u00fcst\u00fc kitap, g\u00f6rkemli bir y\u0131ld\u0131z\u0131n son par\u0131lt\u0131s\u0131.\u201d The Telegraph <\/p>\n","protected":false},"excerpt":{"rendered":"<p>\u0130nsanlar her daim b\u00fcy\u00fck sorulara yan\u0131t bulmak istemi\u015ftir: Tanr\u0131 Var m\u0131? Nereden geldik? Her \u015eey Nas\u0131l Ba\u015flad\u0131? Evrende Bizden Ba\u015fka Ak\u0131ll\u0131 Ya\u015fam Var m\u0131? Zamanda Yolculuk<span class=\"excerpt-hellip\"> [\u2026]<\/span><\/p>\n","protected":false},"featured_media":0,"template":"","meta":{"_monsterinsights_skip_tracking":false,"_monsterinsights_sitenote_active":false,"_monsterinsights_sitenote_note":"","_monsterinsights_sitenote_category":0},"product_brand":[],"product_cat":[13005,37328],"product_tag":[],"class_list":{"0":"post-777734","1":"product","2":"type-product","3":"status-publish","5":"product_cat-bilim-muhendislik","6":"product_cat-diger-bilim-muhendislik","7":"pa_cilt-ciltsiz","8":"pa_tur-kitap","9":"pa_yayinevi-alfa-yayinlari","10":"pa_yazar-stephen-hawking","12":"first","13":"instock","14":"sale","15":"shipping-taxable","16":"purchasable","17":"product-type-simple"},"_links":{"self":[{"href":"https:\/\/roveyayinevi.com.tr\/index.php\/wp-json\/wp\/v2\/product\/777734","targetHints":{"allow":["GET"]}}],"collection":[{"href":"https:\/\/roveyayinevi.com.tr\/index.php\/wp-json\/wp\/v2\/product"}],"about":[{"href":"https:\/\/roveyayinevi.com.tr\/index.php\/wp-json\/wp\/v2\/types\/product"}],"wp:attachment":[{"href":"https:\/\/roveyayinevi.com.tr\/index.php\/wp-json\/wp\/v2\/media?parent=777734"}],"wp:term":[{"taxonomy":"product_brand","embeddable":true,"href":"https:\/\/roveyayinevi.com.tr\/index.php\/wp-json\/wp\/v2\/product_brand?post=777734"},{"taxonomy":"product_cat","embeddable":true,"href":"https:\/\/roveyayinevi.com.tr\/index.php\/wp-json\/wp\/v2\/product_cat?post=777734"},{"taxonomy":"product_tag","embeddable":true,"href":"https:\/\/roveyayinevi.com.tr\/index.php\/wp-json\/wp\/v2\/product_tag?post=777734"}],"curies":[{"name":"wp","href":"https:\/\/api.w.org\/{rel}","templated":true}]}}