{"id":777733,"date":"2025-10-23T05:06:47","date_gmt":"2025-10-23T02:06:47","guid":{"rendered":"https:\/\/roveyayinevi.com.tr\/index.php\/urun\/sakiz-agaci\/"},"modified":"2026-04-16T02:24:41","modified_gmt":"2026-04-15T23:24:41","slug":"sakiz-agaci","status":"publish","type":"product","link":"https:\/\/roveyayinevi.com.tr\/index.php\/urun\/sakiz-agaci\/","title":{"rendered":"Sak\u0131z A\u011fac\u0131"},"content":{"rendered":"<p>Bir g\u00fcn koca koca kavak a\u011fa\u00e7lar\u0131n\u0131n aras\u0131nda bir filiz belirmi\u015f. Biraz b\u00fcy\u00fcy\u00fcp fidan olunca, kavaklar \u00e7ok \u015fa\u015f\u0131rm\u0131\u015flar \u00e7\u00fcnk\u00fc bu ye\u015feren, onlardan biri de\u011filmi\u015f. Yapraklar\u0131 \u00e7ok farkl\u0131, dallar\u0131 de\u011fi\u015fikmi\u015f fidanc\u0131\u011f\u0131n. \u0130\u015fte bu y\u00fczden de hi\u00e7 konu\u015fmam\u0131\u015flar onunla, onu d\u0131\u015flam\u0131\u015flar. Hem de de\u011ferli mi de\u011ferli, mis kokulu bir sak\u0131z a\u011fac\u0131 oldu\u011funu \u00f6\u011frendiklerinde bile aralar\u0131na almam\u0131\u015flar. Bir s\u00fcre sonra fidanc\u0131k da onlarla konu\u015fmaya \u00e7al\u0131\u015fmaktan vazge\u00e7mi\u015f. G\u00fcnler aylar\u0131, aylar y\u0131llar\u0131 kovalam\u0131\u015f&#8230;. Bizim fidanc\u0131k, b\u00fcy\u00fcp serpilmi\u015f, kocaman bir sak\u0131z a\u011fac\u0131 olmu\u015f. Bir ilkbahar sabah\u0131nda da kimsenin, hatta Sak\u0131z A\u011fac\u0131\u2019n\u0131n bile beklemedi\u011fi bir \u015fey ger\u00e7ekle\u015fmi\u015f. Peki neymi\u015f bu? \u00d6yle \u00f6nemli bir \u015feymi\u015f ki, kavaklar yapt\u0131klar\u0131ndan pi\u015fman olmu\u015flar. Hatta Ceren Kerimo\u011flu, Sak\u0131z A\u011fac\u0131 diye kitap yazm\u0131\u015f. Merak edenler hemen okusun! <\/p>\n","protected":false},"excerpt":{"rendered":"<p>Bir g\u00fcn koca koca kavak a\u011fa\u00e7lar\u0131n\u0131n aras\u0131nda bir filiz belirmi\u015f. Biraz b\u00fcy\u00fcy\u00fcp fidan olunca, kavaklar \u00e7ok \u015fa\u015f\u0131rm\u0131\u015flar \u00e7\u00fcnk\u00fc bu ye\u015feren, onlardan biri de\u011filmi\u015f. Yapraklar\u0131 \u00e7ok farkl\u0131,<span class=\"excerpt-hellip\"> [\u2026]<\/span><\/p>\n","protected":false},"featured_media":0,"template":"","meta":{"_monsterinsights_skip_tracking":false,"_monsterinsights_sitenote_active":false,"_monsterinsights_sitenote_note":"","_monsterinsights_sitenote_category":0},"product_brand":[],"product_cat":[12275,12274],"product_tag":[],"class_list":{"0":"post-777733","1":"product","2":"type-product","3":"status-publish","5":"product_cat-6-12-yas-kitaplari","6":"product_cat-cocuk-ve-genclik-kitaplari","7":"pa_cilt-ciltsiz","8":"pa_tur-kitap","9":"pa_yayinevi-kirmizi-kedi-yayinevi","10":"pa_yazar-ceren-kerimoglu","12":"first","13":"instock","14":"sale","15":"shipping-taxable","16":"purchasable","17":"product-type-simple"},"_links":{"self":[{"href":"https:\/\/roveyayinevi.com.tr\/index.php\/wp-json\/wp\/v2\/product\/777733","targetHints":{"allow":["GET"]}}],"collection":[{"href":"https:\/\/roveyayinevi.com.tr\/index.php\/wp-json\/wp\/v2\/product"}],"about":[{"href":"https:\/\/roveyayinevi.com.tr\/index.php\/wp-json\/wp\/v2\/types\/product"}],"wp:attachment":[{"href":"https:\/\/roveyayinevi.com.tr\/index.php\/wp-json\/wp\/v2\/media?parent=777733"}],"wp:term":[{"taxonomy":"product_brand","embeddable":true,"href":"https:\/\/roveyayinevi.com.tr\/index.php\/wp-json\/wp\/v2\/product_brand?post=777733"},{"taxonomy":"product_cat","embeddable":true,"href":"https:\/\/roveyayinevi.com.tr\/index.php\/wp-json\/wp\/v2\/product_cat?post=777733"},{"taxonomy":"product_tag","embeddable":true,"href":"https:\/\/roveyayinevi.com.tr\/index.php\/wp-json\/wp\/v2\/product_tag?post=777733"}],"curies":[{"name":"wp","href":"https:\/\/api.w.org\/{rel}","templated":true}]}}