{"id":777728,"date":"2025-10-23T03:51:22","date_gmt":"2025-10-23T00:51:22","guid":{"rendered":"https:\/\/roveyayinevi.com.tr\/index.php\/urun\/deadpool-marvel-evrenini-olduruyor\/"},"modified":"2025-11-22T03:46:36","modified_gmt":"2025-11-22T00:46:36","slug":"deadpool-marvel-evrenini-olduruyor","status":"publish","type":"product","link":"https:\/\/roveyayinevi.com.tr\/index.php\/urun\/deadpool-marvel-evrenini-olduruyor\/","title":{"rendered":"Deadpool Marvel Evreni&#8217;ni \u00d6ld\u00fcr\u00fcyor"},"content":{"rendered":"<p>Ya Deadpool hakk\u0131nda e\u011flenceli oldu\u011funu d\u00fc\u015f\u00fcnd\u00fc\u011f\u00fcn\u00fcz her \u015fey asl\u0131nda sadece rahats\u0131z edici ise? Ya Marvel Evreni&#8217;ni olu\u015fturan herkesi ve her \u015feyi \u00f6ld\u00fcrmeye karar verirse? Ya hakikaten bunu becerebilirse? Bu da sizin i\u00e7in e\u011flenceli olur muydu? A\u011fz\u0131 bozuk paral\u0131 askerimizin \u00e7arp\u0131k bir d\u00f6n\u00fc\u015f yap\u0131p ba\u015fka hi\u00e7 kimsenin yapamad\u0131\u011f\u0131 bir \u015fekilde her Marvel kahraman\u0131n\u0131 bir korku \u00e7izgi roman\u0131nda kurban\u0131 haline getirmesine \u015fahitlik edin. \ufffcTan\u0131t\u0131m Metni<\/p>\n","protected":false},"excerpt":{"rendered":"<p>Ya Deadpool hakk\u0131nda e\u011flenceli oldu\u011funu d\u00fc\u015f\u00fcnd\u00fc\u011f\u00fcn\u00fcz her \u015fey asl\u0131nda sadece rahats\u0131z edici ise? Ya Marvel Evreni&#8217;ni olu\u015fturan herkesi ve her \u015feyi \u00f6ld\u00fcrmeye karar verirse? Ya hakikaten<span class=\"excerpt-hellip\"> [\u2026]<\/span><\/p>\n","protected":false},"featured_media":0,"template":"","meta":{"_monsterinsights_skip_tracking":false,"_monsterinsights_sitenote_active":false,"_monsterinsights_sitenote_note":"","_monsterinsights_sitenote_category":0},"product_brand":[],"product_cat":[12416,12291],"product_tag":[],"class_list":{"0":"post-777728","1":"product","2":"type-product","3":"status-publish","5":"product_cat-cizgi-roman","6":"product_cat-edebiyat","7":"pa_cilt-ciltsiz","8":"pa_tur-kitap","9":"pa_yayinevi-jbc-yayincilik","10":"pa_yazar-cullen-bunn","12":"first","13":"instock","14":"sale","15":"shipping-taxable","16":"purchasable","17":"product-type-simple"},"_links":{"self":[{"href":"https:\/\/roveyayinevi.com.tr\/index.php\/wp-json\/wp\/v2\/product\/777728","targetHints":{"allow":["GET"]}}],"collection":[{"href":"https:\/\/roveyayinevi.com.tr\/index.php\/wp-json\/wp\/v2\/product"}],"about":[{"href":"https:\/\/roveyayinevi.com.tr\/index.php\/wp-json\/wp\/v2\/types\/product"}],"wp:attachment":[{"href":"https:\/\/roveyayinevi.com.tr\/index.php\/wp-json\/wp\/v2\/media?parent=777728"}],"wp:term":[{"taxonomy":"product_brand","embeddable":true,"href":"https:\/\/roveyayinevi.com.tr\/index.php\/wp-json\/wp\/v2\/product_brand?post=777728"},{"taxonomy":"product_cat","embeddable":true,"href":"https:\/\/roveyayinevi.com.tr\/index.php\/wp-json\/wp\/v2\/product_cat?post=777728"},{"taxonomy":"product_tag","embeddable":true,"href":"https:\/\/roveyayinevi.com.tr\/index.php\/wp-json\/wp\/v2\/product_tag?post=777728"}],"curies":[{"name":"wp","href":"https:\/\/api.w.org\/{rel}","templated":true}]}}