{"id":777727,"date":"2025-10-23T03:41:58","date_gmt":"2025-10-23T00:41:58","guid":{"rendered":"https:\/\/roveyayinevi.com.tr\/index.php\/urun\/muzik-soru-bankasi\/"},"modified":"2025-10-30T10:33:43","modified_gmt":"2025-10-30T07:33:43","slug":"muzik-soru-bankasi","status":"publish","type":"product","link":"https:\/\/roveyayinevi.com.tr\/index.php\/urun\/muzik-soru-bankasi\/","title":{"rendered":"M\u00fczik Soru Bankas\u0131"},"content":{"rendered":"<p>Bu kitap konservatuar, e\u011fitim fak\u00fcltesi, g\u00fczel sanatlar fak\u00fcltesi, g\u00fczel sanatlar lisesi, askeri m\u0131z\u0131ka okulu gibi mesleki m\u00fczik e\u011fitimi veren her t\u00fcrden kurumlardaki \u00f6\u011frenci ve \u00f6\u011fretmenler i\u00e7in haz\u0131rlanm\u0131\u015f yard\u0131mc\u0131 bir ders kitab\u0131d\u0131r. Kuramsal m\u00fczik bilgilerini peki\u015ftirmek ama\u00e7l\u0131 daha \u00e7ok solfej, kulak e\u011fitimi ve armoni derslerinde kullan\u0131lacak olan kitap, \u00f6\u011fretmenlere kolayl\u0131k, \u00f6\u011frencilere de d\u00fczenli \u00e7al\u0131\u015fma olaca\u011f\u0131 sa\u011flamaktad\u0131r. Kitap, yay\u0131nlanmadan \u00f6nce denenmi\u015f ve olumlu sonu\u00e7lar al\u0131nd\u0131\u011f\u0131 g\u00f6r\u00fclm\u00fc\u015ft\u00fcr. Kitapta yer verilen konular belirli bir zorluk derecesine g\u00f6re s\u0131ralanm\u0131\u015ft\u0131r. Konular kolaydan zora, basitten karma\u015f\u0131\u011fa ad\u0131m ad\u0131m ilerlemektedir. Kitab\u0131n sonunda yer alan karma testler ise bize kendi bilgimizi b\u00fct\u00fcn\u00fcyle s\u0131nama\/deneme olana\u011f\u0131 vermektedir. Ayr\u0131ca b\u00fct\u00fcn sorunlar\u0131n do\u011fru cevaplar\u0131 kitab\u0131n en sonunda yer alan \u201ccevap anahtar\u0131\u201d ba\u015fl\u0131kl\u0131 k\u0131s\u0131mda verilmi\u015ftir. \ufffcTan\u0131t\u0131m Metni<\/p>\n","protected":false},"excerpt":{"rendered":"<p>Bu kitap konservatuar, e\u011fitim fak\u00fcltesi, g\u00fczel sanatlar fak\u00fcltesi, g\u00fczel sanatlar lisesi, askeri m\u0131z\u0131ka okulu gibi mesleki m\u00fczik e\u011fitimi veren her t\u00fcrden kurumlardaki \u00f6\u011frenci ve \u00f6\u011fretmenler i\u00e7in<span class=\"excerpt-hellip\"> [\u2026]<\/span><\/p>\n","protected":false},"featured_media":0,"template":"","meta":{"_monsterinsights_skip_tracking":false,"_monsterinsights_sitenote_active":false,"_monsterinsights_sitenote_note":"","_monsterinsights_sitenote_category":0},"product_brand":[],"product_cat":[14556,14557],"product_tag":[],"class_list":{"0":"post-777727","1":"product","2":"type-product","3":"status-publish","5":"product_cat-muzik","6":"product_cat-nota-kitaplari","7":"pa_cilt-ciltsiz","8":"pa_tur-kitap","9":"pa_yayinevi-muzik-egitimi-yayinlari","10":"pa_yazar-ozgul-eroglu-algan","12":"first","13":"instock","14":"sale","15":"shipping-taxable","16":"purchasable","17":"product-type-simple"},"_links":{"self":[{"href":"https:\/\/roveyayinevi.com.tr\/index.php\/wp-json\/wp\/v2\/product\/777727","targetHints":{"allow":["GET"]}}],"collection":[{"href":"https:\/\/roveyayinevi.com.tr\/index.php\/wp-json\/wp\/v2\/product"}],"about":[{"href":"https:\/\/roveyayinevi.com.tr\/index.php\/wp-json\/wp\/v2\/types\/product"}],"wp:attachment":[{"href":"https:\/\/roveyayinevi.com.tr\/index.php\/wp-json\/wp\/v2\/media?parent=777727"}],"wp:term":[{"taxonomy":"product_brand","embeddable":true,"href":"https:\/\/roveyayinevi.com.tr\/index.php\/wp-json\/wp\/v2\/product_brand?post=777727"},{"taxonomy":"product_cat","embeddable":true,"href":"https:\/\/roveyayinevi.com.tr\/index.php\/wp-json\/wp\/v2\/product_cat?post=777727"},{"taxonomy":"product_tag","embeddable":true,"href":"https:\/\/roveyayinevi.com.tr\/index.php\/wp-json\/wp\/v2\/product_tag?post=777727"}],"curies":[{"name":"wp","href":"https:\/\/api.w.org\/{rel}","templated":true}]}}