{"id":777722,"date":"2025-10-23T03:07:03","date_gmt":"2025-10-23T00:07:03","guid":{"rendered":"https:\/\/roveyayinevi.com.tr\/index.php\/urun\/marsli\/"},"modified":"2026-04-16T02:08:44","modified_gmt":"2026-04-15T23:08:44","slug":"marsli","status":"publish","type":"product","link":"https:\/\/roveyayinevi.com.tr\/index.php\/urun\/marsli\/","title":{"rendered":"Marsl\u0131"},"content":{"rendered":"<p>Goodreads okurlar\u0131na g\u00f6re 2014\u2019\u00dcn En \u0130yi Bilim Kurgu Roman\u0131!Alt\u0131 g\u00fcn \u00f6nce, Mark Watney Mars\u2019a ayak basan ilk insanlardan biriydi. \u015eimdi ise, orada \u00f6lmesi neredeyse kesin.\u201c\u00c7ok uzun zamandan beri okudu\u011fum en iyi kitap. Zeki, e\u011flenceli ve gerilim dolu. Marsl\u0131, bir romandan isteyebilece\u011finiz her \u015feye sahip.\u201dHugh Howey, Wool serisinin yazar\u0131\u201cS\u00fcr\u00fckleyici\u2026 Defoe\u2019nun Robinson Crusoe\u2019su sanki daha zeki biri taraf\u0131ndan yaz\u0131lm\u0131\u015f gibi.\u201d Larry Niven, Hugo, Nebula  ve Locus \u00f6d\u00fcll\u00fc Halka D\u00fcnya  roman\u0131n\u0131n yazar\u0131\u201cBu kitap tam da benim gibi okuyucular\u0131n sevece\u011fi t\u00fcrden.\u201d John Scalzi, Ya\u015fl\u0131 Adam\u0131n Sava\u015f\u0131 serisinin Hugo ve  Locus \u00f6d\u00fcll\u00fc yazar\u0131\u201cAndy Weir\u2019in yazd\u0131\u011f\u0131 Marsl\u0131 \u015fimdiye kadar okudu\u011fum en iyi bilimsel bilimkurgu roman\u0131. Bu roman\u0131 \u2013ba\u015fka bir kitap hakk\u0131nda  hi\u00e7 b\u00f6yle bir \u015fey s\u00f6ylemedim\u2013 edebi anlamda da elden b\u0131rakmak  m\u00fcmk\u00fcn de\u011fil.\u201dDan Simmons, Hugo \u00f6d\u00fcll\u00fc Hyperion serisinin yazar\u0131\u201cMarsl\u0131 akl\u0131m\u0131 ba\u015f\u0131mdan ald\u0131!\u201dErnest Cline, Ba\u015flat roman\u0131n\u0131n yazar\u0131\u201cAksiyon ve uzay maceras\u0131n\u0131n kusursuz bir kar\u0131\u015f\u0131m\u0131.\u201dLibrary Journal <\/p>\n","protected":false},"excerpt":{"rendered":"<p>Goodreads okurlar\u0131na g\u00f6re 2014\u2019\u00dcn En \u0130yi Bilim Kurgu Roman\u0131!Alt\u0131 g\u00fcn \u00f6nce, Mark Watney Mars\u2019a ayak basan ilk insanlardan biriydi. \u015eimdi ise, orada \u00f6lmesi neredeyse kesin.\u201c\u00c7ok uzun<span class=\"excerpt-hellip\"> [\u2026]<\/span><\/p>\n","protected":false},"featured_media":0,"template":"","meta":{"_monsterinsights_skip_tracking":false,"_monsterinsights_sitenote_active":false,"_monsterinsights_sitenote_note":"","_monsterinsights_sitenote_category":0},"product_brand":[],"product_cat":[12291,12711],"product_tag":[],"class_list":{"0":"post-777722","1":"product","2":"type-product","3":"status-publish","5":"product_cat-edebiyat","6":"product_cat-roman-oyku","7":"pa_cilt-ciltsiz","8":"pa_tur-kitap","9":"pa_yayinevi-ithaki-yayinlari","10":"pa_yazar-andy-weir","12":"first","13":"instock","14":"sale","15":"shipping-taxable","16":"purchasable","17":"product-type-simple"},"_links":{"self":[{"href":"https:\/\/roveyayinevi.com.tr\/index.php\/wp-json\/wp\/v2\/product\/777722","targetHints":{"allow":["GET"]}}],"collection":[{"href":"https:\/\/roveyayinevi.com.tr\/index.php\/wp-json\/wp\/v2\/product"}],"about":[{"href":"https:\/\/roveyayinevi.com.tr\/index.php\/wp-json\/wp\/v2\/types\/product"}],"wp:attachment":[{"href":"https:\/\/roveyayinevi.com.tr\/index.php\/wp-json\/wp\/v2\/media?parent=777722"}],"wp:term":[{"taxonomy":"product_brand","embeddable":true,"href":"https:\/\/roveyayinevi.com.tr\/index.php\/wp-json\/wp\/v2\/product_brand?post=777722"},{"taxonomy":"product_cat","embeddable":true,"href":"https:\/\/roveyayinevi.com.tr\/index.php\/wp-json\/wp\/v2\/product_cat?post=777722"},{"taxonomy":"product_tag","embeddable":true,"href":"https:\/\/roveyayinevi.com.tr\/index.php\/wp-json\/wp\/v2\/product_tag?post=777722"}],"curies":[{"name":"wp","href":"https:\/\/api.w.org\/{rel}","templated":true}]}}