{"id":777718,"date":"2025-10-22T11:52:37","date_gmt":"2025-10-22T08:52:37","guid":{"rendered":"https:\/\/roveyayinevi.com.tr\/index.php\/urun\/divanu-lugatit-turkte\/"},"modified":"2026-04-15T03:43:39","modified_gmt":"2026-04-15T00:43:39","slug":"divanu-lugatit-turkte","status":"publish","type":"product","link":"https:\/\/roveyayinevi.com.tr\/index.php\/urun\/divanu-lugatit-turkte\/","title":{"rendered":"Divan\u00fc L\u00fcgati\u2019t-T\u00fcrk\u2019te"},"content":{"rendered":"<p>Bulunu\u015fuyla birlikte T\u00fcrk dili tarihinin yeniden yaz\u0131lmas\u0131n\u0131 sa\u011flayan ve T\u00fcrk\u00e7enin gizli kalm\u0131\u015f pek \u00e7ok konusunu ayd\u0131nlatan Divan\u00fc L\u00fcgati\u2019t-T\u00fcrk\u2019\u00fcn yazar\u0131, Ka\u015fgarl\u0131 Mahmud\u2019un ya\u015fam\u0131 hakk\u0131nda yeterli bilgi bulunmamaktad\u0131r. Tarihsel kaynaklarda hakk\u0131nda bilgiye rastlanmayan, eserinde de kendisi hakk\u0131nda pek fazla bilgi vermeyen Ka\u015fgarl\u0131 Mahmud\u2019un soylu bir aileden geldi\u011fi ve \u00e7ok iyi yeti\u015ftirilmi\u015f bir \u015fehzade oldu\u011fu Divan\u00fc L\u00fcgati\u2019t-T\u00fcrk\u2019teki k\u00fc\u00e7\u00fck bilgilerden anla\u015f\u0131lmaktad\u0131r. T\u00fcrklerin en g\u00fczel konu\u015fan\u0131, en a\u00e7\u0131k anlatan\u0131, en iyi e\u011fitim g\u00f6reni, soyca en k\u00f6kl\u00fcs\u00fc, en ba\u015far\u0131l\u0131 karg\u0131 atan\u0131 olmakla \u00f6v\u00fcnen Ka\u015fgarl\u0131 Mahmud, T\u00fcrk topluluklar\u0131n\u0131n ya\u015fad\u0131\u011f\u0131 b\u00fct\u00fcn \u015fehirleri ve b\u00f6lgeleri dola\u015ft\u0131\u011f\u0131n\u0131 yazmaktad\u0131r. <\/p>\n","protected":false},"excerpt":{"rendered":"<p>Bulunu\u015fuyla birlikte T\u00fcrk dili tarihinin yeniden yaz\u0131lmas\u0131n\u0131 sa\u011flayan ve T\u00fcrk\u00e7enin gizli kalm\u0131\u015f pek \u00e7ok konusunu ayd\u0131nlatan Divan\u00fc L\u00fcgati\u2019t-T\u00fcrk\u2019\u00fcn yazar\u0131, Ka\u015fgarl\u0131 Mahmud\u2019un ya\u015fam\u0131 hakk\u0131nda yeterli bilgi bulunmamaktad\u0131r.<span class=\"excerpt-hellip\"> [\u2026]<\/span><\/p>\n","protected":false},"featured_media":0,"template":"","meta":{"_monsterinsights_skip_tracking":false,"_monsterinsights_sitenote_active":false,"_monsterinsights_sitenote_note":"","_monsterinsights_sitenote_category":0},"product_brand":[],"product_cat":[12370,12304],"product_tag":[],"class_list":{"0":"post-777718","1":"product","2":"type-product","3":"status-publish","5":"product_cat-arastirma-inceleme","6":"product_cat-tarih","7":"pa_cilt-ciltsiz","8":"pa_tur-kitap","9":"pa_yayinevi-zet-akademi-yayinlari","10":"pa_yazar-zakir-cobanoglu","12":"first","13":"instock","14":"sale","15":"shipping-taxable","16":"purchasable","17":"product-type-simple"},"_links":{"self":[{"href":"https:\/\/roveyayinevi.com.tr\/index.php\/wp-json\/wp\/v2\/product\/777718","targetHints":{"allow":["GET"]}}],"collection":[{"href":"https:\/\/roveyayinevi.com.tr\/index.php\/wp-json\/wp\/v2\/product"}],"about":[{"href":"https:\/\/roveyayinevi.com.tr\/index.php\/wp-json\/wp\/v2\/types\/product"}],"wp:attachment":[{"href":"https:\/\/roveyayinevi.com.tr\/index.php\/wp-json\/wp\/v2\/media?parent=777718"}],"wp:term":[{"taxonomy":"product_brand","embeddable":true,"href":"https:\/\/roveyayinevi.com.tr\/index.php\/wp-json\/wp\/v2\/product_brand?post=777718"},{"taxonomy":"product_cat","embeddable":true,"href":"https:\/\/roveyayinevi.com.tr\/index.php\/wp-json\/wp\/v2\/product_cat?post=777718"},{"taxonomy":"product_tag","embeddable":true,"href":"https:\/\/roveyayinevi.com.tr\/index.php\/wp-json\/wp\/v2\/product_tag?post=777718"}],"curies":[{"name":"wp","href":"https:\/\/api.w.org\/{rel}","templated":true}]}}