{"id":777717,"date":"2025-10-22T11:52:36","date_gmt":"2025-10-22T08:52:36","guid":{"rendered":"https:\/\/roveyayinevi.com.tr\/index.php\/urun\/alintilarla-kadin\/"},"modified":"2026-04-14T03:41:25","modified_gmt":"2026-04-14T00:41:25","slug":"alintilarla-kadin","status":"publish","type":"product","link":"https:\/\/roveyayinevi.com.tr\/index.php\/urun\/alintilarla-kadin\/","title":{"rendered":"Al\u0131nt\u0131larla Kad\u0131n"},"content":{"rendered":"<p>\u00b7         Bizim sosyal toplumumuzun ba\u015far\u0131s\u0131zl\u0131\u011f\u0131n\u0131n sebebi, kad\u0131nlar\u0131m\u0131za kar\u015f\u0131 g\u00f6sterdi\u011fimiz ilgisizlikten ileri gelmektedir. Ya\u015famak demek faaliyet demektir. Bundan dolay\u0131 bir sosyal toplumun bir organ\u0131 faaliyette bulunurken di\u011fer bir organ\u0131 i\u015flemezse o sosyal toplum fel\u00e7lidir. Mustafa Kemal Atat\u00fcrk \u00b7         Cennet analar\u0131n ayaklar\u0131 alt\u0131ndad\u0131r. Hz.Muhammed \u00b7         B\u00fcy\u00fck ba\u015far\u0131lar de\u011ferli annelerin yeti\u015ftirdikleri se\u00e7kin \u00e7ocuklar sayesinde olmu\u015ftur. Mustafa Kemal Atat\u00fcrk \u00b7         A\u011flarsa anam a\u011flar, gerisi (gayr\u0131s\u0131) yalan a\u011flar. T\u00fcrk Atas\u00f6z\u00fc \u00b7         Ana ailenin g\u00fcne\u015fidir. Bir ailede o olmazsa orada b\u00fcy\u00fcyen \u00e7ocuklar g\u00f6lgede kalm\u0131\u015f meyveler gibi olgunla\u015fmazlar. Pestalozzi \u00b7         Ana kalbi, \u00e7ocu\u011fun okuludur. H.Ford Beecher \u00b7         Be\u015fik sallayan eller g\u00fcn gelir d\u00fcnyay\u0131 sallar. Peter D.Vries \u00b7         Bir kad\u0131n olmadan ya\u015fanamayaca\u011f\u0131 do\u011fru de\u011fildir. Bir kad\u0131n olmadan ya\u015fanm\u0131\u015f olunmaz sadece. Karl Kraus <\/p>\n","protected":false},"excerpt":{"rendered":"<p>\u00b7 Bizim sosyal toplumumuzun ba\u015far\u0131s\u0131zl\u0131\u011f\u0131n\u0131n sebebi, kad\u0131nlar\u0131m\u0131za kar\u015f\u0131 g\u00f6sterdi\u011fimiz ilgisizlikten ileri gelmektedir. Ya\u015famak demek faaliyet demektir. Bundan dolay\u0131 bir sosyal toplumun bir organ\u0131 faaliyette bulunurken di\u011fer<span class=\"excerpt-hellip\"> [\u2026]<\/span><\/p>\n","protected":false},"featured_media":0,"template":"","meta":{"_monsterinsights_skip_tracking":false,"_monsterinsights_sitenote_active":false,"_monsterinsights_sitenote_note":"","_monsterinsights_sitenote_category":0},"product_brand":[],"product_cat":[141304],"product_tag":[],"class_list":{"0":"post-777717","1":"product","2":"type-product","3":"status-publish","5":"product_cat-yeni-cikanlar","6":"pa_cilt-ciltsiz","7":"pa_tur-kitap","8":"pa_yayinevi-zet-yayinlari","9":"pa_yazar-zakir-cobanoglu","11":"first","12":"instock","13":"sale","14":"shipping-taxable","15":"purchasable","16":"product-type-simple"},"_links":{"self":[{"href":"https:\/\/roveyayinevi.com.tr\/index.php\/wp-json\/wp\/v2\/product\/777717","targetHints":{"allow":["GET"]}}],"collection":[{"href":"https:\/\/roveyayinevi.com.tr\/index.php\/wp-json\/wp\/v2\/product"}],"about":[{"href":"https:\/\/roveyayinevi.com.tr\/index.php\/wp-json\/wp\/v2\/types\/product"}],"wp:attachment":[{"href":"https:\/\/roveyayinevi.com.tr\/index.php\/wp-json\/wp\/v2\/media?parent=777717"}],"wp:term":[{"taxonomy":"product_brand","embeddable":true,"href":"https:\/\/roveyayinevi.com.tr\/index.php\/wp-json\/wp\/v2\/product_brand?post=777717"},{"taxonomy":"product_cat","embeddable":true,"href":"https:\/\/roveyayinevi.com.tr\/index.php\/wp-json\/wp\/v2\/product_cat?post=777717"},{"taxonomy":"product_tag","embeddable":true,"href":"https:\/\/roveyayinevi.com.tr\/index.php\/wp-json\/wp\/v2\/product_tag?post=777717"}],"curies":[{"name":"wp","href":"https:\/\/api.w.org\/{rel}","templated":true}]}}