{"id":777716,"date":"2025-10-22T11:52:35","date_gmt":"2025-10-22T08:52:35","guid":{"rendered":"https:\/\/roveyayinevi.com.tr\/index.php\/urun\/alintilarla-erkek\/"},"modified":"2026-04-15T03:43:39","modified_gmt":"2026-04-15T00:43:39","slug":"alintilarla-erkek","status":"publish","type":"product","link":"https:\/\/roveyayinevi.com.tr\/index.php\/urun\/alintilarla-erkek\/","title":{"rendered":"Al\u0131nt\u0131larla Erkek"},"content":{"rendered":"<p>\u00b7         Erkeklerin en soylusu, en temizi, kad\u0131nlara hak ve insafla, \u00e7ocuklara koruyucu \u015fefkatle davranand\u0131r. Hz. Muhammed \u00b7         Erkek, evlilik yolculu\u011funda bir kaptandan ba\u015fka bir \u015fey de\u011fildir. Yolculu\u011fun havas\u0131n\u0131 ise, kad\u0131n belirler. Victor Hugo \u00b7         Erkekler ya\u015flan\u0131r,  kad\u0131nlarsa de\u011fi\u015fir. Goethe \u00b7         Erkeklerin s\u00fcs\u00fc edeptir, kad\u0131nlar\u0131n s\u00fcs\u00fc de alt\u0131nd\u0131r. Hz.Ali \u00b7         Ger\u00e7ek erkekte bir \u00e7ocuk gizlidir. Friedrich Nietzsche \u00b7         Bir toplum, bir millet erkek ve kad\u0131n denilen iki cins insanlardan olu\u015fmaktad\u0131r. Olabilir mi ki, bir kitlenin bir par\u00e7as\u0131n\u0131 ilerletelim. Di\u011ferini g\u00f6zard\u0131 edelim de, kitlenin tamam\u0131 ilerlemi\u015f olabilsin? M\u00fcmk\u00fcn m\u00fcd\u00fcr ki bir toplumun yar\u0131s\u0131 topraklara zincirlerle ba\u011fl\u0131 kald\u0131k\u00e7a di\u011fer k\u0131sm\u0131 g\u00f6klere y\u00fckselebilsin? \u015e\u00fcphe yok, ilerleme ad\u0131mlar\u0131, dedi\u011fim gibi iki cins taraf\u0131ndan beraber, arkada\u015f\u00e7a at\u0131lmak ve geli\u015fme sahalar\u0131nda ve yenilikle birlikte mesafe almak gereklidir. Mustafa Kemal Atat\u00fcrk <\/p>\n","protected":false},"excerpt":{"rendered":"<p>\u00b7 Erkeklerin en soylusu, en temizi, kad\u0131nlara hak ve insafla, \u00e7ocuklara koruyucu \u015fefkatle davranand\u0131r. Hz. Muhammed \u00b7 Erkek, evlilik yolculu\u011funda bir kaptandan ba\u015fka bir \u015fey de\u011fildir.<span class=\"excerpt-hellip\"> [\u2026]<\/span><\/p>\n","protected":false},"featured_media":0,"template":"","meta":{"_monsterinsights_skip_tracking":false,"_monsterinsights_sitenote_active":false,"_monsterinsights_sitenote_note":"","_monsterinsights_sitenote_category":0},"product_brand":[],"product_cat":[141304],"product_tag":[],"class_list":{"0":"post-777716","1":"product","2":"type-product","3":"status-publish","5":"product_cat-yeni-cikanlar","6":"pa_cilt-ciltsiz","7":"pa_tur-kitap","8":"pa_yayinevi-zet-yayinlari","9":"pa_yazar-zakir-cobanoglu","11":"first","12":"instock","13":"sale","14":"shipping-taxable","15":"purchasable","16":"product-type-simple"},"_links":{"self":[{"href":"https:\/\/roveyayinevi.com.tr\/index.php\/wp-json\/wp\/v2\/product\/777716","targetHints":{"allow":["GET"]}}],"collection":[{"href":"https:\/\/roveyayinevi.com.tr\/index.php\/wp-json\/wp\/v2\/product"}],"about":[{"href":"https:\/\/roveyayinevi.com.tr\/index.php\/wp-json\/wp\/v2\/types\/product"}],"wp:attachment":[{"href":"https:\/\/roveyayinevi.com.tr\/index.php\/wp-json\/wp\/v2\/media?parent=777716"}],"wp:term":[{"taxonomy":"product_brand","embeddable":true,"href":"https:\/\/roveyayinevi.com.tr\/index.php\/wp-json\/wp\/v2\/product_brand?post=777716"},{"taxonomy":"product_cat","embeddable":true,"href":"https:\/\/roveyayinevi.com.tr\/index.php\/wp-json\/wp\/v2\/product_cat?post=777716"},{"taxonomy":"product_tag","embeddable":true,"href":"https:\/\/roveyayinevi.com.tr\/index.php\/wp-json\/wp\/v2\/product_tag?post=777716"}],"curies":[{"name":"wp","href":"https:\/\/api.w.org\/{rel}","templated":true}]}}