{"id":777714,"date":"2025-10-22T11:52:33","date_gmt":"2025-10-22T08:52:33","guid":{"rendered":"https:\/\/roveyayinevi.com.tr\/index.php\/urun\/alintilarla-cocuk\/"},"modified":"2026-04-15T03:43:39","modified_gmt":"2026-04-15T00:43:39","slug":"alintilarla-cocuk","status":"publish","type":"product","link":"https:\/\/roveyayinevi.com.tr\/index.php\/urun\/alintilarla-cocuk\/","title":{"rendered":"Al\u0131nt\u0131larla \u00c7ocuk"},"content":{"rendered":"<p>\u00b7         \u00c7ocu\u011fun k\u00fc\u00e7\u00fckl\u00fc\u011f\u00fcndeki yaramazl\u0131\u011f\u0131, b\u00fcy\u00fcd\u00fc\u011f\u00fc zaman akl\u0131n\u0131n \u00e7ok olaca\u011f\u0131n\u0131n alametidir. Hz.Muhammed \u00b7         K\u00fc\u00e7\u00fck han\u0131mlar, k\u00fc\u00e7\u00fck beyler! Sizler hepiniz gelece\u011fin bir g\u00fcl\u00fc, y\u0131ld\u0131z\u0131, bir baht\u0131n\u0131n ayd\u0131nl\u0131\u011f\u0131s\u0131n\u0131z. Memleketi as\u0131l ayd\u0131nl\u0131\u011fa gark edecek sizsiniz. Kendinizin ne kadar \u00f6nemli, k\u0131ymetli oldu\u011funuzu d\u00fc\u015f\u00fcnerek ona g\u00f6re \u00e7al\u0131\u015f\u0131n\u0131z. Sizlerden \u00e7ok \u015feyler bekliyoruz; k\u0131zlar, \u00e7ocuklar! Mustafa Kemal Atat\u00fcrk \u00b7         Bu d\u00fcnya bize atalar\u0131m\u0131zdan miras kalmad\u0131. Biz onu \u00e7ocuklar\u0131m\u0131zdan \u00f6d\u00fcn\u00e7 ald\u0131k. K\u0131z\u0131lderili Atas\u00f6z\u00fc \u00b7         \u00c7ocuk b\u00fcy\u00fct\u00fcrken evi temiz tutmak, kar hala ya\u011farken kap\u0131n\u0131n \u00f6n\u00fcn\u00fc temizlemek gibidir. Phyllis Diller \u00b7         \u00c7ocuk g\u00fcle benzer, bakarsan a\u00e7ar, bakmazsan solar. T\u00fcrk Atas\u00f6z\u00fc \u00b7         Bu vatan, \u00e7ocuklar\u0131m\u0131z ve torunlar\u0131m\u0131z i\u00e7in cennet yap\u0131lmaya lay\u0131kt\u0131r. Mustafa Kemal Atat\u00fcrk \u00b7         \u00c7ocuklar, sizlerin yan\u0131ndad\u0131r ama sizlerin mal\u0131 de\u011fildir. Halil Cibran <\/p>\n","protected":false},"excerpt":{"rendered":"<p>\u00b7 \u00c7ocu\u011fun k\u00fc\u00e7\u00fckl\u00fc\u011f\u00fcndeki yaramazl\u0131\u011f\u0131, b\u00fcy\u00fcd\u00fc\u011f\u00fc zaman akl\u0131n\u0131n \u00e7ok olaca\u011f\u0131n\u0131n alametidir. Hz.Muhammed \u00b7 K\u00fc\u00e7\u00fck han\u0131mlar, k\u00fc\u00e7\u00fck beyler! Sizler hepiniz gelece\u011fin bir g\u00fcl\u00fc, y\u0131ld\u0131z\u0131, bir baht\u0131n\u0131n ayd\u0131nl\u0131\u011f\u0131s\u0131n\u0131z. Memleketi<span class=\"excerpt-hellip\"> [\u2026]<\/span><\/p>\n","protected":false},"featured_media":0,"template":"","meta":{"_monsterinsights_skip_tracking":false,"_monsterinsights_sitenote_active":false,"_monsterinsights_sitenote_note":"","_monsterinsights_sitenote_category":0},"product_brand":[],"product_cat":[141304],"product_tag":[],"class_list":{"0":"post-777714","1":"product","2":"type-product","3":"status-publish","5":"product_cat-yeni-cikanlar","6":"pa_cilt-ciltsiz","7":"pa_tur-kitap","8":"pa_yayinevi-zet-yayinlari","9":"pa_yazar-zakir-cobanoglu","11":"first","12":"instock","13":"sale","14":"shipping-taxable","15":"purchasable","16":"product-type-simple"},"_links":{"self":[{"href":"https:\/\/roveyayinevi.com.tr\/index.php\/wp-json\/wp\/v2\/product\/777714","targetHints":{"allow":["GET"]}}],"collection":[{"href":"https:\/\/roveyayinevi.com.tr\/index.php\/wp-json\/wp\/v2\/product"}],"about":[{"href":"https:\/\/roveyayinevi.com.tr\/index.php\/wp-json\/wp\/v2\/types\/product"}],"wp:attachment":[{"href":"https:\/\/roveyayinevi.com.tr\/index.php\/wp-json\/wp\/v2\/media?parent=777714"}],"wp:term":[{"taxonomy":"product_brand","embeddable":true,"href":"https:\/\/roveyayinevi.com.tr\/index.php\/wp-json\/wp\/v2\/product_brand?post=777714"},{"taxonomy":"product_cat","embeddable":true,"href":"https:\/\/roveyayinevi.com.tr\/index.php\/wp-json\/wp\/v2\/product_cat?post=777714"},{"taxonomy":"product_tag","embeddable":true,"href":"https:\/\/roveyayinevi.com.tr\/index.php\/wp-json\/wp\/v2\/product_tag?post=777714"}],"curies":[{"name":"wp","href":"https:\/\/api.w.org\/{rel}","templated":true}]}}