{"id":777709,"date":"2025-10-22T11:52:23","date_gmt":"2025-10-22T08:52:23","guid":{"rendered":"https:\/\/roveyayinevi.com.tr\/index.php\/urun\/sandikta-hukuk\/"},"modified":"2026-04-15T03:43:38","modified_gmt":"2026-04-15T00:43:38","slug":"sandikta-hukuk","status":"publish","type":"product","link":"https:\/\/roveyayinevi.com.tr\/index.php\/urun\/sandikta-hukuk\/","title":{"rendered":"Sand\u0131kta Hukuk"},"content":{"rendered":"<p>2017 y\u0131l\u0131nda yap\u0131lan Anayasa de\u011fi\u015fikli\u011fi, T\u00fcrkiye\u2019de yaln\u0131zca h\u00fck\u00fcmet sistemini de\u011fil; se\u00e7im hukukunu, temsil anlay\u0131\u015f\u0131n\u0131 ve siyasal me\u015fruiyet d\u00fczenini de k\u00f6kl\u00fc bi\u00e7imde yeniden tan\u0131mlam\u0131\u015ft\u0131r. Bu yeni d\u00f6nemde se\u00e7imler, sadece oy verme i\u015flemi olmaktan \u00e7\u0131km\u0131\u015f; halk iradesinin hukuki kar\u015f\u0131l\u0131k buldu\u011fu bir ortamda anayasal ilkelerle s\u0131nand\u0131\u011f\u0131 ve demokratik i\u015fleyi\u015fin daha s\u0131kl\u0131kla g\u00f6zlemlendi\u011fi bir alan haline gelmi\u015ftir.      Bu eser, 1982 Anayasas\u0131 \u00e7er\u00e7evesinde T\u00fcrkiye B\u00fcy\u00fck Millet Meclisinin kurulu\u015f sistemati\u011fini, milletvekili se\u00e7ilme yeterlili\u011fini, se\u00e7im \u00e7evresi yap\u0131s\u0131n\u0131, adayl\u0131k s\u00fcre\u00e7lerini, oylar\u0131n sandalyeye d\u00f6n\u00fc\u015f\u00fcm\u00fcn\u00fc ve yarg\u0131 denetimini b\u00fct\u00fcnc\u00fcl bir yakla\u015f\u0131mla ele almaktad\u0131r.    Kitap, yaln\u0131zca yasal d\u00fczenlemeleri a\u00e7\u0131klamakla kalmamakta; se\u00e7im hukukunun arkas\u0131ndaki anayasal ilkeleri, siyasal i\u015fleyi\u015fi ve temsilin kurumsal niteli\u011fini analiz etmektedir. Se\u00e7im s\u00fcrecine hem hukuki hem de demokratik bir perspektiften bakmak isteyenler i\u00e7in sa\u011flam bir kaynak sunmaktad\u0131r.     Birinci b\u00f6l\u00fcm, TBMM\u2019nin anayasal temelde nas\u0131l kuruldu\u011funu ve bu yap\u0131n\u0131n demokratik temsille ili\u015fkisini ortaya koymaktad\u0131r.      \u0130kinci b\u00f6l\u00fcm ise se\u00e7im s\u00fcrecini belirleyen temel unsurlar\u0131; adayl\u0131k ko\u015fullar\u0131n\u0131, oy kullan\u0131m\u0131na ili\u015fkin d\u00fczenlemeleri, baraj sistemi ve yarg\u0131 denetimi gibi kritik ba\u015fl\u0131klar\u0131 sistemli bir bi\u00e7imde incelemektedir.    Sand\u0131kta Hukuk, oy verme eyleminin \u00f6tesine ge\u00e7erek, se\u00e7im hukukunun yap\u0131s\u0131n\u0131, demokratik temsilin i\u015fleyi\u015fini ve anayasal \u00e7er\u00e7evenin s\u0131n\u0131rlar\u0131n\u0131 anlamaya katk\u0131 sunan kapsaml\u0131 ve \u00f6zg\u00fcn bir \u00e7al\u0131\u015fmad\u0131r. <\/p>\n","protected":false},"excerpt":{"rendered":"<p>2017 y\u0131l\u0131nda yap\u0131lan Anayasa de\u011fi\u015fikli\u011fi, T\u00fcrkiye\u2019de yaln\u0131zca h\u00fck\u00fcmet sistemini de\u011fil; se\u00e7im hukukunu, temsil anlay\u0131\u015f\u0131n\u0131 ve siyasal me\u015fruiyet d\u00fczenini de k\u00f6kl\u00fc bi\u00e7imde yeniden tan\u0131mlam\u0131\u015ft\u0131r. Bu yeni d\u00f6nemde<span class=\"excerpt-hellip\"> [\u2026]<\/span><\/p>\n","protected":false},"featured_media":0,"template":"","meta":{"_monsterinsights_skip_tracking":false,"_monsterinsights_sitenote_active":false,"_monsterinsights_sitenote_note":"","_monsterinsights_sitenote_category":0},"product_brand":[],"product_cat":[15350],"product_tag":[],"class_list":{"0":"post-777709","1":"product","2":"type-product","3":"status-publish","5":"product_cat-hukuk","6":"pa_cilt-ciltsiz","7":"pa_tur-kitap","8":"pa_yayinevi-astana-yayinlari","9":"pa_yazar-serdar-narin","11":"first","12":"instock","13":"sale","14":"shipping-taxable","15":"purchasable","16":"product-type-simple"},"_links":{"self":[{"href":"https:\/\/roveyayinevi.com.tr\/index.php\/wp-json\/wp\/v2\/product\/777709","targetHints":{"allow":["GET"]}}],"collection":[{"href":"https:\/\/roveyayinevi.com.tr\/index.php\/wp-json\/wp\/v2\/product"}],"about":[{"href":"https:\/\/roveyayinevi.com.tr\/index.php\/wp-json\/wp\/v2\/types\/product"}],"wp:attachment":[{"href":"https:\/\/roveyayinevi.com.tr\/index.php\/wp-json\/wp\/v2\/media?parent=777709"}],"wp:term":[{"taxonomy":"product_brand","embeddable":true,"href":"https:\/\/roveyayinevi.com.tr\/index.php\/wp-json\/wp\/v2\/product_brand?post=777709"},{"taxonomy":"product_cat","embeddable":true,"href":"https:\/\/roveyayinevi.com.tr\/index.php\/wp-json\/wp\/v2\/product_cat?post=777709"},{"taxonomy":"product_tag","embeddable":true,"href":"https:\/\/roveyayinevi.com.tr\/index.php\/wp-json\/wp\/v2\/product_tag?post=777709"}],"curies":[{"name":"wp","href":"https:\/\/api.w.org\/{rel}","templated":true}]}}