{"id":777708,"date":"2025-10-22T11:52:21","date_gmt":"2025-10-22T08:52:21","guid":{"rendered":"https:\/\/roveyayinevi.com.tr\/index.php\/urun\/turk-hukuk-sisteminde-belediye-zabitasi\/"},"modified":"2026-04-15T03:43:38","modified_gmt":"2026-04-15T00:43:38","slug":"turk-hukuk-sisteminde-belediye-zabitasi","status":"publish","type":"product","link":"https:\/\/roveyayinevi.com.tr\/index.php\/urun\/turk-hukuk-sisteminde-belediye-zabitasi\/","title":{"rendered":"T\u00fcrk Hukuk Sisteminde Belediye Zab\u0131tas\u0131"},"content":{"rendered":"<p>Belediye zab\u0131tas\u0131n\u0131 ilgilendiren mevzuat\u0131n da\u011f\u0131n\u0131k olmas\u0131, konu \u00fczerine yap\u0131lan akademik \u00e7al\u0131\u015fmalar\u0131n tutarl\u0131l\u0131\u011f\u0131n\u0131 bozmakta ve daha da \u00f6nemlisi, al\u0131nan idari kararlar\u0131n hukuki temelini zay\u0131flatmaktad\u0131r. Serkan Aktepe\u2019nin bu eseri, zab\u0131ta kurumunun g\u00f6rev, yetki ve idari yapt\u0131r\u0131m usullerini sistematik bir b\u00fct\u00fcnl\u00fck i\u00e7inde sunarak bu karma\u015fay\u0131 gidermeyi ama\u00e7lamaktad\u0131r. Kitap, y\u00f6neticilere hukuka uygun ve etkin bir te\u015fkilat y\u00f6netimi i\u00e7in sa\u011flam bir zemin haz\u0131rlarken, akademisyenlere de literat\u00fcrdeki \u00f6nemli bir bo\u015flu\u011fu dolduran referans bir kaynak olma \u00f6zelli\u011fi g\u00f6stermektedir. Ancak eser, as\u0131l ay\u0131rt edici g\u00fcc\u00fcn\u00fc, idari alan\u0131n \u00f6tesine ge\u00e7erek zab\u0131tan\u0131n ceza hukuku kar\u015f\u0131s\u0131ndaki konumunu analiz etti\u011fi b\u00f6l\u00fcmde g\u00f6steriyor. Zab\u0131ta Personelinin &#8220;fail&#8221;, &#8220;ma\u011fdur&#8221; ya da \u201ctan\u0131k\u201d olabilece\u011fi 22 farkl\u0131 su\u00e7 tipini g\u00fcncel yarg\u0131 kararlar\u0131yla mercek alt\u0131na alarak, sahadaki idari bir i\u015flemin ne zaman a\u011f\u0131r bir cezai sorumlulu\u011fa d\u00f6n\u00fc\u015febilece\u011finin haritas\u0131n\u0131 \u00e7\u0131kar\u0131yor. Bu y\u00f6n\u00fcyle kitap hem kapsaml\u0131 bir mevzuat rehberi hem de kritik bir risk y\u00f6netimi arac\u0131 niteli\u011fi kazanmaktad\u0131r. \u00d6ne \u00c7\u0131kan \u00d6zellikler: \u2022 Da\u011f\u0131n\u0131k mevzuat\u0131n; idari yapt\u0131r\u0131mlar, denetim usulleri ve g\u00f6rev tan\u0131mlar\u0131yla b\u00fct\u00fcnc\u00fcl analizi. \u2022 Personelin taraf olabilece\u011fi 22 farkl\u0131 su\u00e7 tipinin (g\u00f6revi k\u00f6t\u00fcye kullanma, zor kullanma vb.) g\u00fcncel yarg\u0131 kararlar\u0131yla derinlemesine incelenmesi. \u2022 Belediye avukatlar\u0131 ve di\u011fer ara\u015ft\u0131rmac\u0131lar i\u00e7in \u00f6nemli bir referans kayna\u011f\u0131 olmas\u0131.<\/p>\n","protected":false},"excerpt":{"rendered":"<p>Belediye zab\u0131tas\u0131n\u0131 ilgilendiren mevzuat\u0131n da\u011f\u0131n\u0131k olmas\u0131, konu \u00fczerine yap\u0131lan akademik \u00e7al\u0131\u015fmalar\u0131n tutarl\u0131l\u0131\u011f\u0131n\u0131 bozmakta ve daha da \u00f6nemlisi, al\u0131nan idari kararlar\u0131n hukuki temelini zay\u0131flatmaktad\u0131r. Serkan Aktepe\u2019nin bu<span class=\"excerpt-hellip\"> [\u2026]<\/span><\/p>\n","protected":false},"featured_media":0,"template":"","meta":{"_monsterinsights_skip_tracking":false,"_monsterinsights_sitenote_active":false,"_monsterinsights_sitenote_note":"","_monsterinsights_sitenote_category":0},"product_brand":[],"product_cat":[15350],"product_tag":[],"class_list":{"0":"post-777708","1":"product","2":"type-product","3":"status-publish","5":"product_cat-hukuk","6":"pa_cilt-ciltsiz","7":"pa_tur-kitap","8":"pa_yayinevi-astana-yayinlari","9":"pa_yazar-serkan-aktepe","11":"first","12":"instock","13":"sale","14":"shipping-taxable","15":"purchasable","16":"product-type-simple"},"_links":{"self":[{"href":"https:\/\/roveyayinevi.com.tr\/index.php\/wp-json\/wp\/v2\/product\/777708","targetHints":{"allow":["GET"]}}],"collection":[{"href":"https:\/\/roveyayinevi.com.tr\/index.php\/wp-json\/wp\/v2\/product"}],"about":[{"href":"https:\/\/roveyayinevi.com.tr\/index.php\/wp-json\/wp\/v2\/types\/product"}],"wp:attachment":[{"href":"https:\/\/roveyayinevi.com.tr\/index.php\/wp-json\/wp\/v2\/media?parent=777708"}],"wp:term":[{"taxonomy":"product_brand","embeddable":true,"href":"https:\/\/roveyayinevi.com.tr\/index.php\/wp-json\/wp\/v2\/product_brand?post=777708"},{"taxonomy":"product_cat","embeddable":true,"href":"https:\/\/roveyayinevi.com.tr\/index.php\/wp-json\/wp\/v2\/product_cat?post=777708"},{"taxonomy":"product_tag","embeddable":true,"href":"https:\/\/roveyayinevi.com.tr\/index.php\/wp-json\/wp\/v2\/product_tag?post=777708"}],"curies":[{"name":"wp","href":"https:\/\/api.w.org\/{rel}","templated":true}]}}