{"id":777706,"date":"2025-10-22T11:51:52","date_gmt":"2025-10-22T08:51:52","guid":{"rendered":"https:\/\/roveyayinevi.com.tr\/index.php\/urun\/kiyametin-ruzgari\/"},"modified":"2026-04-15T03:43:35","modified_gmt":"2026-04-15T00:43:35","slug":"kiyametin-ruzgari","status":"publish","type":"product","link":"https:\/\/roveyayinevi.com.tr\/index.php\/urun\/kiyametin-ruzgari\/","title":{"rendered":"K\u0131yametin R\u00fczgar\u0131"},"content":{"rendered":"<p>D\u00fcnya, insanl\u0131\u011f\u0131n sonunu getiren \u00f6l\u00fcmc\u00fcl bir salg\u0131n\u0131n pen\u00e7esine d\u00fc\u015fm\u00fc\u015ft\u00fcr. Sokaklarda \u00e7\u00fcr\u00fcyen bedenler yeniden dirilerek ya\u015fayanlara sald\u0131r\u0131r. Kaos, ihanet ve \u00f6l\u00fcm yeni d\u00fczenin en sert kurallar\u0131d\u0131r. Cezaevinden ka\u00e7arak ba\u015flayan yolculuklar\u0131, zombilerden daha tehlikeli olan insanlarla y\u00fczle\u015fmelerine d\u00f6n\u00fc\u015f\u00fcr. Eski hayatlar\u0131n\u0131 geride b\u0131raksalar da her ad\u0131mda yeni s\u0131rlar, kanl\u0131 hesapla\u015fmalar ve ac\u0131 kay\u0131plarla s\u0131nan\u0131rlar. B\u00fcy\u00fck duvarlarla \u00e7evrili, eski d\u00fcnyaya benzeyen g\u00fcvenli alanlar vard\u0131r. Ama bu duvarlar\u0131n ard\u0131nda bile her \u015fey g\u00f6r\u00fcnd\u00fc\u011f\u00fc gibi de\u011fildir. \u0130hanet g\u00f6lgelerde, intikam yeminleri dudaklarda dola\u015f\u0131r. Her ad\u0131mda dost ile d\u00fc\u015fman birbirine kar\u0131\u015f\u0131r.   Tam umutlar\u0131n yeniden ye\u015ferece\u011fi s\u0131rada g\u00f6ky\u00fcz\u00fcnde yank\u0131lanan motor sesleri, yeni bir felaketi haber verir. Sald\u0131r\u0131lar hesapla\u015fmalar ve b\u00fcy\u00fck s\u0131rlar, insanl\u0131\u011f\u0131n gelece\u011fini yeniden \u015fekillendirecektir.   Hayatta kalmak bir \u015fanst\u0131r. Ama g\u00fcvenmek bir hatad\u0131r. <\/p>\n","protected":false},"excerpt":{"rendered":"<p>D\u00fcnya, insanl\u0131\u011f\u0131n sonunu getiren \u00f6l\u00fcmc\u00fcl bir salg\u0131n\u0131n pen\u00e7esine d\u00fc\u015fm\u00fc\u015ft\u00fcr. Sokaklarda \u00e7\u00fcr\u00fcyen bedenler yeniden dirilerek ya\u015fayanlara sald\u0131r\u0131r. Kaos, ihanet ve \u00f6l\u00fcm yeni d\u00fczenin en sert kurallar\u0131d\u0131r. Cezaevinden<span class=\"excerpt-hellip\"> [\u2026]<\/span><\/p>\n","protected":false},"featured_media":0,"template":"","meta":{"_monsterinsights_skip_tracking":false,"_monsterinsights_sitenote_active":false,"_monsterinsights_sitenote_note":"","_monsterinsights_sitenote_category":0},"product_brand":[],"product_cat":[12291,12711],"product_tag":[],"class_list":{"0":"post-777706","1":"product","2":"type-product","3":"status-publish","5":"product_cat-edebiyat","6":"product_cat-roman-oyku","7":"pa_cilt-ciltsiz","8":"pa_tur-kitap","9":"pa_yayinevi-perge-yayinlari","10":"pa_yazar-huseyin-kenan-yucel","12":"first","13":"instock","14":"sale","15":"shipping-taxable","16":"purchasable","17":"product-type-simple"},"_links":{"self":[{"href":"https:\/\/roveyayinevi.com.tr\/index.php\/wp-json\/wp\/v2\/product\/777706","targetHints":{"allow":["GET"]}}],"collection":[{"href":"https:\/\/roveyayinevi.com.tr\/index.php\/wp-json\/wp\/v2\/product"}],"about":[{"href":"https:\/\/roveyayinevi.com.tr\/index.php\/wp-json\/wp\/v2\/types\/product"}],"wp:attachment":[{"href":"https:\/\/roveyayinevi.com.tr\/index.php\/wp-json\/wp\/v2\/media?parent=777706"}],"wp:term":[{"taxonomy":"product_brand","embeddable":true,"href":"https:\/\/roveyayinevi.com.tr\/index.php\/wp-json\/wp\/v2\/product_brand?post=777706"},{"taxonomy":"product_cat","embeddable":true,"href":"https:\/\/roveyayinevi.com.tr\/index.php\/wp-json\/wp\/v2\/product_cat?post=777706"},{"taxonomy":"product_tag","embeddable":true,"href":"https:\/\/roveyayinevi.com.tr\/index.php\/wp-json\/wp\/v2\/product_tag?post=777706"}],"curies":[{"name":"wp","href":"https:\/\/api.w.org\/{rel}","templated":true}]}}