{"id":777705,"date":"2025-10-22T11:51:50","date_gmt":"2025-10-22T08:51:50","guid":{"rendered":"https:\/\/roveyayinevi.com.tr\/index.php\/urun\/cumhuriyete-karsi-kufur-romanlari\/"},"modified":"2026-04-15T03:43:35","modified_gmt":"2026-04-15T00:43:35","slug":"cumhuriyete-karsi-kufur-romanlari","status":"publish","type":"product","link":"https:\/\/roveyayinevi.com.tr\/index.php\/urun\/cumhuriyete-karsi-kufur-romanlari\/","title":{"rendered":"Cumhuriyet\u2019e Kar\u015f\u0131 K\u00fcf\u00fcr Romanlar\u0131"},"content":{"rendered":"<p>Cumhuriyet\u2019e Kar\u015f\u0131 K\u00fcf\u00fcr Romanlar\u0131, klasik bir edebiyat incelemesinin \u00f6tesine ge\u00e7erek T\u00fcrkiye\u2019nin k\u00fclt\u00fcrel belle\u011findeki ideolojik i\u015flevlere meydan okuyor ve onlar\u0131 tek tek te\u015fhir ediyor. Yal\u00e7\u0131n K\u00fc\u00e7\u00fck, 12 Eyl\u00fcl sonras\u0131nda roman ad\u0131yla piyasaya s\u00fcr\u00fclen metinleri analiz ederek solu ve ilericili\u011fi mahk\u00fbm eden, bireyi k\u00fc\u00e7\u00fclterek, esteti\u011fi \u00e7\u00fcr\u00fcten bir yaz\u0131 evrenini g\u00f6zler \u00f6n\u00fcne seriyor. K\u00fc\u00e7\u00fck, bu \u00e7al\u0131\u015fmas\u0131nda Kundera\u2019dan Orhan Pamuk\u2019a, Pamuk\u2019tan Latife Tekin\u2019e ve Ahmet Altan\u2019a uzanan \u00e7izgide, \u201ck\u00fcf\u00fcr romanlar\u0131\u201dn\u0131n nas\u0131l bir teslimiyet projesine d\u00f6n\u00fc\u015ft\u00fc\u011f\u00fcn\u00fc g\u00f6steriyor. K\u00fc\u00e7\u00fck\u2019\u00fcn keskin diliyle a\u00e7\u0131\u011fa \u00e7\u0131kan bu analiz, okuru yaln\u0131zca edebiyat\u0131 tart\u0131\u015fmaya de\u011fil, Cumhuriyet\u2019in d\u00fc\u015f\u00fcnsel gelece\u011fi \u00fczerine yeniden d\u00fc\u015f\u00fcnmeye davet ediyor.  \u201cT\u00fcrkiye ilericili\u011finin sorunlar\u0131n\u0131 \u2018fazla kitab\u00ee\u2019 olmakta g\u00f6rm\u00fcyorum. Tam tersine \u2018az kitab\u00ee\u2019 olmakta buluyorum.\u201d <\/p>\n","protected":false},"excerpt":{"rendered":"<p>Cumhuriyet\u2019e Kar\u015f\u0131 K\u00fcf\u00fcr Romanlar\u0131, klasik bir edebiyat incelemesinin \u00f6tesine ge\u00e7erek T\u00fcrkiye\u2019nin k\u00fclt\u00fcrel belle\u011findeki ideolojik i\u015flevlere meydan okuyor ve onlar\u0131 tek tek te\u015fhir ediyor. Yal\u00e7\u0131n K\u00fc\u00e7\u00fck, 12<span class=\"excerpt-hellip\"> [\u2026]<\/span><\/p>\n","protected":false},"featured_media":0,"template":"","meta":{"_monsterinsights_skip_tracking":false,"_monsterinsights_sitenote_active":false,"_monsterinsights_sitenote_note":"","_monsterinsights_sitenote_category":0},"product_brand":[],"product_cat":[141304],"product_tag":[],"class_list":{"0":"post-777705","1":"product","2":"type-product","3":"status-publish","5":"product_cat-yeni-cikanlar","6":"pa_cilt-ciltsiz","7":"pa_tur-kitap","8":"pa_yayinevi-kirmizi-kedi-yayinevi","9":"pa_yazar-yalcin-kucuk","11":"first","12":"instock","13":"sale","14":"shipping-taxable","15":"purchasable","16":"product-type-simple"},"_links":{"self":[{"href":"https:\/\/roveyayinevi.com.tr\/index.php\/wp-json\/wp\/v2\/product\/777705","targetHints":{"allow":["GET"]}}],"collection":[{"href":"https:\/\/roveyayinevi.com.tr\/index.php\/wp-json\/wp\/v2\/product"}],"about":[{"href":"https:\/\/roveyayinevi.com.tr\/index.php\/wp-json\/wp\/v2\/types\/product"}],"wp:attachment":[{"href":"https:\/\/roveyayinevi.com.tr\/index.php\/wp-json\/wp\/v2\/media?parent=777705"}],"wp:term":[{"taxonomy":"product_brand","embeddable":true,"href":"https:\/\/roveyayinevi.com.tr\/index.php\/wp-json\/wp\/v2\/product_brand?post=777705"},{"taxonomy":"product_cat","embeddable":true,"href":"https:\/\/roveyayinevi.com.tr\/index.php\/wp-json\/wp\/v2\/product_cat?post=777705"},{"taxonomy":"product_tag","embeddable":true,"href":"https:\/\/roveyayinevi.com.tr\/index.php\/wp-json\/wp\/v2\/product_tag?post=777705"}],"curies":[{"name":"wp","href":"https:\/\/api.w.org\/{rel}","templated":true}]}}