{"id":777703,"date":"2025-10-22T11:51:47","date_gmt":"2025-10-22T08:51:47","guid":{"rendered":"https:\/\/roveyayinevi.com.tr\/index.php\/urun\/ciplak-heykeller-sisman-gladyatorler-ve-savas-filleri\/"},"modified":"2026-04-15T03:43:35","modified_gmt":"2026-04-15T00:43:35","slug":"ciplak-heykeller-sisman-gladyatorler-ve-savas-filleri","status":"publish","type":"product","link":"https:\/\/roveyayinevi.com.tr\/index.php\/urun\/ciplak-heykeller-sisman-gladyatorler-ve-savas-filleri\/","title":{"rendered":"\u00c7\u0131plak Heykeller, \u015ei\u015fman Gladyat\u00f6rler ve Sava\u015f Filleri"},"content":{"rendered":"<p>Yunanlar pantolon giyer miydi? Romal\u0131lar nas\u0131l t\u0131ra\u015f olurdu? O zamanlar do\u011fum kontrol y\u00f6ntemi olarak ne kullan\u0131yorlard\u0131? \u0130nsan kurban ederler miydi? Yunan heykelleri niye genelde \u00e7\u0131plakt\u0131r?   Antik Yunan ve Antik Roma tarih\u00e7isi Garrett Ryan, al\u0131\u015f\u0131ld\u0131k as\u0131k suratl\u0131 ve s\u0131k\u0131c\u0131 akademisyenlerden biraz farkl\u0131! Birbirinden \u201cbasit\u201d g\u00f6r\u00fcnen sorulara verdi\u011fi cevaplarla Ryan, s\u0131radan hayat\u0131n i\u00e7indeki detaylara bakmam\u0131z\u0131 sa\u011flarken hem tarihin e\u011flenceli yanlar\u0131na dal\u0131yor hem de g\u00fcndelik ya\u015fam tarihinin klasik \u201csava\u015flar, krallar ve komutanlar\u201d tarihine k\u0131yasla \u00e7ok daha zengin oldu\u011funu g\u00f6zler \u00f6n\u00fcne seriyor. \u00c7\u0131plak Heykeller, \u015ei\u015fman Gladyat\u00f6rler ve Sava\u015f Filleri, soru-cevaplar\u0131yla zihninizi a\u00e7acak! <\/p>\n","protected":false},"excerpt":{"rendered":"<p>Yunanlar pantolon giyer miydi? Romal\u0131lar nas\u0131l t\u0131ra\u015f olurdu? O zamanlar do\u011fum kontrol y\u00f6ntemi olarak ne kullan\u0131yorlard\u0131? \u0130nsan kurban ederler miydi? Yunan heykelleri niye genelde \u00e7\u0131plakt\u0131r? Antik<span class=\"excerpt-hellip\"> [\u2026]<\/span><\/p>\n","protected":false},"featured_media":0,"template":"","meta":{"_monsterinsights_skip_tracking":false,"_monsterinsights_sitenote_active":false,"_monsterinsights_sitenote_note":"","_monsterinsights_sitenote_category":0},"product_brand":[],"product_cat":[12304],"product_tag":[],"class_list":{"0":"post-777703","1":"product","2":"type-product","3":"status-publish","5":"product_cat-tarih","6":"pa_cilt-ciltsiz","7":"pa_tur-kitap","8":"pa_yayinevi-mundi","9":"pa_yazar-garrett-ryan","11":"first","12":"instock","13":"sale","14":"shipping-taxable","15":"purchasable","16":"product-type-simple"},"_links":{"self":[{"href":"https:\/\/roveyayinevi.com.tr\/index.php\/wp-json\/wp\/v2\/product\/777703","targetHints":{"allow":["GET"]}}],"collection":[{"href":"https:\/\/roveyayinevi.com.tr\/index.php\/wp-json\/wp\/v2\/product"}],"about":[{"href":"https:\/\/roveyayinevi.com.tr\/index.php\/wp-json\/wp\/v2\/types\/product"}],"wp:attachment":[{"href":"https:\/\/roveyayinevi.com.tr\/index.php\/wp-json\/wp\/v2\/media?parent=777703"}],"wp:term":[{"taxonomy":"product_brand","embeddable":true,"href":"https:\/\/roveyayinevi.com.tr\/index.php\/wp-json\/wp\/v2\/product_brand?post=777703"},{"taxonomy":"product_cat","embeddable":true,"href":"https:\/\/roveyayinevi.com.tr\/index.php\/wp-json\/wp\/v2\/product_cat?post=777703"},{"taxonomy":"product_tag","embeddable":true,"href":"https:\/\/roveyayinevi.com.tr\/index.php\/wp-json\/wp\/v2\/product_tag?post=777703"}],"curies":[{"name":"wp","href":"https:\/\/api.w.org\/{rel}","templated":true}]}}