{"id":777699,"date":"2025-10-22T11:51:39","date_gmt":"2025-10-22T08:51:39","guid":{"rendered":"https:\/\/roveyayinevi.com.tr\/index.php\/urun\/cocuklar-icin-fen-deneyleri\/"},"modified":"2026-04-15T03:43:35","modified_gmt":"2026-04-15T00:43:35","slug":"cocuklar-icin-fen-deneyleri","status":"publish","type":"product","link":"https:\/\/roveyayinevi.com.tr\/index.php\/urun\/cocuklar-icin-fen-deneyleri\/","title":{"rendered":"\u00c7ocuklar \u0130\u00e7in Fen Deneyleri"},"content":{"rendered":"<p>\u00c7ocuklar \u0130\u00e7in Fen Deneyleri sayesinde, evinizde kolayca bulabilece\u011finiz malzemeleri kullanarak etkileyici ve t\u00fcm\u00fc \u00e7ocuklar taraf\u0131ndan denenmi\u015f fen deneylerini kolayca yapabileceksiniz. Ba\u015far\u0131l\u0131 bir fen \u00f6\u011fretmeni olan Tom Robinson, biyolojiden kimyaya, fizikten uzaya uzanan geni\u015f bir yelpazede yer alan pek \u00e7ok farkl\u0131 konuyu ele al\u0131yor ve size bilimsel ufkunuzu nas\u0131l geni\u015fletebilece\u011finizi g\u00f6steriyor. Bu kitap sayesinde a\u015fa\u011f\u0131daki t\u00fcrden sorular\u0131n yan\u0131tlar\u0131n\u0131 bizzat deneyerek ke\u015ffedeceksiniz:  \u0130\u00e7ine \u00fcflemeden balon \u015fi\u015firmek m\u00fcmk\u00fcn olabilir mi?  M\u0131knat\u0131s\u0131n metalleri \u00e7ekmemesi sa\u011flanabilir mi?  Bir havuzu sadece bir ki\u015finin nefesiyle temizlemek m\u00fcmk\u00fcn olabilir mi?  Yumurtay\u0131 hi\u00e7 dokunmadan \u015fi\u015fenin i\u00e7ine sokabilir miyiz? Haydi, hemen i\u015fe koyulun ve kitapta yer alan e\u011flenceli deneyleri ger\u00e7ekle\u015ftirmeye, \u201cfotosentez\u201d gibi bilimsel terimleri \u00f6\u011frenmeye ve bir kau\u00e7uk a\u011fac\u0131ndan g\u00fcnde ka\u00e7 balon \u00fcretilebilece\u011fi gibi \u015fa\u015f\u0131rt\u0131c\u0131 ger\u00e7ekleri ke\u015ffetmeye ba\u015flay\u0131n. \u00c7ocuklar \u0130\u00e7in Fen Deneyleri, e\u011flenceyle bilimi harmanlayarak sizi fen d\u00fcnyas\u0131n\u0131 kolayca deneyimleyebilece\u011finiz bir yolculu\u011fa \u00e7\u0131kar\u0131yor.<\/p>\n","protected":false},"excerpt":{"rendered":"<p>\u00c7ocuklar \u0130\u00e7in Fen Deneyleri sayesinde, evinizde kolayca bulabilece\u011finiz malzemeleri kullanarak etkileyici ve t\u00fcm\u00fc \u00e7ocuklar taraf\u0131ndan denenmi\u015f fen deneylerini kolayca yapabileceksiniz. Ba\u015far\u0131l\u0131 bir fen \u00f6\u011fretmeni olan Tom<span class=\"excerpt-hellip\"> [\u2026]<\/span><\/p>\n","protected":false},"featured_media":0,"template":"","meta":{"_monsterinsights_skip_tracking":false,"_monsterinsights_sitenote_active":false,"_monsterinsights_sitenote_note":"","_monsterinsights_sitenote_category":0},"product_brand":[],"product_cat":[13829,12274],"product_tag":[],"class_list":{"0":"post-777699","1":"product","2":"type-product","3":"status-publish","5":"product_cat-bilimsel-kitaplar","6":"product_cat-cocuk-ve-genclik-kitaplari","7":"pa_cilt-ciltsiz","8":"pa_tur-kitap","9":"pa_yayinevi-1001-cicek-kitaplar","10":"pa_yazar-tom-robinson","12":"first","13":"instock","14":"sale","15":"shipping-taxable","16":"purchasable","17":"product-type-simple"},"_links":{"self":[{"href":"https:\/\/roveyayinevi.com.tr\/index.php\/wp-json\/wp\/v2\/product\/777699","targetHints":{"allow":["GET"]}}],"collection":[{"href":"https:\/\/roveyayinevi.com.tr\/index.php\/wp-json\/wp\/v2\/product"}],"about":[{"href":"https:\/\/roveyayinevi.com.tr\/index.php\/wp-json\/wp\/v2\/types\/product"}],"wp:attachment":[{"href":"https:\/\/roveyayinevi.com.tr\/index.php\/wp-json\/wp\/v2\/media?parent=777699"}],"wp:term":[{"taxonomy":"product_brand","embeddable":true,"href":"https:\/\/roveyayinevi.com.tr\/index.php\/wp-json\/wp\/v2\/product_brand?post=777699"},{"taxonomy":"product_cat","embeddable":true,"href":"https:\/\/roveyayinevi.com.tr\/index.php\/wp-json\/wp\/v2\/product_cat?post=777699"},{"taxonomy":"product_tag","embeddable":true,"href":"https:\/\/roveyayinevi.com.tr\/index.php\/wp-json\/wp\/v2\/product_tag?post=777699"}],"curies":[{"name":"wp","href":"https:\/\/api.w.org\/{rel}","templated":true}]}}