{"id":777698,"date":"2025-10-22T11:51:35","date_gmt":"2025-10-22T08:51:35","guid":{"rendered":"https:\/\/roveyayinevi.com.tr\/index.php\/urun\/bilimin-izinde-cesur-turk-kadinlarinin-hikayesi\/"},"modified":"2026-04-15T03:43:35","modified_gmt":"2026-04-15T00:43:35","slug":"bilimin-izinde-cesur-turk-kadinlarinin-hikayesi","status":"publish","type":"product","link":"https:\/\/roveyayinevi.com.tr\/index.php\/urun\/bilimin-izinde-cesur-turk-kadinlarinin-hikayesi\/","title":{"rendered":"Bilimin \u0130zinde Cesur T\u00fcrk Kad\u0131nlar\u0131n\u0131n Hikayesi"},"content":{"rendered":"<p>Unutma sen de yapabilirsin!.. Bilim, kimi zaman bir mikroskobun merce\u011finde, kimi zaman gece yar\u0131s\u0131 yan\u0131p s\u00f6nen bir laboratuvar \u0131\u015f\u0131\u011f\u0131nda, kimi zaman da bir gen\u00e7 k\u0131z\u0131n kalbinde filizlenen merakla do\u011far. Ama her zaman cesaret ister\u2026 L\u2019Or\u00e9al T\u00fcrkiye\u2019nin UNESCO T\u00fcrkiye Milli Komisyonu i\u015f birli\u011fiyle y\u00fcr\u00fctt\u00fc\u011f\u00fc ve 23. y\u0131l\u0131na ula\u015fan \u201cBilim Kad\u0131nlar\u0131 \u0130\u00e7in\u201d Program\u0131n\u0131n destekledi\u011fi bu kitap, gen\u00e7 k\u0131zlara \u201cSen de yapabilirsin!\u201d demeyi, yeni nesillere yol g\u00f6stermeyi ve bilimin cinsiyet kal\u0131plar\u0131yla s\u0131n\u0131rlanamayaca\u011f\u0131n\u0131 bir kez daha hat\u0131rlatmay\u0131 ama\u00e7l\u0131yor. Bilimin \u0130zinde Cesur T\u00fcrk Kad\u0131nlar\u0131n\u0131n Hik\u00e2yesi, L\u2019Or\u00e9al T\u00fcrkiye\u2019nin \u201cBilim Kad\u0131nlar\u0131 \u0130\u00e7in\u201d Program\u0131ndan \u00f6d\u00fcl alan, cesaretleri ile bilim yolunda ilerleyen bilim kad\u0131nlar\u0131n\u0131n yolculu\u011funu anlat\u0131yor. Onlar, toplumun g\u00f6r\u00fcnmez duvarlar\u0131n\u0131 a\u015farak kendi \u0131\u015f\u0131klar\u0131n\u0131 \u00e7o\u011faltan, bilime tutkuyla ba\u011flanan ve geride umut dolu bir iz b\u0131rakan kad\u0131nlar. Her biri kendi alan\u0131nda \u00e7\u0131\u011f\u0131r a\u00e7arken, ayn\u0131 zamanda gelecek ku\u015faklara \u201csen de yapabilirsin\u201d diyor. \u00c7\u00fcnk\u00fc bu hik\u00e2yeler yaln\u0131zca bilimsel ba\u015far\u0131lar\u0131n de\u011fil; sabr\u0131n, inanc\u0131n, hayallerin ve e\u015fitlik aray\u0131\u015f\u0131n\u0131n hik\u00e2yeleri\u2026 Bu kitap, bilimin yaln\u0131zca ak\u0131lla de\u011fil; y\u00fcrekle, azimle ve umudun en saf haliyle var oldu\u011funu hat\u0131rlat\u0131yor. Her sayfa, bilime adanm\u0131\u015f bir \u00f6mr\u00fcn yank\u0131s\u0131n\u0131 ta\u015f\u0131rken, ayn\u0131 zamanda yar\u0131n\u0131 kuracak gen\u00e7 k\u0131zlara f\u0131s\u0131ld\u0131yor: \u201cHayallerinin pe\u015finden git, \u00e7\u00fcnk\u00fc senin bilime, bilimin de kad\u0131nlara yani sana ihtiyac\u0131 var.\u201d Bu kitab\u0131n sat\u0131\u015f\u0131ndan do\u011facak telif gelirlerinin tamam\u0131 Bilim Kahramanlar\u0131 Derne\u011fi\u2019ne ba\u011f\u0131\u015flanacakt\u0131r. <\/p>\n","protected":false},"excerpt":{"rendered":"<p>Unutma sen de yapabilirsin!.. Bilim, kimi zaman bir mikroskobun merce\u011finde, kimi zaman gece yar\u0131s\u0131 yan\u0131p s\u00f6nen bir laboratuvar \u0131\u015f\u0131\u011f\u0131nda, kimi zaman da bir gen\u00e7 k\u0131z\u0131n kalbinde<span class=\"excerpt-hellip\"> [\u2026]<\/span><\/p>\n","protected":false},"featured_media":0,"template":"","meta":{"_monsterinsights_skip_tracking":false,"_monsterinsights_sitenote_active":false,"_monsterinsights_sitenote_note":"","_monsterinsights_sitenote_category":0},"product_brand":[],"product_cat":[12291,18202],"product_tag":[],"class_list":{"0":"post-777698","1":"product","2":"type-product","3":"status-publish","5":"product_cat-edebiyat","6":"product_cat-hikaye","7":"pa_cilt-ciltsiz","8":"pa_tur-kitap","9":"pa_yayinevi-kirmizi-kedi-yayinevi","10":"pa_yazar-kolektif","12":"first","13":"instock","14":"sale","15":"shipping-taxable","16":"purchasable","17":"product-type-simple"},"_links":{"self":[{"href":"https:\/\/roveyayinevi.com.tr\/index.php\/wp-json\/wp\/v2\/product\/777698","targetHints":{"allow":["GET"]}}],"collection":[{"href":"https:\/\/roveyayinevi.com.tr\/index.php\/wp-json\/wp\/v2\/product"}],"about":[{"href":"https:\/\/roveyayinevi.com.tr\/index.php\/wp-json\/wp\/v2\/types\/product"}],"wp:attachment":[{"href":"https:\/\/roveyayinevi.com.tr\/index.php\/wp-json\/wp\/v2\/media?parent=777698"}],"wp:term":[{"taxonomy":"product_brand","embeddable":true,"href":"https:\/\/roveyayinevi.com.tr\/index.php\/wp-json\/wp\/v2\/product_brand?post=777698"},{"taxonomy":"product_cat","embeddable":true,"href":"https:\/\/roveyayinevi.com.tr\/index.php\/wp-json\/wp\/v2\/product_cat?post=777698"},{"taxonomy":"product_tag","embeddable":true,"href":"https:\/\/roveyayinevi.com.tr\/index.php\/wp-json\/wp\/v2\/product_tag?post=777698"}],"curies":[{"name":"wp","href":"https:\/\/api.w.org\/{rel}","templated":true}]}}