{"id":777694,"date":"2025-10-22T11:51:13","date_gmt":"2025-10-22T08:51:13","guid":{"rendered":"https:\/\/roveyayinevi.com.tr\/index.php\/urun\/100-soruda-turkiyede-isci-hareketleri\/"},"modified":"2026-04-15T03:43:15","modified_gmt":"2026-04-15T00:43:15","slug":"100-soruda-turkiyede-isci-hareketleri","status":"publish","type":"product","link":"https:\/\/roveyayinevi.com.tr\/index.php\/urun\/100-soruda-turkiyede-isci-hareketleri\/","title":{"rendered":"100 Soruda T\u00fcrkiye&#8217;de \u0130\u015f\u00e7i Hareketleri"},"content":{"rendered":"<p>T\u00fcrkiye&#8217;de i\u015f\u00e7i s\u0131n\u0131f\u0131 m\u00fccadelesinin do\u011frudan i\u00e7inde yer alm\u0131\u015f, alan\u0131n en yetkin yazarlar\u0131ndan Kemal S\u00fclker, &#8220;100 Soruda T\u00fcrkiye&#8217;de \u0130\u015f\u00e7i Hareketleri&#8221;nde, kitab\u0131n kapsad\u0131\u011f\u0131 d\u00f6nem itibariyle son derece \u00f6nemli ayr\u0131nt\u0131lar\u0131, b\u00fct\u00fcnc\u00fcl bir anlat\u0131mla konunun merakl\u0131lar\u0131n\u0131n dikkatine sunuyor. &#8220;\u0130\u015f\u00e7iler, sosyal bir s\u0131n\u0131ft\u0131r; \u00e7\u0131karlar\u0131, i\u015f\u00e7i s\u0131n\u0131f\u0131ndan olmayanlarla, genellikle \u00fcretim ara\u00e7lar\u0131na sahip olanlar ve i\u015f birlik\u00e7i b\u00fcrokratlarla \u00e7eli\u015fir, \u00e7at\u0131\u015f\u0131r. \u0130\u015f\u00e7iler, her memlekette b\u00fct\u00fcn de\u011ferlerin yarat\u0131c\u0131lar\u0131 olduklar\u0131 h\u00e2lde, \u00e7ok uzun s\u00fcre k\u00f6le, esir, \u00fcvey evlat muamelesi g\u00f6rm\u00fc\u015flerdir. \u0130\u015fte, i\u015f\u00e7iler bu durumdan kurtulmak, kendi vatanlar\u0131nda insanca ya\u015famak i\u00e7in bir\u00e7ok m\u00fccadeleler yapm\u0131\u015flard\u0131r. \u00d6zellikle i\u015f\u00e7ilere \u00f6zg\u00fc meslek ve politika \u00f6rg\u00fctleri kurmak, oy hakk\u0131na (se\u00e7mek, se\u00e7ilmek) kavu\u015fmak, grev yapmak, \u00e7al\u0131\u015fma s\u00fcresini azalt\u0131p, \u00fccreti y\u00fckseltmek, kendileriyle ve giderek memleketin \u00f6z \u00e7\u0131karlar\u0131yla ilgili konularda s\u00f6z ve karar sahibi olmak yolunda b\u00fct\u00fcn ara\u00e7lara ba\u015fvurmu\u015flard\u0131r.  \u0130\u015fte, i\u015f\u00e7i hareketleri, i\u015f\u00e7i s\u0131n\u0131f\u0131n\u0131n genel \u00e7\u0131karlar\u0131n\u0131 ve i\u015f\u00e7ilerin ekonomik ve politik s\u00f6m\u00fcr\u00fcden kurtulma m\u00fccadelelerini t\u00fcm\u00fcyle kapsar.Biz bu kitapta yaln\u0131z T\u00fcrkiye\u2019deki i\u015f\u00e7i hareketlerini ana hatlar\u0131 ve tarih\u00ee ak\u0131\u015f\u0131 i\u00e7inde anlatmak istiyoruz.&#8221; Kemal S\u00fclker <\/p>\n","protected":false},"excerpt":{"rendered":"<p>T\u00fcrkiye&#8217;de i\u015f\u00e7i s\u0131n\u0131f\u0131 m\u00fccadelesinin do\u011frudan i\u00e7inde yer alm\u0131\u015f, alan\u0131n en yetkin yazarlar\u0131ndan Kemal S\u00fclker, &#8220;100 Soruda T\u00fcrkiye&#8217;de \u0130\u015f\u00e7i Hareketleri&#8221;nde, kitab\u0131n kapsad\u0131\u011f\u0131 d\u00f6nem itibariyle son derece \u00f6nemli<span class=\"excerpt-hellip\"> [\u2026]<\/span><\/p>\n","protected":false},"featured_media":0,"template":"","meta":{"_monsterinsights_skip_tracking":false,"_monsterinsights_sitenote_active":false,"_monsterinsights_sitenote_note":"","_monsterinsights_sitenote_category":0},"product_brand":[],"product_cat":[141304],"product_tag":[],"class_list":{"0":"post-777694","1":"product","2":"type-product","3":"status-publish","5":"product_cat-yeni-cikanlar","6":"pa_cilt-ciltsiz","7":"pa_tur-kitap","8":"pa_yayinevi-telgrafhane-yayinlari","9":"pa_yazar-kemal-sulker","11":"first","12":"instock","13":"sale","14":"shipping-taxable","15":"purchasable","16":"product-type-simple"},"_links":{"self":[{"href":"https:\/\/roveyayinevi.com.tr\/index.php\/wp-json\/wp\/v2\/product\/777694","targetHints":{"allow":["GET"]}}],"collection":[{"href":"https:\/\/roveyayinevi.com.tr\/index.php\/wp-json\/wp\/v2\/product"}],"about":[{"href":"https:\/\/roveyayinevi.com.tr\/index.php\/wp-json\/wp\/v2\/types\/product"}],"wp:attachment":[{"href":"https:\/\/roveyayinevi.com.tr\/index.php\/wp-json\/wp\/v2\/media?parent=777694"}],"wp:term":[{"taxonomy":"product_brand","embeddable":true,"href":"https:\/\/roveyayinevi.com.tr\/index.php\/wp-json\/wp\/v2\/product_brand?post=777694"},{"taxonomy":"product_cat","embeddable":true,"href":"https:\/\/roveyayinevi.com.tr\/index.php\/wp-json\/wp\/v2\/product_cat?post=777694"},{"taxonomy":"product_tag","embeddable":true,"href":"https:\/\/roveyayinevi.com.tr\/index.php\/wp-json\/wp\/v2\/product_tag?post=777694"}],"curies":[{"name":"wp","href":"https:\/\/api.w.org\/{rel}","templated":true}]}}