{"id":777690,"date":"2025-10-22T11:50:32","date_gmt":"2025-10-22T08:50:32","guid":{"rendered":"https:\/\/roveyayinevi.com.tr\/index.php\/urun\/ordu-ve-siyaset-1923-1960\/"},"modified":"2026-04-15T03:43:11","modified_gmt":"2026-04-15T00:43:11","slug":"ordu-ve-siyaset-1923-1960","status":"publish","type":"product","link":"https:\/\/roveyayinevi.com.tr\/index.php\/urun\/ordu-ve-siyaset-1923-1960\/","title":{"rendered":"Ordu ve Siyaset: 1923-1960"},"content":{"rendered":"<p>\u201cOrdunun deste\u011fi olmadan, Kemalist d\u00f6n\u00fc\u015f\u00fcmlerin hi\u00e7biri kolay ger\u00e7ekle\u015ftirilemezdi.\u201d \u2013 Mevl\u00fct Bozdemir   Cumhuriyet\u2019in kurulu\u015fundan 27 May\u0131s 1960\u2019a uzanan s\u00fcre\u00e7&#8230;   T\u00fcrk Silahl\u0131 Kuvvetleri\u2019nin siyasetteki rol\u00fc, devletin in\u015fas\u0131nda \u00fcstlendi\u011fi g\u00f6revler ve darbeye giden yolun ta\u015flar\u0131&#8230;   Prof. Dr. \u00dcmit \u00d6zda\u011f, y\u0131llara yay\u0131lan titiz bir ara\u015ft\u0131rmayla; ar\u015fiv belgeleri, an\u0131lar, g\u00f6r\u00fc\u015fmeler ve daha \u00f6nce kullan\u0131lmam\u0131\u015f kaynaklar \u0131\u015f\u0131\u011f\u0131nda, T\u00fcrkiye\u2019nin en kritik d\u00f6nemlerinden birini ele al\u0131yor. Atat\u00fcrk ve \u0130n\u00f6n\u00fc d\u00f6nemlerinde ordunun siyasete bak\u0131\u015f\u0131, Demokrat Parti iktidar\u0131nda ya\u015fanan gerilimler ve 27 May\u0131s\u2019a giden s\u00fcrecin b\u00fct\u00fcn ayr\u0131nt\u0131lar\u0131 bu kapsaml\u0131 \u00e7al\u0131\u015fmada inceleniyor.   Yak\u0131n tarihimizin en tart\u0131\u015fmal\u0131 konular\u0131ndan biri olan ordu-siyaset ili\u015fkisine farkl\u0131 bir perspektif kazand\u0131ran bu eser, yaln\u0131zca tarih merakl\u0131lar\u0131 i\u00e7in de\u011fil; demokrasinin, devlet gelene\u011finin ve siyasal k\u00fclt\u00fcr\u00fcn nas\u0131l \u015fekillendi\u011fini anlamak isteyen herkes i\u00e7in temel bir ba\u015fvuru kayna\u011f\u0131d\u0131r. <\/p>\n","protected":false},"excerpt":{"rendered":"<p>\u201cOrdunun deste\u011fi olmadan, Kemalist d\u00f6n\u00fc\u015f\u00fcmlerin hi\u00e7biri kolay ger\u00e7ekle\u015ftirilemezdi.\u201d \u2013 Mevl\u00fct Bozdemir Cumhuriyet\u2019in kurulu\u015fundan 27 May\u0131s 1960\u2019a uzanan s\u00fcre\u00e7&#8230; T\u00fcrk Silahl\u0131 Kuvvetleri\u2019nin siyasetteki rol\u00fc, devletin in\u015fas\u0131nda \u00fcstlendi\u011fi<span class=\"excerpt-hellip\"> [\u2026]<\/span><\/p>\n","protected":false},"featured_media":0,"template":"","meta":{"_monsterinsights_skip_tracking":false,"_monsterinsights_sitenote_active":false,"_monsterinsights_sitenote_note":"","_monsterinsights_sitenote_category":0},"product_brand":[],"product_cat":[13590,12337],"product_tag":[],"class_list":{"0":"post-777690","1":"product","2":"type-product","3":"status-publish","5":"product_cat-arastirma-inceleme-politika-siyaset","6":"product_cat-politika-siyaset","7":"pa_cilt-ciltsiz","8":"pa_tur-kitap","9":"pa_yayinevi-destek-yayinlari","10":"pa_yazar-umit-ozdag","12":"first","13":"instock","14":"sale","15":"shipping-taxable","16":"purchasable","17":"product-type-simple"},"_links":{"self":[{"href":"https:\/\/roveyayinevi.com.tr\/index.php\/wp-json\/wp\/v2\/product\/777690","targetHints":{"allow":["GET"]}}],"collection":[{"href":"https:\/\/roveyayinevi.com.tr\/index.php\/wp-json\/wp\/v2\/product"}],"about":[{"href":"https:\/\/roveyayinevi.com.tr\/index.php\/wp-json\/wp\/v2\/types\/product"}],"wp:attachment":[{"href":"https:\/\/roveyayinevi.com.tr\/index.php\/wp-json\/wp\/v2\/media?parent=777690"}],"wp:term":[{"taxonomy":"product_brand","embeddable":true,"href":"https:\/\/roveyayinevi.com.tr\/index.php\/wp-json\/wp\/v2\/product_brand?post=777690"},{"taxonomy":"product_cat","embeddable":true,"href":"https:\/\/roveyayinevi.com.tr\/index.php\/wp-json\/wp\/v2\/product_cat?post=777690"},{"taxonomy":"product_tag","embeddable":true,"href":"https:\/\/roveyayinevi.com.tr\/index.php\/wp-json\/wp\/v2\/product_tag?post=777690"}],"curies":[{"name":"wp","href":"https:\/\/api.w.org\/{rel}","templated":true}]}}