{"id":777689,"date":"2025-10-22T11:50:22","date_gmt":"2025-10-22T08:50:22","guid":{"rendered":"https:\/\/roveyayinevi.com.tr\/index.php\/urun\/uyanis-11\/"},"modified":"2026-04-15T03:43:10","modified_gmt":"2026-04-15T00:43:10","slug":"uyanis-11","status":"publish","type":"product","link":"https:\/\/roveyayinevi.com.tr\/index.php\/urun\/uyanis-11\/","title":{"rendered":"Uyan\u0131\u015f"},"content":{"rendered":"<p>\u2018\u2019Milli Bilin\u00e7\u2019\u2019 \u00dclkemizin i\u00e7inden ge\u00e7ti\u011fi bu zor g\u00fcnlerde, toplar, t\u00fcfekler, ekonomik krizler, darbeler, ihanetler, zorluklar kar\u015f\u0131s\u0131nda s\u00f6nmek bilmeyen, hatta gittik\u00e7e canlanan bir \u0131\u015f\u0131k, i\u00e7imizde do\u011fan bir \u015fafak olacakt\u0131r. Bu \u015fuura ula\u015fmak i\u00e7in, ac\u0131lar \u00e7ekmek, k\u0131vranarak sanc\u0131lar duymak gerekir. D\u00fcnyada hangi da\u011fa zahmetsizce t\u0131rman\u0131labilir? Hangi do\u011fum ac\u0131s\u0131z ve sanc\u0131s\u0131zd\u0131r? Tarihin b\u00fct\u00fcn \u015fanl\u0131 devletleri, milletlerin b\u00fcy\u00fck s\u0131\u00e7ramalar\u0131 hep bu \u015fuurla alevlenmi\u015ftir. T\u00fcrk milleti bu bilince kavu\u015fmu\u015f olarak kendini \u00e7ok iyi bilmeli ve gelece\u011fe umutla bakmal\u0131d\u0131r. O \u015funu \u00e7ok iyi bilmelidir ki, kendi \u00f6z benli\u011fini bulmu\u015f ve milli \u015fuura eri\u015fmi\u015f milletlere zeval yoktur. \u0130yilik de k\u00f6t\u00fcl\u00fckte bize ancak kendi i\u00e7imizden gelir. Milli bilincin faydas\u0131na inanmayanlar\u0131n acaba g\u00fcvendikleri nedir? O bilin\u00e7 de\u011fil midir bizi tarih boyunca ayakta tutan. O halde haydi bismillah diyerek yeniden \u2018\u2019UYANI\u015e\u2019\u2019 yolculu\u011fumuz ba\u015flas\u0131n. <\/p>\n","protected":false},"excerpt":{"rendered":"<p>\u2018\u2019Milli Bilin\u00e7\u2019\u2019 \u00dclkemizin i\u00e7inden ge\u00e7ti\u011fi bu zor g\u00fcnlerde, toplar, t\u00fcfekler, ekonomik krizler, darbeler, ihanetler, zorluklar kar\u015f\u0131s\u0131nda s\u00f6nmek bilmeyen, hatta gittik\u00e7e canlanan bir \u0131\u015f\u0131k, i\u00e7imizde do\u011fan bir<span class=\"excerpt-hellip\"> [\u2026]<\/span><\/p>\n","protected":false},"featured_media":0,"template":"","meta":{"_monsterinsights_skip_tracking":false,"_monsterinsights_sitenote_active":false,"_monsterinsights_sitenote_note":"","_monsterinsights_sitenote_category":0},"product_brand":[],"product_cat":[12777,12291],"product_tag":[],"class_list":{"0":"post-777689","1":"product","2":"type-product","3":"status-publish","5":"product_cat-deneme","6":"product_cat-edebiyat","7":"pa_cilt-ciltsiz","8":"pa_tur-kitap","9":"pa_yayinevi-gulnar-yayinlari","10":"pa_yazar-nurettin-karaca","12":"first","13":"instock","14":"sale","15":"shipping-taxable","16":"purchasable","17":"product-type-simple"},"_links":{"self":[{"href":"https:\/\/roveyayinevi.com.tr\/index.php\/wp-json\/wp\/v2\/product\/777689","targetHints":{"allow":["GET"]}}],"collection":[{"href":"https:\/\/roveyayinevi.com.tr\/index.php\/wp-json\/wp\/v2\/product"}],"about":[{"href":"https:\/\/roveyayinevi.com.tr\/index.php\/wp-json\/wp\/v2\/types\/product"}],"wp:attachment":[{"href":"https:\/\/roveyayinevi.com.tr\/index.php\/wp-json\/wp\/v2\/media?parent=777689"}],"wp:term":[{"taxonomy":"product_brand","embeddable":true,"href":"https:\/\/roveyayinevi.com.tr\/index.php\/wp-json\/wp\/v2\/product_brand?post=777689"},{"taxonomy":"product_cat","embeddable":true,"href":"https:\/\/roveyayinevi.com.tr\/index.php\/wp-json\/wp\/v2\/product_cat?post=777689"},{"taxonomy":"product_tag","embeddable":true,"href":"https:\/\/roveyayinevi.com.tr\/index.php\/wp-json\/wp\/v2\/product_tag?post=777689"}],"curies":[{"name":"wp","href":"https:\/\/api.w.org\/{rel}","templated":true}]}}