{"id":777687,"date":"2025-10-22T11:50:14","date_gmt":"2025-10-22T08:50:14","guid":{"rendered":"https:\/\/roveyayinevi.com.tr\/index.php\/urun\/icimizdeki-karanlik-yan-sapkinligin-tarihi\/"},"modified":"2026-04-15T03:43:09","modified_gmt":"2026-04-15T00:43:09","slug":"icimizdeki-karanlik-yan-sapkinligin-tarihi","status":"publish","type":"product","link":"https:\/\/roveyayinevi.com.tr\/index.php\/urun\/icimizdeki-karanlik-yan-sapkinligin-tarihi\/","title":{"rendered":"\u0130\u00e7imizdeki Karanl\u0131k Yan &#8211; Sapk\u0131nl\u0131\u011f\u0131n Tarihi"},"content":{"rendered":"<p>Sapk\u0131nl\u0131k nerede ba\u015flar? Kimdir sap\u0131k?Orta\u00e7a\u011f&#8217;dan g\u00fcn\u00fcm\u00fcze bilin\u00e7li k\u00f6t\u00fcl\u00fckten, kendine ya da ba\u015fkas\u0131na zarar vermek yahut yok etmekten haz duyan herkes &#8220;sapk\u0131n&#8221; olarak tan\u0131mlanm\u0131\u015ft\u0131r. Ancak sapk\u0131nl\u0131k kategorisine giren eylemler her d\u00f6nemde farkl\u0131la\u015fm\u0131\u015f, bu evrensel tabir kendi d\u00f6nemi i\u00e7erisindeki ko\u015fullara g\u00f6re anla\u015f\u0131lm\u0131\u015f ve i\u015flenmi\u015ftir.Roudinesco, &#8220;sapk\u0131nl\u0131k&#8221; ve &#8220;sap\u0131kl\u0131k&#8221; kavramlar\u0131n\u0131n izini psikanaliz, tarih, felsefe, edebiyat ve siyasetin kesi\u015fiminde s\u00fcrerek k\u00fclt\u00fcrel tarih ba\u011flam\u0131nda irdeliyor. Sapk\u0131nl\u0131\u011f\u0131n yaln\u0131zca cinsellikle s\u0131n\u0131rl\u0131 olmad\u0131\u011f\u0131n\u0131, ayn\u0131 zamanda insanl\u0131\u011f\u0131n karanl\u0131k y\u00fcz\u00fcn\u00fc, k\u00f6t\u00fcl\u00fckle ili\u015fkisini ve toplumsal d\u00fczenle m\u00fccadelesinin arac\u0131s\u0131 k\u0131ld\u0131\u011f\u0131n\u0131 g\u00f6sterirken; sap\u0131kl\u0131\u011f\u0131 da yaln\u0131zca patolojik ya da kriminal bir olgu de\u011fil; ayn\u0131 zamanda k\u00fclt\u00fcr\u00fcn, sanat\u0131n ve tarihin yap\u0131ta\u015f\u0131, hem y\u00fcce hem de korkun\u00e7 bir insan deneyimi olarak ele al\u0131yor.Orta\u00e7a\u011f&#8217;da Gilles de Rais, mistik azizeler ve k\u0131rba\u00e7\u00e7\u0131 tarikatlar; on sekizinci y\u00fczy\u0131lda Marquis de Sade; on dokuzuncu y\u00fczy\u0131lda erkek e\u015fcinselli\u011fi ve histerik kad\u0131n imgeleri; yirminci y\u00fczy\u0131lda Nazizm; yirmi birinci y\u00fczy\u0131lda ise pedofil ile ter\u00f6rist fig\u00fcrler \u00fczerinden, her toplumun \u00f6n s\u00fcrd\u00fc\u011f\u00fc sapk\u0131nl\u0131k tan\u0131mlamas\u0131 arac\u0131l\u0131\u011f\u0131yla asl\u0131nda kendi normlar\u0131n\u0131 nas\u0131l korudu\u011funu da g\u00f6steriyor.\u00c7\u00fcnk\u00fc bu, i\u00e7imizdeki karanl\u0131k yand\u0131r.<\/p>\n","protected":false},"excerpt":{"rendered":"<p>Sapk\u0131nl\u0131k nerede ba\u015flar? Kimdir sap\u0131k?Orta\u00e7a\u011f&#8217;dan g\u00fcn\u00fcm\u00fcze bilin\u00e7li k\u00f6t\u00fcl\u00fckten, kendine ya da ba\u015fkas\u0131na zarar vermek yahut yok etmekten haz duyan herkes &#8220;sapk\u0131n&#8221; olarak tan\u0131mlanm\u0131\u015ft\u0131r. Ancak sapk\u0131nl\u0131k kategorisine<span class=\"excerpt-hellip\"> [\u2026]<\/span><\/p>\n","protected":false},"featured_media":0,"template":"","meta":{"_monsterinsights_skip_tracking":false,"_monsterinsights_sitenote_active":false,"_monsterinsights_sitenote_note":"","_monsterinsights_sitenote_category":0},"product_brand":[],"product_cat":[12370,12304],"product_tag":[],"class_list":{"0":"post-777687","1":"product","2":"type-product","3":"status-publish","5":"product_cat-arastirma-inceleme","6":"product_cat-tarih","7":"pa_cilt-ciltsiz","8":"pa_tur-kitap","9":"pa_yayinevi-sel-yayincilik","10":"pa_yazar-elisabeth-roudinesco","12":"first","13":"instock","14":"sale","15":"shipping-taxable","16":"purchasable","17":"product-type-simple"},"_links":{"self":[{"href":"https:\/\/roveyayinevi.com.tr\/index.php\/wp-json\/wp\/v2\/product\/777687","targetHints":{"allow":["GET"]}}],"collection":[{"href":"https:\/\/roveyayinevi.com.tr\/index.php\/wp-json\/wp\/v2\/product"}],"about":[{"href":"https:\/\/roveyayinevi.com.tr\/index.php\/wp-json\/wp\/v2\/types\/product"}],"wp:attachment":[{"href":"https:\/\/roveyayinevi.com.tr\/index.php\/wp-json\/wp\/v2\/media?parent=777687"}],"wp:term":[{"taxonomy":"product_brand","embeddable":true,"href":"https:\/\/roveyayinevi.com.tr\/index.php\/wp-json\/wp\/v2\/product_brand?post=777687"},{"taxonomy":"product_cat","embeddable":true,"href":"https:\/\/roveyayinevi.com.tr\/index.php\/wp-json\/wp\/v2\/product_cat?post=777687"},{"taxonomy":"product_tag","embeddable":true,"href":"https:\/\/roveyayinevi.com.tr\/index.php\/wp-json\/wp\/v2\/product_tag?post=777687"}],"curies":[{"name":"wp","href":"https:\/\/api.w.org\/{rel}","templated":true}]}}