{"id":777685,"date":"2025-10-22T11:50:10","date_gmt":"2025-10-22T08:50:10","guid":{"rendered":"https:\/\/roveyayinevi.com.tr\/index.php\/urun\/katil-kadinlar\/"},"modified":"2026-04-15T03:43:09","modified_gmt":"2026-04-15T00:43:09","slug":"katil-kadinlar","status":"publish","type":"product","link":"https:\/\/roveyayinevi.com.tr\/index.php\/urun\/katil-kadinlar\/","title":{"rendered":"Katil Kad\u0131nlar"},"content":{"rendered":"<p>Ayn\u0131 zamanda bir hukuk\u00e7u da olan \u015eilili edebiyat\u00e7\u0131 Alia Trabucco Zer\u00e1n, ses getiren \u00f6d\u00fcll\u00fc \u00e7al\u0131\u015fmas\u0131 Katil Kad\u0131nlar&#8217;da, d\u00f6rt farkl\u0131 d\u00f6nemde, i\u015fledikleri cinayetlerle toplumda infiale yol a\u00e7an d\u00f6rt farkl\u0131 kad\u0131n\u0131n hik\u00e2yesini, gerek eylemlerini gerekse yarg\u0131lama s\u00fcre\u00e7lerini titizlikle irdeleyerek aktar\u0131yor. Deli, k\u0131skan\u00e7, \u00e2\u015f\u0131k kad\u0131n stereotiplerine s\u0131k\u0131\u015ft\u0131r\u0131lm\u0131\u015f bu hik\u00e2yelerle, kayda ge\u00e7irilen h\u00e2kim anlat\u0131y\u0131 yap\u0131s\u00f6k\u00fcme u\u011fratarak, eril tahakk\u00fcm\u00fcn i\u015fleyi\u015fini bir kez daha g\u00f6rmemizi ve toplumsal cinsiyet yasalar\u0131na ele\u015ftirel bir g\u00f6zle bakmam\u0131z\u0131 sa\u011fl\u0131yor.Zer\u00e1n, d\u00fcnya \u00fczerindeki pek \u00e7ok \u00fclke ve ulus gibi, &#8220;sessizlik yemini&#8221; \u00fczerine kurulmu\u015f \u015eili&#8217;nin diktat\u00f6rl\u00fck ve katliamlarla, s\u0131n\u0131fsal \u015fiddetle ve delilik boyutuna varm\u0131\u015f kad\u0131n k\u0131r\u0131m\u0131yla \u00f6r\u00fcl\u00fc tarihinin en kuytular\u0131nda gezinerek her t\u00fcrden suskunluk s\u00f6zle\u015fmesini ihlal ediyor. Bas\u0131n\u0131n tam da kad\u0131n hareketinin \u00f6nemli kazan\u0131mlar elde etti\u011fi d\u00f6nemlerde i\u015flenen bu cinayetler \u00fczerinden k\u00f6p\u00fcrtt\u00fc\u011f\u00fc ahlaki pani\u011fi, af \u015feklinde tecelli eden patriyarkal yarg\u0131 mant\u0131\u011f\u0131n\u0131 ve verili rolleri s\u00fcrekli yeniden tanzim \u00e7abalar\u0131n\u0131 ustal\u0131kla \u00e7\u00f6z\u00fcml\u00fcyor. Kitab\u0131n ad\u0131n\u0131 her dile getiri\u015finde &#8220;Katledilen kad\u0131nlar m\u0131?&#8221; sorusunun i\u015faret etti\u011fi, zihinde z\u0131mnen me\u015frula\u015ft\u0131r\u0131lan \u015fiddetin ve k\u00fclt\u00fcrel sa\u011f\u0131rl\u0131\u011f\u0131n kodlar\u0131n\u0131 fa\u015f ediyor. Yarg\u0131lanma s\u00fcre\u00e7lerinden bas\u0131n\u0131n haberle\u015ftirme diline var\u0131ncaya tan\u0131k oldu\u011fumuz a\u015final\u0131k ise can yak\u0131yor.\u00d6ld\u00fcren erkek oldu\u011funda, erkekli\u011finin sorgulanmad\u0131\u011f\u0131na, su\u00e7un bireyselli\u011fine, failin kimi nas\u0131l neden \u00f6ld\u00fcrd\u00fc\u011f\u00fcn\u00fcn, kulland\u0131\u011f\u0131 silah\u0131n ya da i\u00e7inde bulundu\u011fu \u015fartlar\u0131n dahi \u00f6nemsizle\u015fti\u011fine dikkat \u00e7ekiyor Zer\u00e1n. Ancak katil bir kad\u0131n oldu\u011funda, yarg\u0131lanan her d\u00f6nemde b\u00fct\u00fcn bir kad\u0131nl\u0131k oluyor. \u00c7\u00fcnk\u00fc kad\u0131n dedi\u011fin katil de\u011fil deli\u015fmen bir sevgili, sonra itaatk\u00e2r bir e\u015f, sonra da fedak\u00e2r bir anne, sad\u0131k bir hizmet\u00e7i ve korunmaya muhta\u00e7 bir varl\u0131k olmal\u0131d\u0131r. Aksi yaln\u0131zca yasalar\u0131 de\u011fil, b\u00fct\u00fcn bir d\u00fczeni tehdit eder.\u0130\u015fte tam da bu nedenle, &#8220;k\u00f6t\u00fc kad\u0131nlar\u0131 hat\u0131rlamak da feminizme d\u00fc\u015fen bir g\u00f6revdir.&#8221;<\/p>\n","protected":false},"excerpt":{"rendered":"<p>Ayn\u0131 zamanda bir hukuk\u00e7u da olan \u015eilili edebiyat\u00e7\u0131 Alia Trabucco Zer\u00e1n, ses getiren \u00f6d\u00fcll\u00fc \u00e7al\u0131\u015fmas\u0131 Katil Kad\u0131nlar&#8217;da, d\u00f6rt farkl\u0131 d\u00f6nemde, i\u015fledikleri cinayetlerle toplumda infiale yol a\u00e7an<span class=\"excerpt-hellip\"> [\u2026]<\/span><\/p>\n","protected":false},"featured_media":0,"template":"","meta":{"_monsterinsights_skip_tracking":false,"_monsterinsights_sitenote_active":false,"_monsterinsights_sitenote_note":"","_monsterinsights_sitenote_category":0},"product_brand":[],"product_cat":[14741,13488],"product_tag":[],"class_list":{"0":"post-777685","1":"product","2":"type-product","3":"status-publish","5":"product_cat-kadin-sorunlari-feminizm","6":"product_cat-toplum-ve-insan","7":"pa_cilt-ciltsiz","8":"pa_tur-kitap","9":"pa_yayinevi-sel-yayincilik","10":"pa_yazar-alia-trabucco-zeran","12":"first","13":"instock","14":"sale","15":"shipping-taxable","16":"purchasable","17":"product-type-simple"},"_links":{"self":[{"href":"https:\/\/roveyayinevi.com.tr\/index.php\/wp-json\/wp\/v2\/product\/777685","targetHints":{"allow":["GET"]}}],"collection":[{"href":"https:\/\/roveyayinevi.com.tr\/index.php\/wp-json\/wp\/v2\/product"}],"about":[{"href":"https:\/\/roveyayinevi.com.tr\/index.php\/wp-json\/wp\/v2\/types\/product"}],"wp:attachment":[{"href":"https:\/\/roveyayinevi.com.tr\/index.php\/wp-json\/wp\/v2\/media?parent=777685"}],"wp:term":[{"taxonomy":"product_brand","embeddable":true,"href":"https:\/\/roveyayinevi.com.tr\/index.php\/wp-json\/wp\/v2\/product_brand?post=777685"},{"taxonomy":"product_cat","embeddable":true,"href":"https:\/\/roveyayinevi.com.tr\/index.php\/wp-json\/wp\/v2\/product_cat?post=777685"},{"taxonomy":"product_tag","embeddable":true,"href":"https:\/\/roveyayinevi.com.tr\/index.php\/wp-json\/wp\/v2\/product_tag?post=777685"}],"curies":[{"name":"wp","href":"https:\/\/api.w.org\/{rel}","templated":true}]}}