{"id":777684,"date":"2025-10-22T11:50:07","date_gmt":"2025-10-22T08:50:07","guid":{"rendered":"https:\/\/roveyayinevi.com.tr\/index.php\/urun\/sevmenin-kitabi\/"},"modified":"2026-04-15T03:43:09","modified_gmt":"2026-04-15T00:43:09","slug":"sevmenin-kitabi","status":"publish","type":"product","link":"https:\/\/roveyayinevi.com.tr\/index.php\/urun\/sevmenin-kitabi\/","title":{"rendered":"Sevmenin Kitab\u0131"},"content":{"rendered":"<p>Sevmenin bir kitab\u0131 olabilir mi? Eduardo Galeano&#8217;ya g\u00f6re, evet. \u00c7\u00fcnk\u00fc onun kaleminde sevmek, yaln\u0131zca bir duygu de\u011fil; d\u00fcnyay\u0131 de\u011fi\u015ftiren bir g\u00fc\u00e7, insan\u0131 insana yakla\u015ft\u0131ran bir \u00f6zg\u00fcrl\u00fck alan\u0131d\u0131r. Sevmenin Kitab\u0131 ise Galeano&#8217;nun ac\u0131 tatl\u0131 g\u00f6n\u00fcl ser\u00fcvenlerini, i\u00e7ten dostluklar\u0131 ve g\u00fcndelik hayat\u0131n getirdi\u011fi \u0131\u015f\u0131lt\u0131l\u0131 enstantaneleri s\u00fczgecinden ge\u00e7irerek sat\u0131rlara d\u00f6kt\u00fc\u011f\u00fc, en etkileyici metinlerinden bir araya getirilen bir g\u00fcldeste.S\u00fcrd\u00fcr\u00fclen ya da sonlanan birliktelikler, s\u0131\u011f\u0131n\u0131lan ya da kovulan \u00fclkeler, yolda\u015fl\u0131klar, ba\u011f\u0131\u015flayan ve cezaland\u0131ran tanr\u0131lar, s\u0131rt\u0131n\u0131 g\u00fcne\u015fe yaslayanlar, hat\u0131rlay\u0131\u015flar, unutu\u015flar&#8230; Galeano&#8217;nun, a\u015fk\u0131n bir\u00e7ok ve\u00e7hesinden bahsederken, \u015fahitlik etti\u011fi ve kayda ge\u00e7irdi\u011fi adaletsizliklere ra\u011fmen insan ruhunu anlama konusundaki takdire \u015fayan \u00e7abas\u0131, okurunu ihtimallerin heyecan\u0131na haz\u0131rlamakla kalm\u0131yor, d\u00fcnyada bulmaya \u00e7abalad\u0131\u011f\u0131 sevgiye ve g\u00fczelli\u011fe de ayna tutuyor.Okuru s\u0131n\u0131rlar\u0131 belirli bir kafese de\u011fil, pencereleri ve kap\u0131lar\u0131 ard\u0131na kadar a\u00e7\u0131k bir d\u00fcnyaya davet eden Galeano; k\u00fc\u00e7\u00fck ayr\u0131nt\u0131larda sakl\u0131 b\u00fcy\u00fck hakikatleri, h\u00fcz\u00fcnle kar\u0131\u015f\u0131k bir mizah ve derin bir \u015fiirsellikle anlat\u0131yor.Ne de olsa sevgi hem en k\u0131r\u0131lgan hem de en sars\u0131lmaz direni\u015f bi\u00e7imidir.<\/p>\n","protected":false},"excerpt":{"rendered":"<p>Sevmenin bir kitab\u0131 olabilir mi? Eduardo Galeano&#8217;ya g\u00f6re, evet. \u00c7\u00fcnk\u00fc onun kaleminde sevmek, yaln\u0131zca bir duygu de\u011fil; d\u00fcnyay\u0131 de\u011fi\u015ftiren bir g\u00fc\u00e7, insan\u0131 insana yakla\u015ft\u0131ran bir \u00f6zg\u00fcrl\u00fck<span class=\"excerpt-hellip\"> [\u2026]<\/span><\/p>\n","protected":false},"featured_media":0,"template":"","meta":{"_monsterinsights_skip_tracking":false,"_monsterinsights_sitenote_active":false,"_monsterinsights_sitenote_note":"","_monsterinsights_sitenote_category":0},"product_brand":[],"product_cat":[12777,12291],"product_tag":[],"class_list":{"0":"post-777684","1":"product","2":"type-product","3":"status-publish","5":"product_cat-deneme","6":"product_cat-edebiyat","7":"pa_cilt-ciltsiz","8":"pa_tur-kitap","9":"pa_yayinevi-sel-yayincilik","10":"pa_yazar-eduardo-galeano","12":"first","13":"instock","14":"sale","15":"shipping-taxable","16":"purchasable","17":"product-type-simple"},"_links":{"self":[{"href":"https:\/\/roveyayinevi.com.tr\/index.php\/wp-json\/wp\/v2\/product\/777684","targetHints":{"allow":["GET"]}}],"collection":[{"href":"https:\/\/roveyayinevi.com.tr\/index.php\/wp-json\/wp\/v2\/product"}],"about":[{"href":"https:\/\/roveyayinevi.com.tr\/index.php\/wp-json\/wp\/v2\/types\/product"}],"wp:attachment":[{"href":"https:\/\/roveyayinevi.com.tr\/index.php\/wp-json\/wp\/v2\/media?parent=777684"}],"wp:term":[{"taxonomy":"product_brand","embeddable":true,"href":"https:\/\/roveyayinevi.com.tr\/index.php\/wp-json\/wp\/v2\/product_brand?post=777684"},{"taxonomy":"product_cat","embeddable":true,"href":"https:\/\/roveyayinevi.com.tr\/index.php\/wp-json\/wp\/v2\/product_cat?post=777684"},{"taxonomy":"product_tag","embeddable":true,"href":"https:\/\/roveyayinevi.com.tr\/index.php\/wp-json\/wp\/v2\/product_tag?post=777684"}],"curies":[{"name":"wp","href":"https:\/\/api.w.org\/{rel}","templated":true}]}}