{"id":777682,"date":"2025-10-22T11:08:58","date_gmt":"2025-10-22T08:08:58","guid":{"rendered":"https:\/\/roveyayinevi.com.tr\/index.php\/urun\/ilk-piyano-kitabim-klasik-melodiler-ciltli\/"},"modified":"2025-10-29T11:12:20","modified_gmt":"2025-10-29T08:12:20","slug":"ilk-piyano-kitabim-klasik-melodiler-ciltli","status":"publish","type":"product","link":"https:\/\/roveyayinevi.com.tr\/index.php\/urun\/ilk-piyano-kitabim-klasik-melodiler-ciltli\/","title":{"rendered":"\u0130lk Piyano Kitab\u0131m Klasik Melodiler (Ciltli)"},"content":{"rendered":"<p>\u0130lk Piyano Kitab\u0131m Klasik Melodiler   Elektronik klavyede 7 kolay par\u00e7ay\u0131 hem \u00e7al\u0131n hem e\u011flenin!   En sevilen melodiler parmaklar\u0131n\u0131n ucunda!   Bu kitapta en sevdi\u011fin m\u00fczik par\u00e7alar\u0131n\u0131n kolayca \u00e7alabilece\u011fin notalar\u0131n\u0131 bulacaks\u0131n! Vivaldi\u2019nin \u00fcnl\u00fc D\u00f6rt Mevsim\u2019inden, \u00c7aykovski\u2019nin Ku\u011fu G\u00f6l\u00fc\u2019ne kadar bir\u00e7ok klasik eser seni bekliyor   Kitab\u0131m\u0131z\u0131n i\u00e7indeki \u015fark\u0131lar: &#8211;         \u0130lkbahar (D\u00f6rt Mevsim) \u2013 Vivaldi &#8211;         Bolero \u2013 Ravel &#8211;         F\u00fcr Elise \u2013 Beethoven &#8211;         G\u00fczel Mavi Tuna \u2013 Strauss &#8211;         Eine Kleine Nachtmusik \u2013 Mozart &#8211;         Ku\u011fu G\u00f6l\u00fc \u2013 \u00c7aykovski &#8211;         F\u0131nd\u0131kk\u0131ran \u2013 \u00c7aykocski   Nas\u0131l m\u0131 \u00e7alacaks\u0131n?   Kolayca! Elektronik klavyede her notaya ait numaraya ve renge uygun tu\u015fa basacaks\u0131n. K\u0131sa s\u00fcrede en sevdi\u011fin melodileri \u00e7almaya ba\u015flayacaks\u0131n. <\/p>\n","protected":false},"excerpt":{"rendered":"<p>\u0130lk Piyano Kitab\u0131m Klasik Melodiler Elektronik klavyede 7 kolay par\u00e7ay\u0131 hem \u00e7al\u0131n hem e\u011flenin! En sevilen melodiler parmaklar\u0131n\u0131n ucunda! Bu kitapta en sevdi\u011fin m\u00fczik par\u00e7alar\u0131n\u0131n kolayca<span class=\"excerpt-hellip\"> [\u2026]<\/span><\/p>\n","protected":false},"featured_media":0,"template":"","meta":{"_monsterinsights_skip_tracking":false,"_monsterinsights_sitenote_active":false,"_monsterinsights_sitenote_note":"","_monsterinsights_sitenote_category":0},"product_brand":[],"product_cat":[12274,12649],"product_tag":[],"class_list":{"0":"post-777682","1":"product","2":"type-product","3":"status-publish","5":"product_cat-cocuk-ve-genclik-kitaplari","6":"product_cat-hobi-muzik","7":"pa_cilt-ciltli","8":"pa_tur-kitap","9":"pa_yayinevi-ucan-fil-yayinlari","10":"pa_yazar-kolektif","12":"first","13":"instock","14":"sale","15":"shipping-taxable","16":"purchasable","17":"product-type-simple"},"_links":{"self":[{"href":"https:\/\/roveyayinevi.com.tr\/index.php\/wp-json\/wp\/v2\/product\/777682","targetHints":{"allow":["GET"]}}],"collection":[{"href":"https:\/\/roveyayinevi.com.tr\/index.php\/wp-json\/wp\/v2\/product"}],"about":[{"href":"https:\/\/roveyayinevi.com.tr\/index.php\/wp-json\/wp\/v2\/types\/product"}],"wp:attachment":[{"href":"https:\/\/roveyayinevi.com.tr\/index.php\/wp-json\/wp\/v2\/media?parent=777682"}],"wp:term":[{"taxonomy":"product_brand","embeddable":true,"href":"https:\/\/roveyayinevi.com.tr\/index.php\/wp-json\/wp\/v2\/product_brand?post=777682"},{"taxonomy":"product_cat","embeddable":true,"href":"https:\/\/roveyayinevi.com.tr\/index.php\/wp-json\/wp\/v2\/product_cat?post=777682"},{"taxonomy":"product_tag","embeddable":true,"href":"https:\/\/roveyayinevi.com.tr\/index.php\/wp-json\/wp\/v2\/product_tag?post=777682"}],"curies":[{"name":"wp","href":"https:\/\/api.w.org\/{rel}","templated":true}]}}