{"id":777676,"date":"2025-10-22T09:31:17","date_gmt":"2025-10-22T06:31:17","guid":{"rendered":"https:\/\/roveyayinevi.com.tr\/index.php\/urun\/brutal-4\/"},"modified":"2026-04-16T03:08:28","modified_gmt":"2026-04-16T00:08:28","slug":"brutal-4","status":"publish","type":"product","link":"https:\/\/roveyayinevi.com.tr\/index.php\/urun\/brutal-4\/","title":{"rendered":"Brutal 4"},"content":{"rendered":"<p>A\u015eA\u011eILIKLARIN MERHAMETE \u0130HT\u0130YACI YOKTUR.   KARISINA \u015e\u0130DDET UYGULAYAN VE ONU DEFALARCA ALDATAN SAHTE B\u0130R \u0130DOL.   G\u00dcC\u00dcN\u00dc K\u00d6T\u00dcL\u00dcK YAPMAK \u0130\u00c7\u0130N KULLANAN B\u0130R PATRON.   KANUNLARLA HAK ETT\u0130\u011e\u0130N\u0130 BULAMAYAN K\u00d6T\u00dc \u0130NSANLARA TOKYO B\u00dcY\u00dcK\u015eEH\u0130R POL\u0130S DEPARTMANI B\u0130R\u0130NC\u0130 SORU\u015eTURMA B\u00d6L\u00dcM\u00dc\u2019NDEN DAN H\u0130ROK\u0130\u2019N\u0130N CEZA KAYDIDIR. <\/p>\n","protected":false},"excerpt":{"rendered":"<p>A\u015eA\u011eILIKLARIN MERHAMETE \u0130HT\u0130YACI YOKTUR. KARISINA \u015e\u0130DDET UYGULAYAN VE ONU DEFALARCA ALDATAN SAHTE B\u0130R \u0130DOL. G\u00dcC\u00dcN\u00dc K\u00d6T\u00dcL\u00dcK YAPMAK \u0130\u00c7\u0130N KULLANAN B\u0130R PATRON. KANUNLARLA HAK ETT\u0130\u011e\u0130N\u0130 BULAMAYAN K\u00d6T\u00dc<span class=\"excerpt-hellip\"> [\u2026]<\/span><\/p>\n","protected":false},"featured_media":0,"template":"","meta":{"_monsterinsights_skip_tracking":false,"_monsterinsights_sitenote_active":false,"_monsterinsights_sitenote_note":"","_monsterinsights_sitenote_category":0},"product_brand":[],"product_cat":[12416,12291],"product_tag":[],"class_list":{"0":"post-777676","1":"product","2":"type-product","3":"status-publish","5":"product_cat-cizgi-roman","6":"product_cat-edebiyat","7":"pa_cilt-ciltsiz","8":"pa_tur-kitap","9":"pa_yayinevi-athica-yayinlari","10":"pa_yazar-kei-koga","12":"first","13":"instock","14":"sale","15":"shipping-taxable","16":"purchasable","17":"product-type-simple"},"_links":{"self":[{"href":"https:\/\/roveyayinevi.com.tr\/index.php\/wp-json\/wp\/v2\/product\/777676","targetHints":{"allow":["GET"]}}],"collection":[{"href":"https:\/\/roveyayinevi.com.tr\/index.php\/wp-json\/wp\/v2\/product"}],"about":[{"href":"https:\/\/roveyayinevi.com.tr\/index.php\/wp-json\/wp\/v2\/types\/product"}],"wp:attachment":[{"href":"https:\/\/roveyayinevi.com.tr\/index.php\/wp-json\/wp\/v2\/media?parent=777676"}],"wp:term":[{"taxonomy":"product_brand","embeddable":true,"href":"https:\/\/roveyayinevi.com.tr\/index.php\/wp-json\/wp\/v2\/product_brand?post=777676"},{"taxonomy":"product_cat","embeddable":true,"href":"https:\/\/roveyayinevi.com.tr\/index.php\/wp-json\/wp\/v2\/product_cat?post=777676"},{"taxonomy":"product_tag","embeddable":true,"href":"https:\/\/roveyayinevi.com.tr\/index.php\/wp-json\/wp\/v2\/product_tag?post=777676"}],"curies":[{"name":"wp","href":"https:\/\/api.w.org\/{rel}","templated":true}]}}