{"id":777675,"date":"2025-10-22T07:49:18","date_gmt":"2025-10-22T04:49:18","guid":{"rendered":"https:\/\/roveyayinevi.com.tr\/index.php\/urun\/tebaiye-karsi-yediler-eski-yunan-tragedyalari-13\/"},"modified":"2026-04-16T02:52:37","modified_gmt":"2026-04-15T23:52:37","slug":"tebaiye-karsi-yediler-eski-yunan-tragedyalari-13","status":"publish","type":"product","link":"https:\/\/roveyayinevi.com.tr\/index.php\/urun\/tebaiye-karsi-yediler-eski-yunan-tragedyalari-13\/","title":{"rendered":"Tebai&#8217;ye Kar\u015f\u0131 Yediler &#8211; Eski Yunan Tragedyalar\u0131 13"},"content":{"rendered":"<p>Tebai&#8217;ye Kar\u015f\u0131 Yediler &#8211; Eski Yunan Tragedyalar\u0131 13<\/p>\n","protected":false},"excerpt":{"rendered":"<p>Tebai&#8217;ye Kar\u015f\u0131 Yediler &#8211; Eski Yunan Tragedyalar\u0131 13<\/p>\n","protected":false},"featured_media":0,"template":"","meta":{"_monsterinsights_skip_tracking":false,"_monsterinsights_sitenote_active":false,"_monsterinsights_sitenote_note":"","_monsterinsights_sitenote_category":0},"product_brand":[],"product_cat":[12291,14272],"product_tag":[],"class_list":{"0":"post-777675","1":"product","2":"type-product","3":"status-publish","5":"product_cat-edebiyat","6":"product_cat-tiyatro","7":"pa_cilt-ciltsiz","8":"pa_tur-kitap","9":"pa_yayinevi-mitos-boyut-yayinlari","10":"pa_yazar-aiskhulos","12":"first","13":"instock","14":"sale","15":"shipping-taxable","16":"purchasable","17":"product-type-simple"},"_links":{"self":[{"href":"https:\/\/roveyayinevi.com.tr\/index.php\/wp-json\/wp\/v2\/product\/777675","targetHints":{"allow":["GET"]}}],"collection":[{"href":"https:\/\/roveyayinevi.com.tr\/index.php\/wp-json\/wp\/v2\/product"}],"about":[{"href":"https:\/\/roveyayinevi.com.tr\/index.php\/wp-json\/wp\/v2\/types\/product"}],"wp:attachment":[{"href":"https:\/\/roveyayinevi.com.tr\/index.php\/wp-json\/wp\/v2\/media?parent=777675"}],"wp:term":[{"taxonomy":"product_brand","embeddable":true,"href":"https:\/\/roveyayinevi.com.tr\/index.php\/wp-json\/wp\/v2\/product_brand?post=777675"},{"taxonomy":"product_cat","embeddable":true,"href":"https:\/\/roveyayinevi.com.tr\/index.php\/wp-json\/wp\/v2\/product_cat?post=777675"},{"taxonomy":"product_tag","embeddable":true,"href":"https:\/\/roveyayinevi.com.tr\/index.php\/wp-json\/wp\/v2\/product_tag?post=777675"}],"curies":[{"name":"wp","href":"https:\/\/api.w.org\/{rel}","templated":true}]}}