{"id":777672,"date":"2025-10-22T05:16:05","date_gmt":"2025-10-22T02:16:05","guid":{"rendered":"https:\/\/roveyayinevi.com.tr\/index.php\/urun\/basi-sinuklar-icin-kilavuz\/"},"modified":"2026-04-08T02:34:06","modified_gmt":"2026-04-07T23:34:06","slug":"basi-sinuklar-icin-kilavuz","status":"publish","type":"product","link":"https:\/\/roveyayinevi.com.tr\/index.php\/urun\/basi-sinuklar-icin-kilavuz\/","title":{"rendered":"Ba\u015f\u0131 S\u0131nuklar \u0130\u00e7in K\u0131lavuz"},"content":{"rendered":"<p>\u201cD\u00fcnyaya d\u00fc\u015fmekle ba\u015f\u0131 yar\u0131lanlar ve kalbi k\u0131r\u0131lanlar i\u00e7in bu kitap. Kalbin \u0131\u015f\u0131\u011f\u0131n\u0131 s\u00f6nd\u00fcrmemek i\u00e7in bir k\u0131lavuz. Samimiyet ve ihtimam\u0131n oldu\u011fu yerde kalp k\u0131r\u0131kl\u0131\u011f\u0131 vard\u0131r, bize insan oldu\u011fumuzu hat\u0131rlat\u0131r. Ne umdun, ne buldun, neyi kaybettin? Sevdi\u011fimizden inciniriz&#8230; Bir \u015feyler daha g\u00fczel olsun diye d\u00fc\u015f kurdu\u011fumuz i\u00e7in d\u00fcnya bizi yaralar. \u0130nsan neden okur? Bir dizeye yahut bir c\u00fcmleye tesad\u00fcf edersiniz, dersiniz ki \u2018\u0130\u015fte bu tam da benim ya\u015fad\u0131\u011f\u0131m ama ad\u0131n\u0131 koyamad\u0131\u011f\u0131m o duyguyu anlat\u0131yor!\u2019 Yaln\u0131zl\u0131\u011f\u0131n\u0131z bir anl\u0131\u011f\u0131na u\u00e7ar gider. Ba\u015fka ruhlarla aran\u0131zda bir akrabal\u0131k bulursunuz. \u00c7o\u011fal\u0131r ve iyile\u015firsiniz. Ba\u015f\u0131 S\u0131nuklar \u0130\u00e7in K\u0131lavuz, birlikte iyile\u015fme arzusuyla kaleme al\u0131nm\u0131\u015f denemelerden olu\u015fuyor. Her yaz\u0131, hem kendi ruhuma hem de ba\u015fka yaral\u0131 ruhlara yazd\u0131\u011f\u0131m birer mektup.\u201d  \u0130yiler yaln\u0131z de\u011fildir, birlikte iyile\u015felim. <\/p>\n","protected":false},"excerpt":{"rendered":"<p>\u201cD\u00fcnyaya d\u00fc\u015fmekle ba\u015f\u0131 yar\u0131lanlar ve kalbi k\u0131r\u0131lanlar i\u00e7in bu kitap. Kalbin \u0131\u015f\u0131\u011f\u0131n\u0131 s\u00f6nd\u00fcrmemek i\u00e7in bir k\u0131lavuz. Samimiyet ve ihtimam\u0131n oldu\u011fu yerde kalp k\u0131r\u0131kl\u0131\u011f\u0131 vard\u0131r, bize insan<span class=\"excerpt-hellip\"> [\u2026]<\/span><\/p>\n","protected":false},"featured_media":0,"template":"","meta":{"_monsterinsights_skip_tracking":false,"_monsterinsights_sitenote_active":false,"_monsterinsights_sitenote_note":"","_monsterinsights_sitenote_category":0},"product_brand":[],"product_cat":[12358,12357],"product_tag":[],"class_list":{"0":"post-777672","1":"product","2":"type-product","3":"status-publish","5":"product_cat-genel-psikoloji","6":"product_cat-psikoloji","7":"pa_cilt-ciltsiz","8":"pa_tur-kitap","9":"pa_yayinevi-kapi-yayinlari","10":"pa_yazar-kemal-sayar","12":"first","13":"instock","14":"sale","15":"shipping-taxable","16":"purchasable","17":"product-type-simple"},"_links":{"self":[{"href":"https:\/\/roveyayinevi.com.tr\/index.php\/wp-json\/wp\/v2\/product\/777672","targetHints":{"allow":["GET"]}}],"collection":[{"href":"https:\/\/roveyayinevi.com.tr\/index.php\/wp-json\/wp\/v2\/product"}],"about":[{"href":"https:\/\/roveyayinevi.com.tr\/index.php\/wp-json\/wp\/v2\/types\/product"}],"wp:attachment":[{"href":"https:\/\/roveyayinevi.com.tr\/index.php\/wp-json\/wp\/v2\/media?parent=777672"}],"wp:term":[{"taxonomy":"product_brand","embeddable":true,"href":"https:\/\/roveyayinevi.com.tr\/index.php\/wp-json\/wp\/v2\/product_brand?post=777672"},{"taxonomy":"product_cat","embeddable":true,"href":"https:\/\/roveyayinevi.com.tr\/index.php\/wp-json\/wp\/v2\/product_cat?post=777672"},{"taxonomy":"product_tag","embeddable":true,"href":"https:\/\/roveyayinevi.com.tr\/index.php\/wp-json\/wp\/v2\/product_tag?post=777672"}],"curies":[{"name":"wp","href":"https:\/\/api.w.org\/{rel}","templated":true}]}}