{"id":777671,"date":"2025-10-22T05:07:21","date_gmt":"2025-10-22T02:07:21","guid":{"rendered":"https:\/\/roveyayinevi.com.tr\/index.php\/urun\/yasamsal-satranc\/"},"modified":"2025-10-30T12:03:43","modified_gmt":"2025-10-30T09:03:43","slug":"yasamsal-satranc","status":"publish","type":"product","link":"https:\/\/roveyayinevi.com.tr\/index.php\/urun\/yasamsal-satranc\/","title":{"rendered":"Ya\u015famsal Satran\u00e7"},"content":{"rendered":"<p>Do\u011fada t\u00fcm canl\u0131lar i\u00e7in k\u0131yas\u0131ya bir hayatta kalma sava\u015f\u0131 vard\u0131r. Komodo ejderi avland\u0131\u011f\u0131 alan\u0131 korumak i\u00e7in kanl\u0131 bir m\u00fccadeleye giri\u015fir. Onun i\u00e7in kendi t\u00fcr\u00fcndeki canl\u0131lar da birer avd\u0131r. Buna kar\u015f\u0131l\u0131k bir fil, yavru ceylan\u0131 y\u0131rt\u0131c\u0131lara kar\u015f\u0131 savunur. Guguk ku\u015fu yumurtalar\u0131n\u0131 ba\u015fka ku\u015flar\u0131n yuvalar\u0131na b\u0131rakarak ilgin\u00e7 bir asalakl\u0131k \u00f6rne\u011fi sergiler. Yavrular\u0131 sahiplenen ku\u015flar onlar\u0131 beslerken guguk ku\u015fu \u00e7ok say\u0131da yavrunun hayatta kalmas\u0131n\u0131 ve neslinin devam etmesini sa\u011flam\u0131\u015f olur. Erkek \u00e7ardak ku\u015fu \u00e7\u00f6plerden toplad\u0131\u011f\u0131 renkli objelerle orman\u0131n kuytu bir yerinde, taze dallar ve meyvelerden olu\u015fan bir bah\u00e7e olu\u015fturur. Bu \u00f6zg\u00fcn bah\u00e7e tasar\u0131m\u0131 ona otuz civar\u0131nda di\u015fi ile \u00e7iftle\u015fme f\u0131rsat\u0131 verir. Canl\u0131lar\u0131n do\u011fadaki m\u00fccadeleleri \u201cYa\u015famsal Satran\u00e7\u201d olarak tan\u0131mlanabilir. Bu oyun, her bir canl\u0131n\u0131n, s\u00fcrekli de\u011fi\u015fen \u00f6nceliklerine g\u00f6re, \u00e7ok say\u0131da rakip oyuncuya kar\u015f\u0131 oynan\u0131r. \u0130nsan\u0131 hayvanlardan farkl\u0131la\u015ft\u0131ran b\u00fcy\u00fck beyin ve becerikli eller ona bu oyunda b\u00fcy\u00fck bir \u00fcst\u00fcnl\u00fck sa\u011flar. Peki bu \u00fcst\u00fcnl\u00fck sayesinde insan, yarat\u0131c\u0131 eserlere imzas\u0131n\u0131 hangi s\u00fcre\u00e7lerden ge\u00e7erek atm\u0131\u015ft\u0131r? G\u00f6rsel d\u00fc\u015f\u00fcnmenin ke\u015fifler, icatlar ve tasar\u0131m d\u00fcnyas\u0131na katk\u0131s\u0131 ne olmu\u015ftur? \u0130nsan\u0131n \u201cYa\u015famsal Satran\u00e7\u201d masas\u0131ndaki yolculu\u011fu Prof. Dr. Talat \u00c7ift\u00e7i\u2019nin kaleminden&#8230; <\/p>\n","protected":false},"excerpt":{"rendered":"<p>Do\u011fada t\u00fcm canl\u0131lar i\u00e7in k\u0131yas\u0131ya bir hayatta kalma sava\u015f\u0131 vard\u0131r. Komodo ejderi avland\u0131\u011f\u0131 alan\u0131 korumak i\u00e7in kanl\u0131 bir m\u00fccadeleye giri\u015fir. Onun i\u00e7in kendi t\u00fcr\u00fcndeki canl\u0131lar da<span class=\"excerpt-hellip\"> [\u2026]<\/span><\/p>\n","protected":false},"featured_media":0,"template":"","meta":{"_monsterinsights_skip_tracking":false,"_monsterinsights_sitenote_active":false,"_monsterinsights_sitenote_note":"","_monsterinsights_sitenote_category":0},"product_brand":[],"product_cat":[13005,13010],"product_tag":[],"class_list":{"0":"post-777671","1":"product","2":"type-product","3":"status-publish","5":"product_cat-bilim-muhendislik","6":"product_cat-doga-bilimleri","7":"pa_cilt-ciltsiz","8":"pa_tur-kitap","9":"pa_yayinevi-destek-yayinlari","10":"pa_yazar-talat-ciftci","12":"first","13":"instock","14":"sale","15":"shipping-taxable","16":"purchasable","17":"product-type-simple"},"_links":{"self":[{"href":"https:\/\/roveyayinevi.com.tr\/index.php\/wp-json\/wp\/v2\/product\/777671","targetHints":{"allow":["GET"]}}],"collection":[{"href":"https:\/\/roveyayinevi.com.tr\/index.php\/wp-json\/wp\/v2\/product"}],"about":[{"href":"https:\/\/roveyayinevi.com.tr\/index.php\/wp-json\/wp\/v2\/types\/product"}],"wp:attachment":[{"href":"https:\/\/roveyayinevi.com.tr\/index.php\/wp-json\/wp\/v2\/media?parent=777671"}],"wp:term":[{"taxonomy":"product_brand","embeddable":true,"href":"https:\/\/roveyayinevi.com.tr\/index.php\/wp-json\/wp\/v2\/product_brand?post=777671"},{"taxonomy":"product_cat","embeddable":true,"href":"https:\/\/roveyayinevi.com.tr\/index.php\/wp-json\/wp\/v2\/product_cat?post=777671"},{"taxonomy":"product_tag","embeddable":true,"href":"https:\/\/roveyayinevi.com.tr\/index.php\/wp-json\/wp\/v2\/product_tag?post=777671"}],"curies":[{"name":"wp","href":"https:\/\/api.w.org\/{rel}","templated":true}]}}