{"id":777669,"date":"2025-10-22T03:44:51","date_gmt":"2025-10-22T00:44:51","guid":{"rendered":"https:\/\/roveyayinevi.com.tr\/index.php\/urun\/beklenmeyen-misafir\/"},"modified":"2026-01-30T02:23:51","modified_gmt":"2026-01-29T23:23:51","slug":"beklenmeyen-misafir","status":"publish","type":"product","link":"https:\/\/roveyayinevi.com.tr\/index.php\/urun\/beklenmeyen-misafir\/","title":{"rendered":"Beklenmeyen Misafir"},"content":{"rendered":"<p>&#8216;Beklenmeyen Misafir&#8217; esrarengiz gibi g\u00f6r\u00fcnmese de asl\u0131nda esrarengiz bir cinayet \u00f6yk\u00fcs\u00fc olarak tan\u0131mlanabilir. G\u00fcney Galler&#8217;de yo\u011fun siste bir adam yolunu kaybeder ve arabas\u0131 bir \u00e7ukura yuvarlan\u0131r. Yard\u0131m aramak i\u00e7in girdi\u011fi evde, kocas\u0131n\u0131 \u00f6ld\u00fcrd\u00fc\u011f\u00fcn\u00fc iddia eden, elinde silah bulunan bir kad\u0131nla kar\u015f\u0131la\u015f\u0131r&#8230;\ufffc<\/p>\n","protected":false},"excerpt":{"rendered":"<p>&#8216;Beklenmeyen Misafir&#8217; esrarengiz gibi g\u00f6r\u00fcnmese de asl\u0131nda esrarengiz bir cinayet \u00f6yk\u00fcs\u00fc olarak tan\u0131mlanabilir. G\u00fcney Galler&#8217;de yo\u011fun siste bir adam yolunu kaybeder ve arabas\u0131 bir \u00e7ukura yuvarlan\u0131r.<span class=\"excerpt-hellip\"> [\u2026]<\/span><\/p>\n","protected":false},"featured_media":0,"template":"","meta":{"_monsterinsights_skip_tracking":false,"_monsterinsights_sitenote_active":false,"_monsterinsights_sitenote_note":"","_monsterinsights_sitenote_category":0},"product_brand":[],"product_cat":[12291,12866],"product_tag":[],"class_list":{"0":"post-777669","1":"product","2":"type-product","3":"status-publish","5":"product_cat-edebiyat","6":"product_cat-ingiliz-edebiyati","7":"pa_cilt-ciltsiz","8":"pa_tur-kitap","9":"pa_yayinevi-altin-kitaplar","10":"pa_yazar-agatha-christie","12":"first","13":"instock","14":"sale","15":"shipping-taxable","16":"purchasable","17":"product-type-simple"},"_links":{"self":[{"href":"https:\/\/roveyayinevi.com.tr\/index.php\/wp-json\/wp\/v2\/product\/777669","targetHints":{"allow":["GET"]}}],"collection":[{"href":"https:\/\/roveyayinevi.com.tr\/index.php\/wp-json\/wp\/v2\/product"}],"about":[{"href":"https:\/\/roveyayinevi.com.tr\/index.php\/wp-json\/wp\/v2\/types\/product"}],"wp:attachment":[{"href":"https:\/\/roveyayinevi.com.tr\/index.php\/wp-json\/wp\/v2\/media?parent=777669"}],"wp:term":[{"taxonomy":"product_brand","embeddable":true,"href":"https:\/\/roveyayinevi.com.tr\/index.php\/wp-json\/wp\/v2\/product_brand?post=777669"},{"taxonomy":"product_cat","embeddable":true,"href":"https:\/\/roveyayinevi.com.tr\/index.php\/wp-json\/wp\/v2\/product_cat?post=777669"},{"taxonomy":"product_tag","embeddable":true,"href":"https:\/\/roveyayinevi.com.tr\/index.php\/wp-json\/wp\/v2\/product_tag?post=777669"}],"curies":[{"name":"wp","href":"https:\/\/api.w.org\/{rel}","templated":true}]}}