{"id":777667,"date":"2025-10-22T03:40:54","date_gmt":"2025-10-22T00:40:54","guid":{"rendered":"https:\/\/roveyayinevi.com.tr\/index.php\/urun\/temel-kaynaklardan-alevilik-bektasilik\/"},"modified":"2026-01-26T02:21:55","modified_gmt":"2026-01-25T23:21:55","slug":"temel-kaynaklardan-alevilik-bektasilik","status":"publish","type":"product","link":"https:\/\/roveyayinevi.com.tr\/index.php\/urun\/temel-kaynaklardan-alevilik-bektasilik\/","title":{"rendered":"Temel Kaynaklardan Alevilik-Bekta\u015filik"},"content":{"rendered":"<p>Anadolu Alevili\u011fi hal\u00e2 ara\u015ft\u0131r\u0131lmaya muhta\u00e7t\u0131r. Kaynaklar hen\u00fcz toplu \u00e7al\u0131\u015fmalara d\u00f6n\u00fc\u015fecek kadar yeterli de\u011fildir. Alevilikle ilgili olarak soya\u011fa\u00e7lar\u0131 dede sand\u0131klar\u0131nda bug\u00fcn bile g\u00fcn y\u00fcz\u00fcne \u00e7\u0131kar\u0131lmad\u0131. \u00c7\u00fcnk\u00fc hal\u00e2 bu soya\u011fa\u00e7lar\u0131n\u0131n sand\u0131ktan \u00e7\u0131kar\u0131lmas\u0131 g\u00fcnah say\u0131lmaktad\u0131r. Menak\u0131bn\u00e2meler yeteri kadar meydanda yok, olanlar\u0131n da de\u011ferlendirilmeleri bilim insanlar\u0131n\u0131n ilgisini bekliyor. Alevilik ve Bekta\u015filik \u00fczerine \u00e7al\u0131\u015fanlar hal\u00e2 endi\u015feli, korkulu ve \u00e7ekingen. Kaynaklar derli toplu de\u011fil, da\u011f\u0131n\u0131k. Bu kitap; bir nebze de olsa, Alevilik-Bekta\u015filik kaynaklar\u0131na ula\u015fmaya yard\u0131mc\u0131 olmakta, soruna \u00e7\u00f6z\u00fcm getirmektedir. \u00d6zellikle Cumhuriyet \u00f6ncesi kaynaklar\u0131 okuyuculara sunmaktad\u0131r. <\/p>\n","protected":false},"excerpt":{"rendered":"<p>Anadolu Alevili\u011fi hal\u00e2 ara\u015ft\u0131r\u0131lmaya muhta\u00e7t\u0131r. Kaynaklar hen\u00fcz toplu \u00e7al\u0131\u015fmalara d\u00f6n\u00fc\u015fecek kadar yeterli de\u011fildir. Alevilikle ilgili olarak soya\u011fa\u00e7lar\u0131 dede sand\u0131klar\u0131nda bug\u00fcn bile g\u00fcn y\u00fcz\u00fcne \u00e7\u0131kar\u0131lmad\u0131. \u00c7\u00fcnk\u00fc hal\u00e2<span class=\"excerpt-hellip\"> [\u2026]<\/span><\/p>\n","protected":false},"featured_media":0,"template":"","meta":{"_monsterinsights_skip_tracking":false,"_monsterinsights_sitenote_active":false,"_monsterinsights_sitenote_note":"","_monsterinsights_sitenote_category":0},"product_brand":[],"product_cat":[13575,12718,12719],"product_tag":[],"class_list":{"0":"post-777667","1":"product","2":"type-product","3":"status-publish","5":"product_cat-alevilik-bektasilik","6":"product_cat-din","7":"product_cat-islam","8":"pa_cilt-ciltsiz","9":"pa_tur-kitap","10":"pa_yayinevi-kultur-ajans-yayinlari","11":"pa_yazar-gulag-oz","13":"first","14":"instock","15":"sale","16":"shipping-taxable","17":"purchasable","18":"product-type-simple"},"_links":{"self":[{"href":"https:\/\/roveyayinevi.com.tr\/index.php\/wp-json\/wp\/v2\/product\/777667","targetHints":{"allow":["GET"]}}],"collection":[{"href":"https:\/\/roveyayinevi.com.tr\/index.php\/wp-json\/wp\/v2\/product"}],"about":[{"href":"https:\/\/roveyayinevi.com.tr\/index.php\/wp-json\/wp\/v2\/types\/product"}],"wp:attachment":[{"href":"https:\/\/roveyayinevi.com.tr\/index.php\/wp-json\/wp\/v2\/media?parent=777667"}],"wp:term":[{"taxonomy":"product_brand","embeddable":true,"href":"https:\/\/roveyayinevi.com.tr\/index.php\/wp-json\/wp\/v2\/product_brand?post=777667"},{"taxonomy":"product_cat","embeddable":true,"href":"https:\/\/roveyayinevi.com.tr\/index.php\/wp-json\/wp\/v2\/product_cat?post=777667"},{"taxonomy":"product_tag","embeddable":true,"href":"https:\/\/roveyayinevi.com.tr\/index.php\/wp-json\/wp\/v2\/product_tag?post=777667"}],"curies":[{"name":"wp","href":"https:\/\/api.w.org\/{rel}","templated":true}]}}