{"id":777665,"date":"2025-10-22T02:56:46","date_gmt":"2025-10-21T23:56:46","guid":{"rendered":"https:\/\/roveyayinevi.com.tr\/index.php\/urun\/bedenin-dili-iletisim-becerinizin-anahtari-sessiz-diliniz\/"},"modified":"2026-04-16T02:07:47","modified_gmt":"2026-04-15T23:07:47","slug":"bedenin-dili-iletisim-becerinizin-anahtari-sessiz-diliniz","status":"publish","type":"product","link":"https:\/\/roveyayinevi.com.tr\/index.php\/urun\/bedenin-dili-iletisim-becerinizin-anahtari-sessiz-diliniz\/","title":{"rendered":"Bedenin Dili \u0130leti\u015fim Becerinizin Anahtar\u0131, Sessiz Diliniz"},"content":{"rendered":"<p>Bedenin Dili \u0130leti\u015fim Becerinizin Anahtar\u0131, Sessiz Diliniz <\/p>\n","protected":false},"excerpt":{"rendered":"<p>Bedenin Dili \u0130leti\u015fim Becerinizin Anahtar\u0131, Sessiz Diliniz<\/p>\n","protected":false},"featured_media":0,"template":"","meta":{"_monsterinsights_skip_tracking":false,"_monsterinsights_sitenote_active":false,"_monsterinsights_sitenote_note":"","_monsterinsights_sitenote_category":0},"product_brand":[],"product_cat":[12358,12357],"product_tag":[],"class_list":{"0":"post-777665","1":"product","2":"type-product","3":"status-publish","5":"product_cat-genel-psikoloji","6":"product_cat-psikoloji","7":"pa_cilt-ciltsiz","8":"pa_tur-kitap","9":"pa_yayinevi-remzi-kitabevi","10":"pa_yazar-acar-baltas","12":"first","13":"instock","14":"sale","15":"shipping-taxable","16":"purchasable","17":"product-type-simple"},"_links":{"self":[{"href":"https:\/\/roveyayinevi.com.tr\/index.php\/wp-json\/wp\/v2\/product\/777665","targetHints":{"allow":["GET"]}}],"collection":[{"href":"https:\/\/roveyayinevi.com.tr\/index.php\/wp-json\/wp\/v2\/product"}],"about":[{"href":"https:\/\/roveyayinevi.com.tr\/index.php\/wp-json\/wp\/v2\/types\/product"}],"wp:attachment":[{"href":"https:\/\/roveyayinevi.com.tr\/index.php\/wp-json\/wp\/v2\/media?parent=777665"}],"wp:term":[{"taxonomy":"product_brand","embeddable":true,"href":"https:\/\/roveyayinevi.com.tr\/index.php\/wp-json\/wp\/v2\/product_brand?post=777665"},{"taxonomy":"product_cat","embeddable":true,"href":"https:\/\/roveyayinevi.com.tr\/index.php\/wp-json\/wp\/v2\/product_cat?post=777665"},{"taxonomy":"product_tag","embeddable":true,"href":"https:\/\/roveyayinevi.com.tr\/index.php\/wp-json\/wp\/v2\/product_tag?post=777665"}],"curies":[{"name":"wp","href":"https:\/\/api.w.org\/{rel}","templated":true}]}}