{"id":777664,"date":"2025-10-22T02:47:53","date_gmt":"2025-10-21T23:47:53","guid":{"rendered":"https:\/\/roveyayinevi.com.tr\/index.php\/urun\/rizanin-imalati\/"},"modified":"2026-04-16T02:06:43","modified_gmt":"2026-04-15T23:06:43","slug":"rizanin-imalati","status":"publish","type":"product","link":"https:\/\/roveyayinevi.com.tr\/index.php\/urun\/rizanin-imalati\/","title":{"rendered":"R\u0131zan\u0131n \u0130malat\u0131"},"content":{"rendered":"<p>\u201cR\u0131zan\u0131n \u0130malat\u0131\u201d medya analizinde \u00e7\u0131\u011f\u0131r a\u00e7m\u0131\u015f bir ba\u015fyap\u0131tt\u0131r. Kitle medyas\u0131 ile g\u00fcndelik ili\u015fki i\u00e7inde olan ve kurulu d\u00fczenin karma\u015f\u0131k, \u00e7ok y\u00f6nl\u00fc ve yo\u011fun propaganda bombard\u0131man\u0131na maruz kalanlar (herkes) i\u00e7in ayd\u0131nlat\u0131c\u0131 bir ba\u015fucu kitab\u0131d\u0131r. Ayn\u0131 zamanda, ileti\u015fim akademisyenlerinin, mesleki olarak medya alan\u0131nda konumlanma perspektifine sahip \u00f6\u011frencilerin ve medya \u00e7al\u0131\u015fanlar\u0131n\u0131n y\u00fczle\u015fmesi gereken temel bir ba\u015fvuru kayna\u011f\u0131 ve ders kitab\u0131d\u0131r. Kitap, kitle medyas\u0131 yoluyla halk\u0131n nas\u0131l y\u00f6nlendirildi\u011fi ve y\u00f6netildi\u011fini g\u00f6sterdi\u011fi i\u00e7in ayn\u0131 zamanda sosyolojinin de alan\u0131na girer. Kuramsal i\u00e7eri\u011fiyle sosyoloji b\u00f6l\u00fcmleri i\u00e7in de temel bir kaynak i\u015flevi g\u00f6r\u00fcr.   <\/p>\n","protected":false},"excerpt":{"rendered":"<p>\u201cR\u0131zan\u0131n \u0130malat\u0131\u201d medya analizinde \u00e7\u0131\u011f\u0131r a\u00e7m\u0131\u015f bir ba\u015fyap\u0131tt\u0131r. Kitle medyas\u0131 ile g\u00fcndelik ili\u015fki i\u00e7inde olan ve kurulu d\u00fczenin karma\u015f\u0131k, \u00e7ok y\u00f6nl\u00fc ve yo\u011fun propaganda bombard\u0131man\u0131na maruz<span class=\"excerpt-hellip\"> [\u2026]<\/span><\/p>\n","protected":false},"featured_media":0,"template":"","meta":{"_monsterinsights_skip_tracking":false,"_monsterinsights_sitenote_active":false,"_monsterinsights_sitenote_note":"","_monsterinsights_sitenote_category":0},"product_brand":[],"product_cat":[12325,12324],"product_tag":[],"class_list":{"0":"post-777664","1":"product","2":"type-product","3":"status-publish","5":"product_cat-diger-sosyoloji","6":"product_cat-sosyoloji","7":"pa_cilt-ciltsiz","8":"pa_tur-kitap","9":"pa_yayinevi-bgst-yayinlari","10":"pa_yazar-noam-chomsky","12":"first","13":"instock","14":"sale","15":"shipping-taxable","16":"purchasable","17":"product-type-simple"},"_links":{"self":[{"href":"https:\/\/roveyayinevi.com.tr\/index.php\/wp-json\/wp\/v2\/product\/777664","targetHints":{"allow":["GET"]}}],"collection":[{"href":"https:\/\/roveyayinevi.com.tr\/index.php\/wp-json\/wp\/v2\/product"}],"about":[{"href":"https:\/\/roveyayinevi.com.tr\/index.php\/wp-json\/wp\/v2\/types\/product"}],"wp:attachment":[{"href":"https:\/\/roveyayinevi.com.tr\/index.php\/wp-json\/wp\/v2\/media?parent=777664"}],"wp:term":[{"taxonomy":"product_brand","embeddable":true,"href":"https:\/\/roveyayinevi.com.tr\/index.php\/wp-json\/wp\/v2\/product_brand?post=777664"},{"taxonomy":"product_cat","embeddable":true,"href":"https:\/\/roveyayinevi.com.tr\/index.php\/wp-json\/wp\/v2\/product_cat?post=777664"},{"taxonomy":"product_tag","embeddable":true,"href":"https:\/\/roveyayinevi.com.tr\/index.php\/wp-json\/wp\/v2\/product_tag?post=777664"}],"curies":[{"name":"wp","href":"https:\/\/api.w.org\/{rel}","templated":true}]}}