{"id":777663,"date":"2025-10-22T02:46:31","date_gmt":"2025-10-21T23:46:31","guid":{"rendered":"https:\/\/roveyayinevi.com.tr\/index.php\/urun\/kara-kule-serisi-4-buyucu-ve-cam-kure\/"},"modified":"2026-04-16T02:06:22","modified_gmt":"2026-04-15T23:06:22","slug":"kara-kule-serisi-4-buyucu-ve-cam-kure","status":"publish","type":"product","link":"https:\/\/roveyayinevi.com.tr\/index.php\/urun\/kara-kule-serisi-4-buyucu-ve-cam-kure\/","title":{"rendered":"Kara Kule Serisi 4 &#8211; B\u00fcy\u00fcc\u00fc ve Cam K\u00fcre"},"content":{"rendered":"<p>Silah\u015for Roland, Eddie, Susannah ve Jake, Mono Blaine\u2019in son sald\u0131r\u0131s\u0131ndan kurtulmay\u0131 ba\u015far\u0131rlar, ama bu kez de kendilerini korkun\u00e7 bir vir\u00fcs\u00fcn kol gezdi\u011fi Topeka, Kansas\u2019ta bulurlar. Uzak- lardaki cam k\u00fcreye ula\u015fmaya \u00e7al\u0131\u015f\u0131rken, Roland dostlar\u0131na bir sahil kenti olan Hambry\u2019de Susan Delgado ad\u0131ndaki k\u0131za nas\u0131l \u00e2\u015f\u0131k oldu\u011funu, dostlar\u0131 Alan ve Cuthbert ile birlikte John Farson\u2019un ordusuna kar\u015f\u0131 nas\u0131l \u00e7arp\u0131\u015ft\u0131klar\u0131n\u0131, cam k\u00fcrenin de yard\u0131m\u0131yla Orta-D\u00fcnya\u2019daki son sava\u015f\u0131n nas\u0131l ba\u015flad\u0131\u011f\u0131n\u0131 anlat\u0131r.\u2022 \u2022 \u2022\u201cMuhte\u015fem bir gerilim \u00f6rne\u011fi! Okurlar Kara Kule serisinin d\u00f6rd\u00fcnc\u00fc kitab\u0131nda sonsuz bir duygu seline kap\u0131lacaklar.\u201dPublishers Weekly\u201cBirbirinden farkl\u0131, ate\u015f gibi yakan eylemlerle dolu.\u201d Booklist \u201cKulenin d\u00f6rd\u00fcnc\u00fc kitab\u0131 okurlar\u0131n i\u015ftahlar\u0131n\u0131 kabart\u0131yor.\u201dBaugor Daily News \u201cAmerikan edebiyat\u0131na Kral King\u2019den heyecan ve gerilim dolu fantastik \u00f6\u011felerle bezenmi\u015f bir katk\u0131.\u201dLos Angeles Daily News <\/p>\n","protected":false},"excerpt":{"rendered":"<p>Silah\u015for Roland, Eddie, Susannah ve Jake, Mono Blaine\u2019in son sald\u0131r\u0131s\u0131ndan kurtulmay\u0131 ba\u015far\u0131rlar, ama bu kez de kendilerini korkun\u00e7 bir vir\u00fcs\u00fcn kol gezdi\u011fi Topeka, Kansas\u2019ta bulurlar. Uzak-<span class=\"excerpt-hellip\"> [\u2026]<\/span><\/p>\n","protected":false},"featured_media":0,"template":"","meta":{"_monsterinsights_skip_tracking":false,"_monsterinsights_sitenote_active":false,"_monsterinsights_sitenote_note":"","_monsterinsights_sitenote_category":0},"product_brand":[],"product_cat":[12291,17033],"product_tag":[],"class_list":{"0":"post-777663","1":"product","2":"type-product","3":"status-publish","5":"product_cat-edebiyat","6":"product_cat-korku-gerilim","7":"pa_cilt-ciltsiz","8":"pa_tur-kitap","9":"pa_yayinevi-altin-kitaplar","10":"pa_yazar-stephen-king","12":"first","13":"instock","14":"sale","15":"shipping-taxable","16":"purchasable","17":"product-type-simple"},"_links":{"self":[{"href":"https:\/\/roveyayinevi.com.tr\/index.php\/wp-json\/wp\/v2\/product\/777663","targetHints":{"allow":["GET"]}}],"collection":[{"href":"https:\/\/roveyayinevi.com.tr\/index.php\/wp-json\/wp\/v2\/product"}],"about":[{"href":"https:\/\/roveyayinevi.com.tr\/index.php\/wp-json\/wp\/v2\/types\/product"}],"wp:attachment":[{"href":"https:\/\/roveyayinevi.com.tr\/index.php\/wp-json\/wp\/v2\/media?parent=777663"}],"wp:term":[{"taxonomy":"product_brand","embeddable":true,"href":"https:\/\/roveyayinevi.com.tr\/index.php\/wp-json\/wp\/v2\/product_brand?post=777663"},{"taxonomy":"product_cat","embeddable":true,"href":"https:\/\/roveyayinevi.com.tr\/index.php\/wp-json\/wp\/v2\/product_cat?post=777663"},{"taxonomy":"product_tag","embeddable":true,"href":"https:\/\/roveyayinevi.com.tr\/index.php\/wp-json\/wp\/v2\/product_tag?post=777663"}],"curies":[{"name":"wp","href":"https:\/\/api.w.org\/{rel}","templated":true}]}}