{"id":777662,"date":"2025-10-22T02:33:15","date_gmt":"2025-10-21T23:33:15","guid":{"rendered":"https:\/\/roveyayinevi.com.tr\/index.php\/urun\/korun-parmak-uclari\/"},"modified":"2026-04-16T02:04:29","modified_gmt":"2026-04-15T23:04:29","slug":"korun-parmak-uclari","status":"publish","type":"product","link":"https:\/\/roveyayinevi.com.tr\/index.php\/urun\/korun-parmak-uclari\/","title":{"rendered":"K\u00f6r\u00fcn Parmak U\u00e7lar\u0131"},"content":{"rendered":"<p>bir g\u00fcnah i\u015fle ve onu \u00f6ld\u00fcr ge\u00e7meden bir deniz kenar\u0131ndan bir g\u00fcnah i\u015fle ve onu \u00f6ld\u00fcr takmadan k\u00f6p\u00fcklerini pe\u015fine ahtapotlar\u0131, denizatlar\u0131 ve y\u0131ld\u0131zlar\u0131yla m\u00fcrekkep bal\u0131klar\u0131n\u0131 kurutmadan gidi\u015fi bir g\u00fcnah i\u015fle ve onu \u00f6ld\u00fcr \ufffcTan\u0131t\u0131m Metni<\/p>\n","protected":false},"excerpt":{"rendered":"<p>bir g\u00fcnah i\u015fle ve onu \u00f6ld\u00fcr ge\u00e7meden bir deniz kenar\u0131ndan bir g\u00fcnah i\u015fle ve onu \u00f6ld\u00fcr takmadan k\u00f6p\u00fcklerini pe\u015fine ahtapotlar\u0131, denizatlar\u0131 ve y\u0131ld\u0131zlar\u0131yla m\u00fcrekkep bal\u0131klar\u0131n\u0131 kurutmadan<span class=\"excerpt-hellip\"> [\u2026]<\/span><\/p>\n","protected":false},"featured_media":0,"template":"","meta":{"_monsterinsights_skip_tracking":false,"_monsterinsights_sitenote_active":false,"_monsterinsights_sitenote_note":"","_monsterinsights_sitenote_category":0},"product_brand":[],"product_cat":[12777,12291],"product_tag":[],"class_list":{"0":"post-777662","1":"product","2":"type-product","3":"status-publish","5":"product_cat-deneme","6":"product_cat-edebiyat","7":"pa_tur-kitap","8":"pa_yayinevi-sule-yayinlari","9":"pa_yazar-a-ali-ural","11":"first","12":"instock","13":"sale","14":"shipping-taxable","15":"purchasable","16":"product-type-simple"},"_links":{"self":[{"href":"https:\/\/roveyayinevi.com.tr\/index.php\/wp-json\/wp\/v2\/product\/777662","targetHints":{"allow":["GET"]}}],"collection":[{"href":"https:\/\/roveyayinevi.com.tr\/index.php\/wp-json\/wp\/v2\/product"}],"about":[{"href":"https:\/\/roveyayinevi.com.tr\/index.php\/wp-json\/wp\/v2\/types\/product"}],"wp:attachment":[{"href":"https:\/\/roveyayinevi.com.tr\/index.php\/wp-json\/wp\/v2\/media?parent=777662"}],"wp:term":[{"taxonomy":"product_brand","embeddable":true,"href":"https:\/\/roveyayinevi.com.tr\/index.php\/wp-json\/wp\/v2\/product_brand?post=777662"},{"taxonomy":"product_cat","embeddable":true,"href":"https:\/\/roveyayinevi.com.tr\/index.php\/wp-json\/wp\/v2\/product_cat?post=777662"},{"taxonomy":"product_tag","embeddable":true,"href":"https:\/\/roveyayinevi.com.tr\/index.php\/wp-json\/wp\/v2\/product_tag?post=777662"}],"curies":[{"name":"wp","href":"https:\/\/api.w.org\/{rel}","templated":true}]}}