{"id":777661,"date":"2025-10-22T02:10:14","date_gmt":"2025-10-21T23:10:14","guid":{"rendered":"https:\/\/roveyayinevi.com.tr\/index.php\/urun\/hz-insan\/"},"modified":"2026-04-16T01:59:57","modified_gmt":"2026-04-15T22:59:57","slug":"hz-insan","status":"publish","type":"product","link":"https:\/\/roveyayinevi.com.tr\/index.php\/urun\/hz-insan\/","title":{"rendered":"Hz. \u0130nsan"},"content":{"rendered":"<p>Nuh gemisine almad\u0131 beni; tektim \u00e7\u00fcnk\u00fc.Elendim ve eleni\u015fim s\u0131rr\u0131n\u0131 sulara g\u00f6md\u00fcm.Sahilsizdim. Hakikat gibi.Bir t\u00fcrl\u00fc g\u00f6remedi d\u00fcnya, ben bir hakikat idim. Hakikat ni\u00e7in hep ya\u015fl\u0131, ni\u00e7in hep \u0131slakKavrayan m\u0131s\u0131n kavranan m\u0131?Delilik \u00f6zg\u00fcrl\u00fckt\u00fcrKelbin kalbe secdesiHayy\u2019dan gelen h\u00fb\u2019ya giderHz. \u0130nsan\u2019\u0131n tevazusuHep tevazuHikmet ve cinsellikSana benden kalan ne?Bilmek ni\u00e7in \u0131st\u0131rap verir?Bo\u015fa konu\u015fabilirsin, ama bo\u015fu konu\u015famazs\u0131n <\/p>\n","protected":false},"excerpt":{"rendered":"<p>Nuh gemisine almad\u0131 beni; tektim \u00e7\u00fcnk\u00fc.Elendim ve eleni\u015fim s\u0131rr\u0131n\u0131 sulara g\u00f6md\u00fcm.Sahilsizdim. Hakikat gibi.Bir t\u00fcrl\u00fc g\u00f6remedi d\u00fcnya, ben bir hakikat idim. Hakikat ni\u00e7in hep ya\u015fl\u0131, ni\u00e7in hep<span class=\"excerpt-hellip\"> [\u2026]<\/span><\/p>\n","protected":false},"featured_media":0,"template":"","meta":{"_monsterinsights_skip_tracking":false,"_monsterinsights_sitenote_active":false,"_monsterinsights_sitenote_note":"","_monsterinsights_sitenote_category":0},"product_brand":[],"product_cat":[12777,12291],"product_tag":[],"class_list":{"0":"post-777661","1":"product","2":"type-product","3":"status-publish","5":"product_cat-deneme","6":"product_cat-edebiyat","7":"pa_cilt-ciltsiz","8":"pa_tur-kitap","9":"pa_yayinevi-kapi-yayinlari","10":"pa_yazar-ducane-cundioglu","12":"first","13":"instock","14":"sale","15":"shipping-taxable","16":"purchasable","17":"product-type-simple"},"_links":{"self":[{"href":"https:\/\/roveyayinevi.com.tr\/index.php\/wp-json\/wp\/v2\/product\/777661","targetHints":{"allow":["GET"]}}],"collection":[{"href":"https:\/\/roveyayinevi.com.tr\/index.php\/wp-json\/wp\/v2\/product"}],"about":[{"href":"https:\/\/roveyayinevi.com.tr\/index.php\/wp-json\/wp\/v2\/types\/product"}],"wp:attachment":[{"href":"https:\/\/roveyayinevi.com.tr\/index.php\/wp-json\/wp\/v2\/media?parent=777661"}],"wp:term":[{"taxonomy":"product_brand","embeddable":true,"href":"https:\/\/roveyayinevi.com.tr\/index.php\/wp-json\/wp\/v2\/product_brand?post=777661"},{"taxonomy":"product_cat","embeddable":true,"href":"https:\/\/roveyayinevi.com.tr\/index.php\/wp-json\/wp\/v2\/product_cat?post=777661"},{"taxonomy":"product_tag","embeddable":true,"href":"https:\/\/roveyayinevi.com.tr\/index.php\/wp-json\/wp\/v2\/product_tag?post=777661"}],"curies":[{"name":"wp","href":"https:\/\/api.w.org\/{rel}","templated":true}]}}