{"id":777660,"date":"2025-10-22T02:09:34","date_gmt":"2025-10-21T23:09:34","guid":{"rendered":"https:\/\/roveyayinevi.com.tr\/index.php\/urun\/nitel-arastirma-yontemleri\/"},"modified":"2026-04-16T01:59:56","modified_gmt":"2026-04-15T22:59:56","slug":"nitel-arastirma-yontemleri","status":"publish","type":"product","link":"https:\/\/roveyayinevi.com.tr\/index.php\/urun\/nitel-arastirma-yontemleri\/","title":{"rendered":"Nitel Ara\u015ft\u0131rma Y\u00f6ntemleri"},"content":{"rendered":"<p>John W. Creswell\u2019in en \u00e7ok satan bu eserinin \u00dc\u00e7\u00fcnc\u00fc Bask\u0131s\u0131nda, be\u015f nitel ara\u015ft\u0131rma gelene\u011finin her birinin felsefi temelleri, tarihi ve temel \u00f6\u011feleri incelenmektedir: anlat\u0131 ara\u015ft\u0131rmas\u0131, fenomenoloji, kuram olu\u015fturma, etnografi ve durum \u00e7al\u0131\u015fmas\u0131. Kendine \u00f6zg\u00fc bir yaz\u0131m stiline sahip bu \u00e7al\u0131\u015fmada, yazar ara\u015ft\u0131rma desenlerini her bir ara\u015ft\u0131rma gelene\u011fiyle son derece anla\u015f\u0131l\u0131r bir \u015fekilde ili\u015fkilendirmi\u015ftir. Yazar ayr\u0131ca kuramsal \u00e7at\u0131lar\u0131, kalite standartlar\u0131n\u0131n uygulanma bi\u00e7imlerini ve \u00e7al\u0131\u015fmalardaki giri\u015f b\u00f6l\u00fcmlerini yazma, veri toplama, veriyi analiz etme, rapor yazma ve sonu\u00e7lar\u0131 do\u011frulama stratejilerini kar\u015f\u0131la\u015ft\u0131rm\u0131\u015ft\u0131r.<\/p>\n","protected":false},"excerpt":{"rendered":"<p>John W. Creswell\u2019in en \u00e7ok satan bu eserinin \u00dc\u00e7\u00fcnc\u00fc Bask\u0131s\u0131nda, be\u015f nitel ara\u015ft\u0131rma gelene\u011finin her birinin felsefi temelleri, tarihi ve temel \u00f6\u011feleri incelenmektedir: anlat\u0131 ara\u015ft\u0131rmas\u0131, fenomenoloji,<span class=\"excerpt-hellip\"> [\u2026]<\/span><\/p>\n","protected":false},"featured_media":0,"template":"","meta":{"_monsterinsights_skip_tracking":false,"_monsterinsights_sitenote_active":false,"_monsterinsights_sitenote_note":"","_monsterinsights_sitenote_category":0},"product_brand":[],"product_cat":[12573,12566],"product_tag":[],"class_list":{"0":"post-777660","1":"product","2":"type-product","3":"status-publish","5":"product_cat-akademik-kitaplar","6":"product_cat-egitim","7":"pa_cilt-ciltsiz","8":"pa_tur-kitap","9":"pa_yayinevi-siyasal-kitabevi-akademik-kitaplar","10":"pa_yazar-john-w-creswell","12":"first","13":"instock","14":"sale","15":"shipping-taxable","16":"purchasable","17":"product-type-simple"},"_links":{"self":[{"href":"https:\/\/roveyayinevi.com.tr\/index.php\/wp-json\/wp\/v2\/product\/777660","targetHints":{"allow":["GET"]}}],"collection":[{"href":"https:\/\/roveyayinevi.com.tr\/index.php\/wp-json\/wp\/v2\/product"}],"about":[{"href":"https:\/\/roveyayinevi.com.tr\/index.php\/wp-json\/wp\/v2\/types\/product"}],"wp:attachment":[{"href":"https:\/\/roveyayinevi.com.tr\/index.php\/wp-json\/wp\/v2\/media?parent=777660"}],"wp:term":[{"taxonomy":"product_brand","embeddable":true,"href":"https:\/\/roveyayinevi.com.tr\/index.php\/wp-json\/wp\/v2\/product_brand?post=777660"},{"taxonomy":"product_cat","embeddable":true,"href":"https:\/\/roveyayinevi.com.tr\/index.php\/wp-json\/wp\/v2\/product_cat?post=777660"},{"taxonomy":"product_tag","embeddable":true,"href":"https:\/\/roveyayinevi.com.tr\/index.php\/wp-json\/wp\/v2\/product_tag?post=777660"}],"curies":[{"name":"wp","href":"https:\/\/api.w.org\/{rel}","templated":true}]}}