{"id":777656,"date":"2025-10-21T11:56:49","date_gmt":"2025-10-21T08:56:49","guid":{"rendered":"https:\/\/roveyayinevi.com.tr\/index.php\/urun\/seyh-i-ekberin-yolunda\/"},"modified":"2026-04-15T03:43:38","modified_gmt":"2026-04-15T00:43:38","slug":"seyh-i-ekberin-yolunda","status":"publish","type":"product","link":"https:\/\/roveyayinevi.com.tr\/index.php\/urun\/seyh-i-ekberin-yolunda\/","title":{"rendered":"\u015eeyh-i Ekber&#8217;in Yolunda"},"content":{"rendered":"<p>\u015eeyh-i Ekber\u2019in Yolunda, Ekber\u00ee k\u00fclliyat\u0131n okunmas\u0131 ve hikmetin idrak edilebilmesine dair usul\u00fcyle gelene\u011fimizde var olan okuma edebini izah edebilmek ad\u0131na kaleme al\u0131nm\u0131\u015f bir girizg\u00e2h.  Eser, Muhyiddin \u0130bn Arab\u00ee\u2019de okumak ile Muhyiddin \u0130bn Arab\u00ee\u2019yi okuman\u0131n ayn\u0131 \u015feyler olmad\u0131\u011f\u0131n\u0131 vurgulay\u0131p Ekber\u00ee irfan ile Ekber\u00ee k\u00fclt\u00fcr aras\u0131ndaki fark\u0131 ortaya koyuyor.  Sufi gelenekten farkl\u0131 olarak marifetin hikmet \u00fczerinden ifade edildi\u011fi bu okulun g\u00fcn\u00fcm\u00fczdeki en \u00f6nemli meselesi olan modernli\u011fi, bu manada Ekber\u00eeli\u011fin en \u00f6nemli temsilcisi olan Ren\u00e9 Gu\u00e9non \u00fczerinden ele al\u0131yor.  Sek\u00fclerlik ve hikmet meselesinin Gu\u00e9noien silsileye tabiiyetin has\u0131l\u0131 oldu\u011funu vurgulayan ve kendi konumunu da buradan ifade eden yazar, Gu\u00e9noien silsilenin meselelerini \u0130\u015fr\u00e2k\u00eelik \u00fczerinden tart\u0131\u015f\u0131yor. \u015eeyh-i Ekber\u2019in Yolunda, bu manan\u0131n ilk kez yaz\u0131lm\u0131\u015f olmas\u0131 a\u00e7\u0131s\u0131ndan b\u00fcy\u00fck \u00f6nem ta\u015f\u0131yor.  Muhyiddin \u0130bn Arab\u00ee Hazretleri\u2019nde okumak ad\u0131na, d\u00f6rt b\u00f6l\u00fcm h\u00e2linde tertip edilen kitab\u0131n ilk b\u00f6l\u00fcm\u00fcnde k\u0131sa tarihi ve usul\u00fcyle Ekberiyye; ikinci b\u00f6l\u00fcm\u00fcnde Muhyiddin \u0130bn Arab\u00ee Hazretleri\u2019nde okuman\u0131n manas\u0131; \u00fc\u00e7\u00fcnc\u00fc b\u00f6l\u00fcm\u00fcnde hikmetin ifadesi, Ekber\u00ee irfan ve kurucu metinler; d\u00f6rd\u00fcnc\u00fc b\u00f6l\u00fcm\u00fcnde Modernlik ve Ekberiyye bahsi; son b\u00f6l\u00fcm\u00fcnde ise T\u0131bbu\u2019r-Ruhani \u00fczerine bir risale yer almaktad\u0131r. <\/p>\n","protected":false},"excerpt":{"rendered":"<p>\u015eeyh-i Ekber\u2019in Yolunda, Ekber\u00ee k\u00fclliyat\u0131n okunmas\u0131 ve hikmetin idrak edilebilmesine dair usul\u00fcyle gelene\u011fimizde var olan okuma edebini izah edebilmek ad\u0131na kaleme al\u0131nm\u0131\u015f bir girizg\u00e2h. Eser, Muhyiddin<span class=\"excerpt-hellip\"> [\u2026]<\/span><\/p>\n","protected":false},"featured_media":0,"template":"","meta":{"_monsterinsights_skip_tracking":false,"_monsterinsights_sitenote_active":false,"_monsterinsights_sitenote_note":"","_monsterinsights_sitenote_category":0},"product_brand":[],"product_cat":[12718,12719,12720],"product_tag":[],"class_list":{"0":"post-777656","1":"product","2":"type-product","3":"status-publish","5":"product_cat-din","6":"product_cat-islam","7":"product_cat-tasavvuf-mezhepler-tarikatlar","8":"pa_cilt-ciltsiz","9":"pa_tur-kitap","10":"pa_yayinevi-erdem-yayinlari","11":"pa_yazar-mehmet-karahisari","13":"first","14":"instock","15":"sale","16":"shipping-taxable","17":"purchasable","18":"product-type-simple"},"_links":{"self":[{"href":"https:\/\/roveyayinevi.com.tr\/index.php\/wp-json\/wp\/v2\/product\/777656","targetHints":{"allow":["GET"]}}],"collection":[{"href":"https:\/\/roveyayinevi.com.tr\/index.php\/wp-json\/wp\/v2\/product"}],"about":[{"href":"https:\/\/roveyayinevi.com.tr\/index.php\/wp-json\/wp\/v2\/types\/product"}],"wp:attachment":[{"href":"https:\/\/roveyayinevi.com.tr\/index.php\/wp-json\/wp\/v2\/media?parent=777656"}],"wp:term":[{"taxonomy":"product_brand","embeddable":true,"href":"https:\/\/roveyayinevi.com.tr\/index.php\/wp-json\/wp\/v2\/product_brand?post=777656"},{"taxonomy":"product_cat","embeddable":true,"href":"https:\/\/roveyayinevi.com.tr\/index.php\/wp-json\/wp\/v2\/product_cat?post=777656"},{"taxonomy":"product_tag","embeddable":true,"href":"https:\/\/roveyayinevi.com.tr\/index.php\/wp-json\/wp\/v2\/product_tag?post=777656"}],"curies":[{"name":"wp","href":"https:\/\/api.w.org\/{rel}","templated":true}]}}