{"id":777651,"date":"2025-10-21T11:56:39","date_gmt":"2025-10-21T08:56:39","guid":{"rendered":"https:\/\/roveyayinevi.com.tr\/index.php\/urun\/tarihsever-cocuk-ertugrul-gazi\/"},"modified":"2026-04-15T03:43:38","modified_gmt":"2026-04-15T00:43:38","slug":"tarihsever-cocuk-ertugrul-gazi","status":"publish","type":"product","link":"https:\/\/roveyayinevi.com.tr\/index.php\/urun\/tarihsever-cocuk-ertugrul-gazi\/","title":{"rendered":"Tarihsever \u00c7ocuk &#8211; Ertu\u011frul Gazi"},"content":{"rendered":"<p>Kay\u0131 Obas\u0131 b\u00fcy\u00fck bir kurakl\u0131k ya\u015famaktad\u0131r. Bu soruna \u00e7\u00f6z\u00fcm bulmak i\u00e7in oban\u0131n ileri gelenleri toplan\u0131r. Toplant\u0131 sonunda verimli topraklara g\u00f6\u00e7 karar\u0131 al\u0131n\u0131r. Verimli topraklara ula\u015fmak i\u00e7in b\u00fct\u00fcn oba bat\u0131ya do\u011fru g\u00f6\u00e7 eder. G\u00f6\u00e7 yolunda Kay\u0131 halk\u0131n\u0131 zorlu \u015fartlar beklemektedir. Zorlu \u015fartlara dayanamay\u0131p geri d\u00f6nenler olur. Y\u0131lmadan devam edenler bir devletin tohumlar\u0131n\u0131 atar. Bu kitapta, Kay\u0131 Boyu\u2019nun hayatta kalma m\u00fccadelesini ve Ertu\u011frul Gazi\u2019nin obay\u0131 devlete d\u00f6n\u00fc\u015ft\u00fcrme yolundaki \u00e7abas\u0131n\u0131 okuyacaks\u0131n\u0131z.<\/p>\n","protected":false},"excerpt":{"rendered":"<p>Kay\u0131 Obas\u0131 b\u00fcy\u00fck bir kurakl\u0131k ya\u015famaktad\u0131r. Bu soruna \u00e7\u00f6z\u00fcm bulmak i\u00e7in oban\u0131n ileri gelenleri toplan\u0131r. Toplant\u0131 sonunda verimli topraklara g\u00f6\u00e7 karar\u0131 al\u0131n\u0131r. Verimli topraklara ula\u015fmak i\u00e7in<span class=\"excerpt-hellip\"> [\u2026]<\/span><\/p>\n","protected":false},"featured_media":0,"template":"","meta":{"_monsterinsights_skip_tracking":false,"_monsterinsights_sitenote_active":false,"_monsterinsights_sitenote_note":"","_monsterinsights_sitenote_category":0},"product_brand":[],"product_cat":[12274,15842],"product_tag":[],"class_list":{"0":"post-777651","1":"product","2":"type-product","3":"status-publish","5":"product_cat-cocuk-ve-genclik-kitaplari","6":"product_cat-egitici-kitaplar","7":"pa_cilt-ciltsiz","8":"pa_tur-kitap","9":"pa_yayinevi-erdem-cocuk","10":"pa_yazar-ozge-nisanci","12":"first","13":"instock","14":"sale","15":"shipping-taxable","16":"purchasable","17":"product-type-simple"},"_links":{"self":[{"href":"https:\/\/roveyayinevi.com.tr\/index.php\/wp-json\/wp\/v2\/product\/777651","targetHints":{"allow":["GET"]}}],"collection":[{"href":"https:\/\/roveyayinevi.com.tr\/index.php\/wp-json\/wp\/v2\/product"}],"about":[{"href":"https:\/\/roveyayinevi.com.tr\/index.php\/wp-json\/wp\/v2\/types\/product"}],"wp:attachment":[{"href":"https:\/\/roveyayinevi.com.tr\/index.php\/wp-json\/wp\/v2\/media?parent=777651"}],"wp:term":[{"taxonomy":"product_brand","embeddable":true,"href":"https:\/\/roveyayinevi.com.tr\/index.php\/wp-json\/wp\/v2\/product_brand?post=777651"},{"taxonomy":"product_cat","embeddable":true,"href":"https:\/\/roveyayinevi.com.tr\/index.php\/wp-json\/wp\/v2\/product_cat?post=777651"},{"taxonomy":"product_tag","embeddable":true,"href":"https:\/\/roveyayinevi.com.tr\/index.php\/wp-json\/wp\/v2\/product_tag?post=777651"}],"curies":[{"name":"wp","href":"https:\/\/api.w.org\/{rel}","templated":true}]}}