{"id":777644,"date":"2025-10-21T11:56:19","date_gmt":"2025-10-21T08:56:19","guid":{"rendered":"https:\/\/roveyayinevi.com.tr\/index.php\/urun\/ekrandan-sandiga\/"},"modified":"2026-04-15T03:43:17","modified_gmt":"2026-04-15T00:43:17","slug":"ekrandan-sandiga","status":"publish","type":"product","link":"https:\/\/roveyayinevi.com.tr\/index.php\/urun\/ekrandan-sandiga\/","title":{"rendered":"Ekrandan Sand\u0131\u011fa"},"content":{"rendered":"<p>\u00b7         \u0130\u00e7indekiler             1. SE\u00c7MEN DAVRANI\u015eI \u0130LE \u0130LG\u0130L\u0130 KAVRAMLAR          2. OY VERME DAVRANI\u015eINA ETK\u0130 EDEN UNSURLAR          3. S\u0130YASAL \u0130LET\u0130\u015e\u0130M          4. SE\u00c7\u0130M KAMPANYALARI          5. \u0130\u015e\u0130\u00c7\u0130 SINIFI, OY VERME DAVRANI\u015eI VE MEDYA          6. BULGULAR VE YORUM <\/p>\n","protected":false},"excerpt":{"rendered":"<p>\u00b7 \u0130\u00e7indekiler 1. SE\u00c7MEN DAVRANI\u015eI \u0130LE \u0130LG\u0130L\u0130 KAVRAMLAR 2. OY VERME DAVRANI\u015eINA ETK\u0130 EDEN UNSURLAR 3. S\u0130YASAL \u0130LET\u0130\u015e\u0130M 4. SE\u00c7\u0130M KAMPANYALARI 5. \u0130\u015e\u0130\u00c7\u0130 SINIFI, OY VERME<span class=\"excerpt-hellip\"> [\u2026]<\/span><\/p>\n","protected":false},"featured_media":0,"template":"","meta":{"_monsterinsights_skip_tracking":false,"_monsterinsights_sitenote_active":false,"_monsterinsights_sitenote_note":"","_monsterinsights_sitenote_category":0},"product_brand":[],"product_cat":[13005,40995],"product_tag":[],"class_list":{"0":"post-777644","1":"product","2":"type-product","3":"status-publish","5":"product_cat-bilim-muhendislik","6":"product_cat-sosyal-bilimler","7":"pa_cilt-ciltsiz","8":"pa_tur-kitap","9":"pa_yayinevi-gazi-kitabevi","10":"pa_yazar-selman-cetin","12":"first","13":"instock","14":"sale","15":"shipping-taxable","16":"purchasable","17":"product-type-simple"},"_links":{"self":[{"href":"https:\/\/roveyayinevi.com.tr\/index.php\/wp-json\/wp\/v2\/product\/777644","targetHints":{"allow":["GET"]}}],"collection":[{"href":"https:\/\/roveyayinevi.com.tr\/index.php\/wp-json\/wp\/v2\/product"}],"about":[{"href":"https:\/\/roveyayinevi.com.tr\/index.php\/wp-json\/wp\/v2\/types\/product"}],"wp:attachment":[{"href":"https:\/\/roveyayinevi.com.tr\/index.php\/wp-json\/wp\/v2\/media?parent=777644"}],"wp:term":[{"taxonomy":"product_brand","embeddable":true,"href":"https:\/\/roveyayinevi.com.tr\/index.php\/wp-json\/wp\/v2\/product_brand?post=777644"},{"taxonomy":"product_cat","embeddable":true,"href":"https:\/\/roveyayinevi.com.tr\/index.php\/wp-json\/wp\/v2\/product_cat?post=777644"},{"taxonomy":"product_tag","embeddable":true,"href":"https:\/\/roveyayinevi.com.tr\/index.php\/wp-json\/wp\/v2\/product_tag?post=777644"}],"curies":[{"name":"wp","href":"https:\/\/api.w.org\/{rel}","templated":true}]}}