{"id":777642,"date":"2025-10-21T11:56:00","date_gmt":"2025-10-21T08:56:00","guid":{"rendered":"https:\/\/roveyayinevi.com.tr\/index.php\/urun\/babami-asmerada-biraktim\/"},"modified":"2026-04-03T03:33:42","modified_gmt":"2026-04-03T00:33:42","slug":"babami-asmerada-biraktim","status":"publish","type":"product","link":"https:\/\/roveyayinevi.com.tr\/index.php\/urun\/babami-asmerada-biraktim\/","title":{"rendered":"Babam\u0131 Asmera\u2019da B\u0131rakt\u0131m"},"content":{"rendered":"<p>\u0130\u00e7indekiler :   1.      SAVA\u015e 2.      T\u0130GRAY 3.      ASMERA 4.      FRENK \u0130NC\u0130R\u0130 5.      KASSALA 6.      LINO BAR 7.      KIZILDEN\u0130Z 8.      MAV\u0130 N\u0130L 9.      ALBAYIN SEVG\u0130L\u0130S\u0130 10.  SINIR G\u00d6REVL\u0130S\u0130 11.  LONDRA\u2019NIN TONLARI 12.  SON G\u00dcN DO\u011eUMU 13.UZLA\u015eMA <\/p>\n","protected":false},"excerpt":{"rendered":"<p>\u0130\u00e7indekiler : 1. SAVA\u015e 2. T\u0130GRAY 3. ASMERA 4. FRENK \u0130NC\u0130R\u0130 5. KASSALA 6. LINO BAR 7. KIZILDEN\u0130Z 8. MAV\u0130 N\u0130L 9. ALBAYIN SEVG\u0130L\u0130S\u0130 10. SINIR<span class=\"excerpt-hellip\"> [\u2026]<\/span><\/p>\n","protected":false},"featured_media":0,"template":"","meta":{"_monsterinsights_skip_tracking":false,"_monsterinsights_sitenote_active":false,"_monsterinsights_sitenote_note":"","_monsterinsights_sitenote_category":0},"product_brand":[],"product_cat":[14009,12291],"product_tag":[],"class_list":{"0":"post-777642","1":"product","2":"type-product","3":"status-publish","5":"product_cat-biyografi-otobiyografi-edebiyat","6":"product_cat-edebiyat","7":"pa_cilt-ciltsiz","8":"pa_tur-kitap","9":"pa_yayinevi-gazi-kitabevi","10":"pa_yazar-isaias-irgau","12":"first","13":"instock","14":"sale","15":"shipping-taxable","16":"purchasable","17":"product-type-simple"},"_links":{"self":[{"href":"https:\/\/roveyayinevi.com.tr\/index.php\/wp-json\/wp\/v2\/product\/777642","targetHints":{"allow":["GET"]}}],"collection":[{"href":"https:\/\/roveyayinevi.com.tr\/index.php\/wp-json\/wp\/v2\/product"}],"about":[{"href":"https:\/\/roveyayinevi.com.tr\/index.php\/wp-json\/wp\/v2\/types\/product"}],"wp:attachment":[{"href":"https:\/\/roveyayinevi.com.tr\/index.php\/wp-json\/wp\/v2\/media?parent=777642"}],"wp:term":[{"taxonomy":"product_brand","embeddable":true,"href":"https:\/\/roveyayinevi.com.tr\/index.php\/wp-json\/wp\/v2\/product_brand?post=777642"},{"taxonomy":"product_cat","embeddable":true,"href":"https:\/\/roveyayinevi.com.tr\/index.php\/wp-json\/wp\/v2\/product_cat?post=777642"},{"taxonomy":"product_tag","embeddable":true,"href":"https:\/\/roveyayinevi.com.tr\/index.php\/wp-json\/wp\/v2\/product_tag?post=777642"}],"curies":[{"name":"wp","href":"https:\/\/api.w.org\/{rel}","templated":true}]}}