{"id":777641,"date":"2025-10-21T11:44:34","date_gmt":"2025-10-21T08:44:34","guid":{"rendered":"https:\/\/roveyayinevi.com.tr\/index.php\/urun\/evrendeki-evimiz\/"},"modified":"2026-04-15T03:39:50","modified_gmt":"2026-04-15T00:39:50","slug":"evrendeki-evimiz","status":"publish","type":"product","link":"https:\/\/roveyayinevi.com.tr\/index.php\/urun\/evrendeki-evimiz\/","title":{"rendered":"Evrendeki Evimiz"},"content":{"rendered":"<p>\u00c7ok b\u00fcy\u00fck sand\u0131\u011f\u0131m\u0131z \u015feylerin asl\u0131nda \u00e7ok b\u00fcy\u00fck olmad\u0131\u011f\u0131n\u0131 hatta \u00e7ok \u00e7ok k\u00fc\u00e7\u00fck oldu\u011funu fark etti\u011fimiz anlar vard\u0131r. Bir \u00e7ocu\u011fun \u015fapkas\u0131n\u0131 u\u00e7uran r\u00fczg\u00e2r, ta uzaktan odas\u0131n\u0131 ayd\u0131nlatan G\u00fcne\u015f, pencerelerini kar\u0131\u015ft\u0131rmadan sayamad\u0131\u011f\u0131 g\u00f6kdelen kar\u015f\u0131nda hissetti\u011fi b\u00fcy\u00fckl\u00fck&#8230;  Bu kitap D\u00fcnya\u2019ya dair b\u00f6ylesi bir fark\u0131ndal\u0131\u011f\u0131n ke\u015ffedili\u015f hik\u00e2yesi. Bir \u00e7ocu\u011fun evinden ba\u015flay\u0131p evrene kadar uzanan bir yolculukta alg\u0131lar\u0131, duygular\u0131, d\u00fc\u015f\u00fcnceleri; geni\u015fler, derinle\u015fir, b\u00fcy\u00fcr\u2026 B\u00fcy\u00fckl\u00fck alg\u0131s\u0131na dair \u015fiir tad\u0131nda nefis bir hik\u00e2ye<\/p>\n","protected":false},"excerpt":{"rendered":"<p>\u00c7ok b\u00fcy\u00fck sand\u0131\u011f\u0131m\u0131z \u015feylerin asl\u0131nda \u00e7ok b\u00fcy\u00fck olmad\u0131\u011f\u0131n\u0131 hatta \u00e7ok \u00e7ok k\u00fc\u00e7\u00fck oldu\u011funu fark etti\u011fimiz anlar vard\u0131r. Bir \u00e7ocu\u011fun \u015fapkas\u0131n\u0131 u\u00e7uran r\u00fczg\u00e2r, ta uzaktan odas\u0131n\u0131 ayd\u0131nlatan<span class=\"excerpt-hellip\"> [\u2026]<\/span><\/p>\n","protected":false},"featured_media":0,"template":"","meta":{"_monsterinsights_skip_tracking":false,"_monsterinsights_sitenote_active":false,"_monsterinsights_sitenote_note":"","_monsterinsights_sitenote_category":0},"product_brand":[],"product_cat":[12274,12284],"product_tag":[],"class_list":{"0":"post-777641","1":"product","2":"type-product","3":"status-publish","5":"product_cat-cocuk-ve-genclik-kitaplari","6":"product_cat-hikayeler","7":"pa_cilt-ciltsiz","8":"pa_tur-kitap","9":"pa_yayinevi-erdem-cocuk","10":"pa_yazar-hatice-ugur","12":"first","13":"instock","14":"sale","15":"shipping-taxable","16":"purchasable","17":"product-type-simple"},"_links":{"self":[{"href":"https:\/\/roveyayinevi.com.tr\/index.php\/wp-json\/wp\/v2\/product\/777641","targetHints":{"allow":["GET"]}}],"collection":[{"href":"https:\/\/roveyayinevi.com.tr\/index.php\/wp-json\/wp\/v2\/product"}],"about":[{"href":"https:\/\/roveyayinevi.com.tr\/index.php\/wp-json\/wp\/v2\/types\/product"}],"wp:attachment":[{"href":"https:\/\/roveyayinevi.com.tr\/index.php\/wp-json\/wp\/v2\/media?parent=777641"}],"wp:term":[{"taxonomy":"product_brand","embeddable":true,"href":"https:\/\/roveyayinevi.com.tr\/index.php\/wp-json\/wp\/v2\/product_brand?post=777641"},{"taxonomy":"product_cat","embeddable":true,"href":"https:\/\/roveyayinevi.com.tr\/index.php\/wp-json\/wp\/v2\/product_cat?post=777641"},{"taxonomy":"product_tag","embeddable":true,"href":"https:\/\/roveyayinevi.com.tr\/index.php\/wp-json\/wp\/v2\/product_tag?post=777641"}],"curies":[{"name":"wp","href":"https:\/\/api.w.org\/{rel}","templated":true}]}}